{"id":14154,"date":"2024-11-28T15:20:57","date_gmt":"2024-11-28T15:20:57","guid":{"rendered":"https:\/\/pararepublique.com\/?post_type=product&#038;p=14154"},"modified":"2024-11-28T15:20:57","modified_gmt":"2024-11-28T15:20:57","slug":"skin-biology-serum-retinol","status":"publish","type":"product","link":"https:\/\/pararepublique.com\/index.php\/product\/skin-biology-serum-retinol\/","title":{"rendered":"SKIN BIOLOGY SERUM RETINOL"},"content":{"rendered":"<p>Le s\u00e9rum au r\u00e9tinol est un produit hautement efficace et polyvalent, sp\u00e9cialement con\u00e7u pour traiter les probl\u00e8mes de peau tels que l\u2019acn\u00e9 et les rides. Avec ses propri\u00e9t\u00e9s exceptionnelles, ce s\u00e9rum est devenu un incontournable dans le domaine de la beaut\u00e9 et du soin de la peau.<\/p>\n<p>&nbsp;<\/p>\n","protected":false},"excerpt":{"rendered":"<p>Vitamin E &amp; Olea Europaea Fruit &amp; Punica Granatum Fruit<br \/>\nEn finir une bonne fois pour toute avec les imperfections!<\/p>\n<p><strong>Produit d\u00e9conseill\u00e9 aux femmes enceintes.<\/strong><\/p>\n","protected":false},"featured_media":14155,"comment_status":"open","ping_status":"closed","template":"","meta":{"inline_featured_image":false,"_monsterinsights_skip_tracking":false,"_monsterinsights_sitenote_active":false,"_monsterinsights_sitenote_note":"","_monsterinsights_sitenote_category":0,"_joinchat":[]},"product_cat":[131],"product_tag":[],"class_list":{"0":"post-14154","1":"product","2":"type-product","3":"status-publish","4":"has-post-thumbnail","6":"product_cat-skin-biology","8":"first","9":"instock","10":"shipping-taxable","11":"purchasable","12":"product-type-simple","13":"add-to-wishlist-after_add_to_cart"},"aioseo_notices":[],"_links":{"self":[{"href":"https:\/\/pararepublique.com\/index.php\/wp-json\/wp\/v2\/product\/14154","targetHints":{"allow":["GET"]}}],"collection":[{"href":"https:\/\/pararepublique.com\/index.php\/wp-json\/wp\/v2\/product"}],"about":[{"href":"https:\/\/pararepublique.com\/index.php\/wp-json\/wp\/v2\/types\/product"}],"replies":[{"embeddable":true,"href":"https:\/\/pararepublique.com\/index.php\/wp-json\/wp\/v2\/comments?post=14154"}],"version-history":[{"count":1,"href":"https:\/\/pararepublique.com\/index.php\/wp-json\/wp\/v2\/product\/14154\/revisions"}],"predecessor-version":[{"id":14156,"href":"https:\/\/pararepublique.com\/index.php\/wp-json\/wp\/v2\/product\/14154\/revisions\/14156"}],"wp:featuredmedia":[{"embeddable":true,"href":"https:\/\/pararepublique.com\/index.php\/wp-json\/wp\/v2\/media\/14155"}],"wp:attachment":[{"href":"https:\/\/pararepublique.com\/index.php\/wp-json\/wp\/v2\/media?parent=14154"}],"wp:term":[{"taxonomy":"product_cat","embeddable":true,"href":"https:\/\/pararepublique.com\/index.php\/wp-json\/wp\/v2\/product_cat?post=14154"},{"taxonomy":"product_tag","embeddable":true,"href":"https:\/\/pararepublique.com\/index.php\/wp-json\/wp\/v2\/product_tag?post=14154"}],"curies":[{"name":"wp","href":"https:\/\/api.w.org\/{rel}","templated":true}]}}