{"id":14160,"date":"2024-11-28T15:27:43","date_gmt":"2024-11-28T15:27:43","guid":{"rendered":"https:\/\/pararepublique.com\/?post_type=product&#038;p=14160"},"modified":"2024-11-28T15:27:43","modified_gmt":"2024-11-28T15:27:43","slug":"skin-biology-vitamin-c-lotion-purif","status":"publish","type":"product","link":"https:\/\/pararepublique.com\/index.php\/product\/skin-biology-vitamin-c-lotion-purif\/","title":{"rendered":"SKIN BIOLOGY VITAMIN C LOTION PURIF"},"content":{"rendered":"<p>La lotion tonique \u00e0 la vitamine C est un produit de beaut\u00e9 rafra\u00eechissant et revitalisant con\u00e7u pour apporter \u00e9clat et vitalit\u00e9 \u00e0 votre peau. Cette lotion tonique est formul\u00e9e avec soin pour offrir des bienfaits puissants de la vitamine C, reconnue pour ses propri\u00e9t\u00e9s antioxydantes et \u00e9claircissantes.<br \/>\nD\u00e8s que vous appliquez cette lotion tonique sur votre visage, vous ressentez une sensation de fra\u00eecheur agr\u00e9able. Sa texture l\u00e9g\u00e8re et non collante p\u00e9n\u00e8tre rapidement dans la peau, la laissant douce, lisse et hydrat\u00e9e.<\/p>\n<p>&nbsp;<\/p>\n","protected":false},"excerpt":{"rendered":"<p>Prendre soin de son visage au quotidien est le meilleur alli\u00e9 pour une peau rayonnante. D\u00e9couvrez nos produits de soins doux et efficaces pour une routine compl\u00e8te.<\/p>\n","protected":false},"featured_media":14161,"comment_status":"open","ping_status":"closed","template":"","meta":{"inline_featured_image":false,"_monsterinsights_skip_tracking":false,"_monsterinsights_sitenote_active":false,"_monsterinsights_sitenote_note":"","_monsterinsights_sitenote_category":0,"_joinchat":[]},"product_cat":[131],"product_tag":[],"class_list":{"0":"post-14160","1":"product","2":"type-product","3":"status-publish","4":"has-post-thumbnail","6":"product_cat-skin-biology","8":"first","9":"instock","10":"shipping-taxable","11":"purchasable","12":"product-type-simple","13":"add-to-wishlist-after_add_to_cart"},"aioseo_notices":[],"_links":{"self":[{"href":"https:\/\/pararepublique.com\/index.php\/wp-json\/wp\/v2\/product\/14160","targetHints":{"allow":["GET"]}}],"collection":[{"href":"https:\/\/pararepublique.com\/index.php\/wp-json\/wp\/v2\/product"}],"about":[{"href":"https:\/\/pararepublique.com\/index.php\/wp-json\/wp\/v2\/types\/product"}],"replies":[{"embeddable":true,"href":"https:\/\/pararepublique.com\/index.php\/wp-json\/wp\/v2\/comments?post=14160"}],"version-history":[{"count":1,"href":"https:\/\/pararepublique.com\/index.php\/wp-json\/wp\/v2\/product\/14160\/revisions"}],"predecessor-version":[{"id":14162,"href":"https:\/\/pararepublique.com\/index.php\/wp-json\/wp\/v2\/product\/14160\/revisions\/14162"}],"wp:featuredmedia":[{"embeddable":true,"href":"https:\/\/pararepublique.com\/index.php\/wp-json\/wp\/v2\/media\/14161"}],"wp:attachment":[{"href":"https:\/\/pararepublique.com\/index.php\/wp-json\/wp\/v2\/media?parent=14160"}],"wp:term":[{"taxonomy":"product_cat","embeddable":true,"href":"https:\/\/pararepublique.com\/index.php\/wp-json\/wp\/v2\/product_cat?post=14160"},{"taxonomy":"product_tag","embeddable":true,"href":"https:\/\/pararepublique.com\/index.php\/wp-json\/wp\/v2\/product_tag?post=14160"}],"curies":[{"name":"wp","href":"https:\/\/api.w.org\/{rel}","templated":true}]}}