{"id":14166,"date":"2024-11-28T15:32:53","date_gmt":"2024-11-28T15:32:53","guid":{"rendered":"https:\/\/pararepublique.com\/?post_type=product&#038;p=14166"},"modified":"2024-11-28T15:32:53","modified_gmt":"2024-11-28T15:32:53","slug":"skin-biology-pack-glow-and-goser","status":"publish","type":"product","link":"https:\/\/pararepublique.com\/index.php\/product\/skin-biology-pack-glow-and-goser\/","title":{"rendered":"SKIN BIOLOGY PACK GLOW AND GO+SER"},"content":{"rendered":"<div class=\"woocommerce-product-details__short-description\">\n<p>Prendre soin de son visage au quotidien est le meilleur alli\u00e9 pour une peau rayonnante. D\u00e9couvrez nos produits de soins doux et efficaces pour une routine compl\u00e8te.<\/p>\n<\/div>\n","protected":false},"excerpt":{"rendered":"<p>Le pack est compos\u00e9 du gel nettoyant, de la lotion et de la cr\u00e8me hydratante.<\/p>\n","protected":false},"featured_media":14167,"comment_status":"open","ping_status":"closed","template":"","meta":{"inline_featured_image":false,"_monsterinsights_skip_tracking":false,"_monsterinsights_sitenote_active":false,"_monsterinsights_sitenote_note":"","_monsterinsights_sitenote_category":0,"_joinchat":[]},"product_cat":[131],"product_tag":[],"class_list":{"0":"post-14166","1":"product","2":"type-product","3":"status-publish","4":"has-post-thumbnail","6":"product_cat-skin-biology","8":"first","9":"instock","10":"shipping-taxable","11":"purchasable","12":"product-type-simple","13":"add-to-wishlist-after_add_to_cart"},"aioseo_notices":[],"_links":{"self":[{"href":"https:\/\/pararepublique.com\/index.php\/wp-json\/wp\/v2\/product\/14166","targetHints":{"allow":["GET"]}}],"collection":[{"href":"https:\/\/pararepublique.com\/index.php\/wp-json\/wp\/v2\/product"}],"about":[{"href":"https:\/\/pararepublique.com\/index.php\/wp-json\/wp\/v2\/types\/product"}],"replies":[{"embeddable":true,"href":"https:\/\/pararepublique.com\/index.php\/wp-json\/wp\/v2\/comments?post=14166"}],"version-history":[{"count":1,"href":"https:\/\/pararepublique.com\/index.php\/wp-json\/wp\/v2\/product\/14166\/revisions"}],"predecessor-version":[{"id":14168,"href":"https:\/\/pararepublique.com\/index.php\/wp-json\/wp\/v2\/product\/14166\/revisions\/14168"}],"wp:featuredmedia":[{"embeddable":true,"href":"https:\/\/pararepublique.com\/index.php\/wp-json\/wp\/v2\/media\/14167"}],"wp:attachment":[{"href":"https:\/\/pararepublique.com\/index.php\/wp-json\/wp\/v2\/media?parent=14166"}],"wp:term":[{"taxonomy":"product_cat","embeddable":true,"href":"https:\/\/pararepublique.com\/index.php\/wp-json\/wp\/v2\/product_cat?post=14166"},{"taxonomy":"product_tag","embeddable":true,"href":"https:\/\/pararepublique.com\/index.php\/wp-json\/wp\/v2\/product_tag?post=14166"}],"curies":[{"name":"wp","href":"https:\/\/api.w.org\/{rel}","templated":true}]}}