{"id":14171,"date":"2024-12-02T11:42:17","date_gmt":"2024-12-02T11:42:17","guid":{"rendered":"https:\/\/pararepublique.com\/?post_type=product&#038;p=14171"},"modified":"2024-12-02T11:42:18","modified_gmt":"2024-12-02T11:42:18","slug":"biberon-ctn-150ml-0m","status":"publish","type":"product","link":"https:\/\/pararepublique.com\/index.php\/product\/biberon-ctn-150ml-0m\/","title":{"rendered":"BIBERON CTN 150ML 0M+"},"content":{"rendered":"<p>Le\u00a0<strong>biberon en verre de Tommee Tippee<\/strong>\u00a0\u00a0respecte l\u2019environnement et est naturellement sans BPA, phthalates et toxines. Il a une meilleure r\u00e9sistance aux t\u00e2ches et il est facile \u00e0 nettoyer et st\u00e9riliser. Sa t\u00e9tine est naturelle comme le sein de maman. Ce biberon en verre de Tommee Tippee est dot\u00e9 d\u2019une t\u00e9tine souple \u00e0 d\u00e9bit lent pour une transition en douceur entre le sein et le biberon. La t\u00e9t\u00e9e est plus confortable gr\u00e2ce \u00e0 la valve super sensible et la t\u00e9tine \u00e0 d\u00e9bit lent pour que b\u00e9b\u00e9 aspire moins d\u2019air. Biberon facile \u00e0 saisir, sans BPA. Gr\u00e2ce \u00e0 leur forme compacte con\u00e7ue pour une prise en main des plus naturelles pendant la t\u00e9t\u00e9e, les biberons Naturellement plus confortable permettent un allaitement au plus proche de vous.<\/p>\n<p>Compatible avec toutes les t\u00e9tines Easi Vent (n\u2019est pas compatible avec les t\u00e9tines anti-colique).<\/p>\n<p>&nbsp;<\/p>\n","protected":false},"excerpt":{"rendered":"<ul class=\"listebulletpoint\">\n<li><strong>Eco-responsable<\/strong><\/li>\n<li><strong>T\u00e9tine souple en Silicone qui imite la forme du sein<\/strong><\/li>\n<li><strong>Valve EASI-VENT\u2122 Super-sensible<\/strong><\/li>\n<\/ul>\n","protected":false},"featured_media":14172,"comment_status":"open","ping_status":"closed","template":"","meta":{"inline_featured_image":false,"_monsterinsights_skip_tracking":false,"_monsterinsights_sitenote_active":false,"_monsterinsights_sitenote_note":"","_monsterinsights_sitenote_category":0,"_joinchat":[]},"product_cat":[151],"product_tag":[],"class_list":{"0":"post-14171","1":"product","2":"type-product","3":"status-publish","4":"has-post-thumbnail","6":"product_cat-chicco","8":"first","9":"instock","10":"shipping-taxable","11":"purchasable","12":"product-type-simple","13":"add-to-wishlist-after_add_to_cart"},"aioseo_notices":[],"_links":{"self":[{"href":"https:\/\/pararepublique.com\/index.php\/wp-json\/wp\/v2\/product\/14171","targetHints":{"allow":["GET"]}}],"collection":[{"href":"https:\/\/pararepublique.com\/index.php\/wp-json\/wp\/v2\/product"}],"about":[{"href":"https:\/\/pararepublique.com\/index.php\/wp-json\/wp\/v2\/types\/product"}],"replies":[{"embeddable":true,"href":"https:\/\/pararepublique.com\/index.php\/wp-json\/wp\/v2\/comments?post=14171"}],"version-history":[{"count":1,"href":"https:\/\/pararepublique.com\/index.php\/wp-json\/wp\/v2\/product\/14171\/revisions"}],"predecessor-version":[{"id":14173,"href":"https:\/\/pararepublique.com\/index.php\/wp-json\/wp\/v2\/product\/14171\/revisions\/14173"}],"wp:featuredmedia":[{"embeddable":true,"href":"https:\/\/pararepublique.com\/index.php\/wp-json\/wp\/v2\/media\/14172"}],"wp:attachment":[{"href":"https:\/\/pararepublique.com\/index.php\/wp-json\/wp\/v2\/media?parent=14171"}],"wp:term":[{"taxonomy":"product_cat","embeddable":true,"href":"https:\/\/pararepublique.com\/index.php\/wp-json\/wp\/v2\/product_cat?post=14171"},{"taxonomy":"product_tag","embeddable":true,"href":"https:\/\/pararepublique.com\/index.php\/wp-json\/wp\/v2\/product_tag?post=14171"}],"curies":[{"name":"wp","href":"https:\/\/api.w.org\/{rel}","templated":true}]}}