{"id":14177,"date":"2024-12-02T11:52:46","date_gmt":"2024-12-02T11:52:46","guid":{"rendered":"https:\/\/pararepublique.com\/?post_type=product&#038;p=14177"},"modified":"2024-12-02T11:52:46","modified_gmt":"2024-12-02T11:52:46","slug":"chicco-bib-en-verre-240ml-latex-om","status":"publish","type":"product","link":"https:\/\/pararepublique.com\/index.php\/product\/chicco-bib-en-verre-240ml-latex-om\/","title":{"rendered":"CHICCO BIB EN VERRE 240ML LATEX OM+"},"content":{"rendered":"<p>Con\u00e7ue pour vous simplifier la vie. Prot\u00e8ge des coliques et des r\u00e9gurgitations. T\u00e9tine physiologique interchangeable en silicone. avec syst\u00e8me avanc\u00e9 anti-colique.<\/p>\n","protected":false},"excerpt":{"rendered":"<p>Biberon Well-Being 240ml.<\/p>\n","protected":false},"featured_media":14178,"comment_status":"open","ping_status":"closed","template":"","meta":{"inline_featured_image":false,"_monsterinsights_skip_tracking":false,"_monsterinsights_sitenote_active":false,"_monsterinsights_sitenote_note":"","_monsterinsights_sitenote_category":0,"_joinchat":[]},"product_cat":[151],"product_tag":[],"class_list":{"0":"post-14177","1":"product","2":"type-product","3":"status-publish","4":"has-post-thumbnail","6":"product_cat-chicco","8":"first","9":"instock","10":"shipping-taxable","11":"purchasable","12":"product-type-simple","13":"add-to-wishlist-after_add_to_cart"},"aioseo_notices":[],"_links":{"self":[{"href":"https:\/\/pararepublique.com\/index.php\/wp-json\/wp\/v2\/product\/14177","targetHints":{"allow":["GET"]}}],"collection":[{"href":"https:\/\/pararepublique.com\/index.php\/wp-json\/wp\/v2\/product"}],"about":[{"href":"https:\/\/pararepublique.com\/index.php\/wp-json\/wp\/v2\/types\/product"}],"replies":[{"embeddable":true,"href":"https:\/\/pararepublique.com\/index.php\/wp-json\/wp\/v2\/comments?post=14177"}],"version-history":[{"count":1,"href":"https:\/\/pararepublique.com\/index.php\/wp-json\/wp\/v2\/product\/14177\/revisions"}],"predecessor-version":[{"id":14179,"href":"https:\/\/pararepublique.com\/index.php\/wp-json\/wp\/v2\/product\/14177\/revisions\/14179"}],"wp:featuredmedia":[{"embeddable":true,"href":"https:\/\/pararepublique.com\/index.php\/wp-json\/wp\/v2\/media\/14178"}],"wp:attachment":[{"href":"https:\/\/pararepublique.com\/index.php\/wp-json\/wp\/v2\/media?parent=14177"}],"wp:term":[{"taxonomy":"product_cat","embeddable":true,"href":"https:\/\/pararepublique.com\/index.php\/wp-json\/wp\/v2\/product_cat?post=14177"},{"taxonomy":"product_tag","embeddable":true,"href":"https:\/\/pararepublique.com\/index.php\/wp-json\/wp\/v2\/product_tag?post=14177"}],"curies":[{"name":"wp","href":"https:\/\/api.w.org\/{rel}","templated":true}]}}