{"id":14180,"date":"2024-12-02T11:56:59","date_gmt":"2024-12-02T11:56:59","guid":{"rendered":"https:\/\/pararepublique.com\/?post_type=product&#038;p=14180"},"modified":"2024-12-02T11:57:00","modified_gmt":"2024-12-02T11:57:00","slug":"chicco-bib-en-verre-deco-150ml-sil-rose","status":"publish","type":"product","link":"https:\/\/pararepublique.com\/index.php\/product\/chicco-bib-en-verre-deco-150ml-sil-rose\/","title":{"rendered":"CHICCO BIB EN VERRE DECO 150ML SIL ROSE"},"content":{"rendered":"<div class=\"row\">\n<div class=\"col custom_mb20\">\n<ul class=\"list-style description-section\">\n<li>Reproduit la fa\u00e7on instinctive dont le b\u00e9b\u00e9 se nourrit. Il est id\u00e9al pour faciliter la transition du sein au biberon.<\/li>\n<li>Ce biberon anticolique semblable \u00e0 un sein pr\u00e9sente une forme, un toucher et une fonction con\u00e7us pour imiter l&rsquo;allaitement maternel. Il reproduit les mouvements de succion et de prise du b\u00e9b\u00e9 en fonction de son stade de croissance, comme au sein.<\/li>\n<li>La t\u00e9tine coud\u00e9e et la forme large ressemblant \u00e0 celle d&rsquo;un sein favorisent la prise au creux du bras naturelle pendant l&rsquo;allaitement et sont id\u00e9ales pour l&rsquo;allaitement mixte.<\/li>\n<li>Prise du biberon facile : La base arrondie large et le silicone hygi\u00e9nique Soft Sense procurent une sensation famili\u00e8re et une prise de biberon naturelle pendant la t\u00e9t\u00e9e.<\/li>\n<li>96 % des b\u00e9b\u00e9s acceptent imm\u00e9diatement le biberon*. *Test de consommation sur 50 mamans et b\u00e9b\u00e9s de 0 \u00e0 3 mois, Italie, 2016.<\/li>\n<li>Les doubles valves anti-coliques, combin\u00e9es au d\u00e9bit qui imite celui du sein, emp\u00eachent l&rsquo;ingestion d&rsquo;air et contribuent \u00e0 r\u00e9duire les r\u00e9gurgitations et les coliques.<\/li>\n<\/ul>\n<\/div>\n<\/div>\n","protected":false},"excerpt":{"rendered":"<p>Le biberon NaturalFeeling est disponible dans deux mat\u00e9riaux : verre (150 ml et 250 ml) et plastique (150 ml, 250 ml, 330 ml). Il existe en 3 couleurs diff\u00e9rentes : gris, bleu clair et rose.<\/p>\n","protected":false},"featured_media":14181,"comment_status":"open","ping_status":"closed","template":"","meta":{"inline_featured_image":false,"_monsterinsights_skip_tracking":false,"_monsterinsights_sitenote_active":false,"_monsterinsights_sitenote_note":"","_monsterinsights_sitenote_category":0,"_joinchat":[]},"product_cat":[151],"product_tag":[],"class_list":{"0":"post-14180","1":"product","2":"type-product","3":"status-publish","4":"has-post-thumbnail","6":"product_cat-chicco","8":"first","9":"instock","10":"shipping-taxable","11":"purchasable","12":"product-type-simple","13":"add-to-wishlist-after_add_to_cart"},"aioseo_notices":[],"_links":{"self":[{"href":"https:\/\/pararepublique.com\/index.php\/wp-json\/wp\/v2\/product\/14180","targetHints":{"allow":["GET"]}}],"collection":[{"href":"https:\/\/pararepublique.com\/index.php\/wp-json\/wp\/v2\/product"}],"about":[{"href":"https:\/\/pararepublique.com\/index.php\/wp-json\/wp\/v2\/types\/product"}],"replies":[{"embeddable":true,"href":"https:\/\/pararepublique.com\/index.php\/wp-json\/wp\/v2\/comments?post=14180"}],"version-history":[{"count":2,"href":"https:\/\/pararepublique.com\/index.php\/wp-json\/wp\/v2\/product\/14180\/revisions"}],"predecessor-version":[{"id":14183,"href":"https:\/\/pararepublique.com\/index.php\/wp-json\/wp\/v2\/product\/14180\/revisions\/14183"}],"wp:featuredmedia":[{"embeddable":true,"href":"https:\/\/pararepublique.com\/index.php\/wp-json\/wp\/v2\/media\/14181"}],"wp:attachment":[{"href":"https:\/\/pararepublique.com\/index.php\/wp-json\/wp\/v2\/media?parent=14180"}],"wp:term":[{"taxonomy":"product_cat","embeddable":true,"href":"https:\/\/pararepublique.com\/index.php\/wp-json\/wp\/v2\/product_cat?post=14180"},{"taxonomy":"product_tag","embeddable":true,"href":"https:\/\/pararepublique.com\/index.php\/wp-json\/wp\/v2\/product_tag?post=14180"}],"curies":[{"name":"wp","href":"https:\/\/api.w.org\/{rel}","templated":true}]}}