{"id":14190,"date":"2024-12-02T12:11:43","date_gmt":"2024-12-02T12:11:43","guid":{"rendered":"https:\/\/pararepublique.com\/?post_type=product&#038;p=14190"},"modified":"2024-12-02T12:11:43","modified_gmt":"2024-12-02T12:11:43","slug":"chicco-bib-en-verre-latex-bleu-240ml","status":"publish","type":"product","link":"https:\/\/pararepublique.com\/index.php\/product\/chicco-bib-en-verre-latex-bleu-240ml\/","title":{"rendered":"CHICCO BIB EN VERRE LATEX BLEU 240ML"},"content":{"rendered":"<p>Le\u00a0<strong>Biberon en Verre 240 ml de Chicco<\/strong>\u00a0de la collection Benessere est parfait pour les m\u00e8res amusantes et \u00e9nergiques et transforme la bouille dans un moment amusant et color\u00e9. Le biberon, en effet, pr\u00e9sente des d\u00e9corations amusantes.<\/p>\n","protected":false},"excerpt":{"rendered":"<div id=\"product-details\">\n<ul>\n<li>Verre transparent, sans BPA<\/li>\n<li>T\u00e9tine avec valve anti-colique qui r\u00e9duit le risque des coliques<\/li>\n<li>Pratique \u00e0 nettoyer et st\u00e9riliser<\/li>\n<\/ul>\n<\/div>\n","protected":false},"featured_media":14191,"comment_status":"open","ping_status":"closed","template":"","meta":{"inline_featured_image":false,"_monsterinsights_skip_tracking":false,"_monsterinsights_sitenote_active":false,"_monsterinsights_sitenote_note":"","_monsterinsights_sitenote_category":0,"_joinchat":[]},"product_cat":[151],"product_tag":[],"class_list":{"0":"post-14190","1":"product","2":"type-product","3":"status-publish","4":"has-post-thumbnail","6":"product_cat-chicco","8":"first","9":"instock","10":"shipping-taxable","11":"purchasable","12":"product-type-simple","13":"add-to-wishlist-after_add_to_cart"},"aioseo_notices":[],"_links":{"self":[{"href":"https:\/\/pararepublique.com\/index.php\/wp-json\/wp\/v2\/product\/14190","targetHints":{"allow":["GET"]}}],"collection":[{"href":"https:\/\/pararepublique.com\/index.php\/wp-json\/wp\/v2\/product"}],"about":[{"href":"https:\/\/pararepublique.com\/index.php\/wp-json\/wp\/v2\/types\/product"}],"replies":[{"embeddable":true,"href":"https:\/\/pararepublique.com\/index.php\/wp-json\/wp\/v2\/comments?post=14190"}],"version-history":[{"count":1,"href":"https:\/\/pararepublique.com\/index.php\/wp-json\/wp\/v2\/product\/14190\/revisions"}],"predecessor-version":[{"id":14192,"href":"https:\/\/pararepublique.com\/index.php\/wp-json\/wp\/v2\/product\/14190\/revisions\/14192"}],"wp:featuredmedia":[{"embeddable":true,"href":"https:\/\/pararepublique.com\/index.php\/wp-json\/wp\/v2\/media\/14191"}],"wp:attachment":[{"href":"https:\/\/pararepublique.com\/index.php\/wp-json\/wp\/v2\/media?parent=14190"}],"wp:term":[{"taxonomy":"product_cat","embeddable":true,"href":"https:\/\/pararepublique.com\/index.php\/wp-json\/wp\/v2\/product_cat?post=14190"},{"taxonomy":"product_tag","embeddable":true,"href":"https:\/\/pararepublique.com\/index.php\/wp-json\/wp\/v2\/product_tag?post=14190"}],"curies":[{"name":"wp","href":"https:\/\/api.w.org\/{rel}","templated":true}]}}