{"id":14199,"date":"2024-12-02T12:25:53","date_gmt":"2024-12-02T12:25:53","guid":{"rendered":"https:\/\/pararepublique.com\/?post_type=product&#038;p=14199"},"modified":"2024-12-02T12:25:54","modified_gmt":"2024-12-02T12:25:54","slug":"chicco-bib-latex-bleu-330ml","status":"publish","type":"product","link":"https:\/\/pararepublique.com\/index.php\/product\/chicco-bib-latex-bleu-330ml\/","title":{"rendered":"CHICCO BIB LATEX BLEU 330ML"},"content":{"rendered":"<p>C&rsquo;est le biberon id\u00e9al pour les b\u00e9b\u00e9s. Gr\u00e2ce \u00e0 la nouvelle t\u00e9tine physiologique anti-coliques, b\u00e9b\u00e9 peut boire \u00e0 son propre rythme, la t\u00e9t\u00e9e sera instinctive et naturelle. Il est facile \u00e0 utiliser avec sa fermeture s\u00e9curis\u00e9e et son large col, il est rapide \u00e0 remplir et facile \u00e0 nettoyer. La forme ergonomique du biberon facilite la t\u00e9t\u00e9e, tant pour les parents que pour les b\u00e9b\u00e9s.<\/p>\n","protected":false},"excerpt":{"rendered":"<p>La forme ergonomique du biberon facilite la t\u00e9t\u00e9e, tant pour les parents que pour les b\u00e9b\u00e9s.<\/p>\n","protected":false},"featured_media":14200,"comment_status":"open","ping_status":"closed","template":"","meta":{"inline_featured_image":false,"_monsterinsights_skip_tracking":false,"_monsterinsights_sitenote_active":false,"_monsterinsights_sitenote_note":"","_monsterinsights_sitenote_category":0,"_joinchat":[]},"product_cat":[151],"product_tag":[],"class_list":{"0":"post-14199","1":"product","2":"type-product","3":"status-publish","4":"has-post-thumbnail","6":"product_cat-chicco","8":"first","9":"instock","10":"shipping-taxable","11":"purchasable","12":"product-type-simple","13":"add-to-wishlist-after_add_to_cart"},"aioseo_notices":[],"_links":{"self":[{"href":"https:\/\/pararepublique.com\/index.php\/wp-json\/wp\/v2\/product\/14199","targetHints":{"allow":["GET"]}}],"collection":[{"href":"https:\/\/pararepublique.com\/index.php\/wp-json\/wp\/v2\/product"}],"about":[{"href":"https:\/\/pararepublique.com\/index.php\/wp-json\/wp\/v2\/types\/product"}],"replies":[{"embeddable":true,"href":"https:\/\/pararepublique.com\/index.php\/wp-json\/wp\/v2\/comments?post=14199"}],"version-history":[{"count":2,"href":"https:\/\/pararepublique.com\/index.php\/wp-json\/wp\/v2\/product\/14199\/revisions"}],"predecessor-version":[{"id":14202,"href":"https:\/\/pararepublique.com\/index.php\/wp-json\/wp\/v2\/product\/14199\/revisions\/14202"}],"wp:featuredmedia":[{"embeddable":true,"href":"https:\/\/pararepublique.com\/index.php\/wp-json\/wp\/v2\/media\/14200"}],"wp:attachment":[{"href":"https:\/\/pararepublique.com\/index.php\/wp-json\/wp\/v2\/media?parent=14199"}],"wp:term":[{"taxonomy":"product_cat","embeddable":true,"href":"https:\/\/pararepublique.com\/index.php\/wp-json\/wp\/v2\/product_cat?post=14199"},{"taxonomy":"product_tag","embeddable":true,"href":"https:\/\/pararepublique.com\/index.php\/wp-json\/wp\/v2\/product_tag?post=14199"}],"curies":[{"name":"wp","href":"https:\/\/api.w.org\/{rel}","templated":true}]}}