{"id":14203,"date":"2024-12-02T12:29:53","date_gmt":"2024-12-02T12:29:53","guid":{"rendered":"https:\/\/pararepublique.com\/?post_type=product&#038;p=14203"},"modified":"2024-12-02T12:29:54","modified_gmt":"2024-12-02T12:29:54","slug":"chicco-bib-latex-plastic-33oml-rose","status":"publish","type":"product","link":"https:\/\/pararepublique.com\/index.php\/product\/chicco-bib-latex-plastic-33oml-rose\/","title":{"rendered":"CHICCO BIB LATEX PLASTIC 33OML ROSE"},"content":{"rendered":"","protected":false},"excerpt":{"rendered":"<p>Biberon en pp (polypropyl\u00e8ne) de 330 ml, joliment d\u00e9cor\u00e9 et avec capuchon anti-fuite<br \/>\nT\u00e9tine physiologique en silicone avec valve anti-colique, flux rapide<br \/>\nCol large pour un nettoyage et un remplissage simplifi\u00e9s<\/p>\n","protected":false},"featured_media":14204,"comment_status":"open","ping_status":"closed","template":"","meta":{"inline_featured_image":false,"_monsterinsights_skip_tracking":false,"_monsterinsights_sitenote_active":false,"_monsterinsights_sitenote_note":"","_monsterinsights_sitenote_category":0,"_joinchat":[]},"product_cat":[151],"product_tag":[],"class_list":{"0":"post-14203","1":"product","2":"type-product","3":"status-publish","4":"has-post-thumbnail","6":"product_cat-chicco","8":"first","9":"instock","10":"shipping-taxable","11":"purchasable","12":"product-type-simple","13":"add-to-wishlist-after_add_to_cart"},"aioseo_notices":[],"_links":{"self":[{"href":"https:\/\/pararepublique.com\/index.php\/wp-json\/wp\/v2\/product\/14203","targetHints":{"allow":["GET"]}}],"collection":[{"href":"https:\/\/pararepublique.com\/index.php\/wp-json\/wp\/v2\/product"}],"about":[{"href":"https:\/\/pararepublique.com\/index.php\/wp-json\/wp\/v2\/types\/product"}],"replies":[{"embeddable":true,"href":"https:\/\/pararepublique.com\/index.php\/wp-json\/wp\/v2\/comments?post=14203"}],"version-history":[{"count":1,"href":"https:\/\/pararepublique.com\/index.php\/wp-json\/wp\/v2\/product\/14203\/revisions"}],"predecessor-version":[{"id":14205,"href":"https:\/\/pararepublique.com\/index.php\/wp-json\/wp\/v2\/product\/14203\/revisions\/14205"}],"wp:featuredmedia":[{"embeddable":true,"href":"https:\/\/pararepublique.com\/index.php\/wp-json\/wp\/v2\/media\/14204"}],"wp:attachment":[{"href":"https:\/\/pararepublique.com\/index.php\/wp-json\/wp\/v2\/media?parent=14203"}],"wp:term":[{"taxonomy":"product_cat","embeddable":true,"href":"https:\/\/pararepublique.com\/index.php\/wp-json\/wp\/v2\/product_cat?post=14203"},{"taxonomy":"product_tag","embeddable":true,"href":"https:\/\/pararepublique.com\/index.php\/wp-json\/wp\/v2\/product_tag?post=14203"}],"curies":[{"name":"wp","href":"https:\/\/api.w.org\/{rel}","templated":true}]}}