{"id":14213,"date":"2024-12-02T12:49:31","date_gmt":"2024-12-02T12:49:31","guid":{"rendered":"https:\/\/pararepublique.com\/?post_type=product&#038;p=14213"},"modified":"2024-12-02T12:49:31","modified_gmt":"2024-12-02T12:49:31","slug":"chicco-bib-perfect","status":"publish","type":"product","link":"https:\/\/pararepublique.com\/index.php\/product\/chicco-bib-perfect\/","title":{"rendered":"CHICCO BIB PERFECT"},"content":{"rendered":"<div id=\"description\" class=\"tab-pane in active\">\n<div class=\"product-description\">\n<div class=\"rte-content\">\n<p>Le Biberon Chicco Perfect 5 est le biberon qui s\u2019adapte naturellement \u00e0 tous les exigences de chaque enfant.<\/p>\n<p>Le syst\u00e8me innovant Intui-flow est une combinaison parfaite entre la t\u00e9tine Physio e des valves qui se trouvent \u00e0 la base du biberon ce syst\u00e8me garantit une r\u00e9duction de l\u2019air ing\u00e9r\u00e9 par le petit, en r\u00e9duisant le risque des coliques.<\/p>\n<p>Les \u00abequilibrium membranes \u00bb \u00e0 la base du biberon permettent \u00e0 l&rsquo;air de p\u00e9n\u00e9trer dans le biberon, sans se m\u00e9langer au lait, \u00e9vitant tout vide. Cette valve s&rsquo;adapte au rythme de succion du nourrisson.<\/p>\n<ul>\n<li>T\u00e9tine en silicone<\/li>\n<li>Bouteille en polypropyl\u00e8ne<\/li>\n<li>Lavable en lave-vaisselle<\/li>\n<\/ul>\n<\/div>\n<\/div>\n<\/div>\n","protected":false},"excerpt":{"rendered":"<div id=\"product-description-short-8363\" class=\"rte-content product-description\">\n<p>Le Biberon Chicco Perfect 5 est le biberon qui s\u2019adapte naturellement \u00e0 tous les exigences de chaque enfant.<\/p>\n<p>Le syst\u00e8me innovant Intui-flow est une combinaison parfaite entre la t\u00e9tine Physio e des valves qui se trouvent \u00e0 la base du biberon ce syst\u00e8me garantit une r\u00e9duction de l\u2019air ing\u00e9r\u00e9 par le petit, en r\u00e9duisant le risque des coliques.<\/p>\n<\/div>\n<div class=\"product-actions js-product-actions\">\n<form id=\"add-to-cart-or-refresh\" action=\"https:\/\/1001para.tn\/panier\" method=\"post\">\n<div class=\"product-variants js-product-variants\"><\/div>\n<div class=\"product-add-to-cart pt-3 js-product-add-to-cart\"><\/div>\n<\/form>\n<\/div>\n","protected":false},"featured_media":14214,"comment_status":"open","ping_status":"closed","template":"","meta":{"inline_featured_image":false,"_monsterinsights_skip_tracking":false,"_monsterinsights_sitenote_active":false,"_monsterinsights_sitenote_note":"","_monsterinsights_sitenote_category":0,"_joinchat":[]},"product_cat":[151],"product_tag":[],"class_list":{"0":"post-14213","1":"product","2":"type-product","3":"status-publish","4":"has-post-thumbnail","6":"product_cat-chicco","8":"first","9":"instock","10":"shipping-taxable","11":"purchasable","12":"product-type-simple","13":"add-to-wishlist-after_add_to_cart"},"aioseo_notices":[],"_links":{"self":[{"href":"https:\/\/pararepublique.com\/index.php\/wp-json\/wp\/v2\/product\/14213","targetHints":{"allow":["GET"]}}],"collection":[{"href":"https:\/\/pararepublique.com\/index.php\/wp-json\/wp\/v2\/product"}],"about":[{"href":"https:\/\/pararepublique.com\/index.php\/wp-json\/wp\/v2\/types\/product"}],"replies":[{"embeddable":true,"href":"https:\/\/pararepublique.com\/index.php\/wp-json\/wp\/v2\/comments?post=14213"}],"version-history":[{"count":1,"href":"https:\/\/pararepublique.com\/index.php\/wp-json\/wp\/v2\/product\/14213\/revisions"}],"predecessor-version":[{"id":14215,"href":"https:\/\/pararepublique.com\/index.php\/wp-json\/wp\/v2\/product\/14213\/revisions\/14215"}],"wp:featuredmedia":[{"embeddable":true,"href":"https:\/\/pararepublique.com\/index.php\/wp-json\/wp\/v2\/media\/14214"}],"wp:attachment":[{"href":"https:\/\/pararepublique.com\/index.php\/wp-json\/wp\/v2\/media?parent=14213"}],"wp:term":[{"taxonomy":"product_cat","embeddable":true,"href":"https:\/\/pararepublique.com\/index.php\/wp-json\/wp\/v2\/product_cat?post=14213"},{"taxonomy":"product_tag","embeddable":true,"href":"https:\/\/pararepublique.com\/index.php\/wp-json\/wp\/v2\/product_tag?post=14213"}],"curies":[{"name":"wp","href":"https:\/\/api.w.org\/{rel}","templated":true}]}}