{"id":14227,"date":"2024-12-04T11:29:57","date_gmt":"2024-12-04T11:29:57","guid":{"rendered":"https:\/\/pararepublique.com\/?post_type=product&#038;p=14227"},"modified":"2024-12-04T11:29:57","modified_gmt":"2024-12-04T11:29:57","slug":"chicco-bib-plast-jaune-latex-250ml","status":"publish","type":"product","link":"https:\/\/pararepublique.com\/index.php\/product\/chicco-bib-plast-jaune-latex-250ml\/","title":{"rendered":"CHICCO BIB PLAST JAUNE LATEX 250ML"},"content":{"rendered":"<ul>\n<li>Ligne EVOLUTION Sans Bisph\u00e9nol A (BPA) Premier Biberon Coud\u00e9 Bien-\u00eatre D\u00e9bit Normal.<\/li>\n<li>La t\u00e9tine Physiologique, gr\u00e2ce \u00e0 sa valve anti colique, permet de r\u00e9duire l&rsquo;ingestion d&rsquo;air durant la t\u00e9t\u00e9e favorisant ainsi la r\u00e9duction des coliques.<\/li>\n<li>Le biberon est en mat\u00e9riau plastique de haute qualit\u00e9 (PES) couleur ambre.<\/li>\n<\/ul>\n","protected":false},"excerpt":{"rendered":"<p>Ligne EVOLUTION Sans Bisph\u00e9nol A (BPA) Premier Biberon Coud\u00e9 Bien-\u00eatre D\u00e9bit Normal.<\/p>\n","protected":false},"featured_media":14229,"comment_status":"open","ping_status":"closed","template":"","meta":{"inline_featured_image":false,"_monsterinsights_skip_tracking":false,"_monsterinsights_sitenote_active":false,"_monsterinsights_sitenote_note":"","_monsterinsights_sitenote_category":0,"_joinchat":[]},"product_cat":[151],"product_tag":[],"class_list":{"0":"post-14227","1":"product","2":"type-product","3":"status-publish","4":"has-post-thumbnail","6":"product_cat-chicco","8":"first","9":"instock","10":"shipping-taxable","11":"purchasable","12":"product-type-simple","13":"add-to-wishlist-after_add_to_cart"},"aioseo_notices":[],"_links":{"self":[{"href":"https:\/\/pararepublique.com\/index.php\/wp-json\/wp\/v2\/product\/14227","targetHints":{"allow":["GET"]}}],"collection":[{"href":"https:\/\/pararepublique.com\/index.php\/wp-json\/wp\/v2\/product"}],"about":[{"href":"https:\/\/pararepublique.com\/index.php\/wp-json\/wp\/v2\/types\/product"}],"replies":[{"embeddable":true,"href":"https:\/\/pararepublique.com\/index.php\/wp-json\/wp\/v2\/comments?post=14227"}],"version-history":[{"count":1,"href":"https:\/\/pararepublique.com\/index.php\/wp-json\/wp\/v2\/product\/14227\/revisions"}],"predecessor-version":[{"id":14230,"href":"https:\/\/pararepublique.com\/index.php\/wp-json\/wp\/v2\/product\/14227\/revisions\/14230"}],"wp:featuredmedia":[{"embeddable":true,"href":"https:\/\/pararepublique.com\/index.php\/wp-json\/wp\/v2\/media\/14229"}],"wp:attachment":[{"href":"https:\/\/pararepublique.com\/index.php\/wp-json\/wp\/v2\/media?parent=14227"}],"wp:term":[{"taxonomy":"product_cat","embeddable":true,"href":"https:\/\/pararepublique.com\/index.php\/wp-json\/wp\/v2\/product_cat?post=14227"},{"taxonomy":"product_tag","embeddable":true,"href":"https:\/\/pararepublique.com\/index.php\/wp-json\/wp\/v2\/product_tag?post=14227"}],"curies":[{"name":"wp","href":"https:\/\/api.w.org\/{rel}","templated":true}]}}