{"id":14237,"date":"2024-12-04T11:47:57","date_gmt":"2024-12-04T11:47:57","guid":{"rendered":"https:\/\/pararepublique.com\/?post_type=product&#038;p=14237"},"modified":"2024-12-04T11:47:57","modified_gmt":"2024-12-04T11:47:57","slug":"14237","status":"publish","type":"product","link":"https:\/\/pararepublique.com\/index.php\/product\/14237\/","title":{"rendered":""},"content":{"rendered":"<p><strong>Chicco\u00a0<\/strong><strong>Biberon\u00a0<\/strong><strong>Well-Being<\/strong><strong> &#8211; 250ml &#8211; T\u00e9tine silicone &#8211; Bleu &#8211; 2M+\u200b<\/strong><\/p>\n<p>Biberon plastique en\u00a0Well-Being (Polypropyl\u00e8ne), mati\u00e8re 0% BPA*<\/p>\n<ul>\n<li>Incassable<\/li>\n<li>D\u00e9cors ludiques et gais<\/li>\n<li>T\u00e9tine physiologique en silicone avec valve anti-colique<\/li>\n<li>Capuchon anti-fuite<\/li>\n<li>Col large pour un nettoyage et un remplissage simplifi\u00e9s<\/li>\n<li>Compatible avec toutes les t\u00e9tines physiologiques Chicco<\/li>\n<\/ul>\n<p>Disponibles \u00e9galement dans diff\u00e9rents coloris en format :<br \/>\n150 ml &#8211; flux variable &#8211; 0m+<br \/>\n330 ml &#8211; flux rapide &#8211; 4m+<\/p>\n<p>*Conform\u00e9ment \u00e0 la r\u00e9glementation en vigueur.<\/p>\n","protected":false},"excerpt":{"rendered":"<p><u><strong>Valve anti-colique :\u00a0<\/strong><\/u>assure un flux d\u2019air constant et r\u00e9gulier pendant la t\u00e9t\u00e9e, r\u00e9duisant ainsi les risques de coliques, de r\u00e9gurgitation et de hoquet<\/p>\n<p><u><strong>Anneaux en relief :<\/strong><\/u>\u00a0augmentent l&rsquo;\u00e9lasticit\u00e9 de la t\u00e9tine tout en reproduisant la sensation du sein maternel<\/p>\n<p><u><strong>Base large :<\/strong><\/u>\u00a0assure un meilleur appui des l\u00e8vres de l&rsquo;enfant et aide la succion<\/p>\n","protected":false},"featured_media":14238,"comment_status":"open","ping_status":"closed","template":"","meta":{"inline_featured_image":false,"_monsterinsights_skip_tracking":false,"_monsterinsights_sitenote_active":false,"_monsterinsights_sitenote_note":"","_monsterinsights_sitenote_category":0,"_joinchat":[]},"product_cat":[151],"product_tag":[],"class_list":{"0":"post-14237","1":"product","2":"type-product","3":"status-publish","4":"has-post-thumbnail","6":"product_cat-chicco","8":"first","9":"instock","10":"shipping-taxable","11":"purchasable","12":"product-type-simple","13":"add-to-wishlist-after_add_to_cart"},"aioseo_notices":[],"_links":{"self":[{"href":"https:\/\/pararepublique.com\/index.php\/wp-json\/wp\/v2\/product\/14237","targetHints":{"allow":["GET"]}}],"collection":[{"href":"https:\/\/pararepublique.com\/index.php\/wp-json\/wp\/v2\/product"}],"about":[{"href":"https:\/\/pararepublique.com\/index.php\/wp-json\/wp\/v2\/types\/product"}],"replies":[{"embeddable":true,"href":"https:\/\/pararepublique.com\/index.php\/wp-json\/wp\/v2\/comments?post=14237"}],"version-history":[{"count":1,"href":"https:\/\/pararepublique.com\/index.php\/wp-json\/wp\/v2\/product\/14237\/revisions"}],"predecessor-version":[{"id":14239,"href":"https:\/\/pararepublique.com\/index.php\/wp-json\/wp\/v2\/product\/14237\/revisions\/14239"}],"wp:featuredmedia":[{"embeddable":true,"href":"https:\/\/pararepublique.com\/index.php\/wp-json\/wp\/v2\/media\/14238"}],"wp:attachment":[{"href":"https:\/\/pararepublique.com\/index.php\/wp-json\/wp\/v2\/media?parent=14237"}],"wp:term":[{"taxonomy":"product_cat","embeddable":true,"href":"https:\/\/pararepublique.com\/index.php\/wp-json\/wp\/v2\/product_cat?post=14237"},{"taxonomy":"product_tag","embeddable":true,"href":"https:\/\/pararepublique.com\/index.php\/wp-json\/wp\/v2\/product_tag?post=14237"}],"curies":[{"name":"wp","href":"https:\/\/api.w.org\/{rel}","templated":true}]}}