{"id":14244,"date":"2024-12-04T11:54:36","date_gmt":"2024-12-04T11:54:36","guid":{"rendered":"https:\/\/pararepublique.com\/?post_type=product&#038;p=14244"},"modified":"2024-12-04T11:54:36","modified_gmt":"2024-12-04T11:54:36","slug":"chicco-bib-plast-sil-240ml","status":"publish","type":"product","link":"https:\/\/pararepublique.com\/index.php\/product\/chicco-bib-plast-sil-240ml\/","title":{"rendered":"CHICCO BIB PLAST SIL 240ML"},"content":{"rendered":"","protected":false},"excerpt":{"rendered":"<p>Le biberon plastique 240 ML en silicone CHICCO a \u00e9t\u00e9 con\u00e7u pour d\u00e9velopper l&rsquo;autonomie chez l&rsquo;enfant gr\u00e2ce a la bouteille de forme ergonomique avec une double poign\u00e9e int\u00e9gr\u00e9e , il est dot\u00e9 d&rsquo;une t\u00e9tine physiologique en Latex avec valve anti-colique<\/p>\n","protected":false},"featured_media":14245,"comment_status":"open","ping_status":"closed","template":"","meta":{"inline_featured_image":false,"_monsterinsights_skip_tracking":false,"_monsterinsights_sitenote_active":false,"_monsterinsights_sitenote_note":"","_monsterinsights_sitenote_category":0,"_joinchat":[]},"product_cat":[151],"product_tag":[],"class_list":{"0":"post-14244","1":"product","2":"type-product","3":"status-publish","4":"has-post-thumbnail","6":"product_cat-chicco","8":"first","9":"instock","10":"shipping-taxable","11":"purchasable","12":"product-type-simple","13":"add-to-wishlist-after_add_to_cart"},"aioseo_notices":[],"_links":{"self":[{"href":"https:\/\/pararepublique.com\/index.php\/wp-json\/wp\/v2\/product\/14244","targetHints":{"allow":["GET"]}}],"collection":[{"href":"https:\/\/pararepublique.com\/index.php\/wp-json\/wp\/v2\/product"}],"about":[{"href":"https:\/\/pararepublique.com\/index.php\/wp-json\/wp\/v2\/types\/product"}],"replies":[{"embeddable":true,"href":"https:\/\/pararepublique.com\/index.php\/wp-json\/wp\/v2\/comments?post=14244"}],"version-history":[{"count":1,"href":"https:\/\/pararepublique.com\/index.php\/wp-json\/wp\/v2\/product\/14244\/revisions"}],"predecessor-version":[{"id":14246,"href":"https:\/\/pararepublique.com\/index.php\/wp-json\/wp\/v2\/product\/14244\/revisions\/14246"}],"wp:featuredmedia":[{"embeddable":true,"href":"https:\/\/pararepublique.com\/index.php\/wp-json\/wp\/v2\/media\/14245"}],"wp:attachment":[{"href":"https:\/\/pararepublique.com\/index.php\/wp-json\/wp\/v2\/media?parent=14244"}],"wp:term":[{"taxonomy":"product_cat","embeddable":true,"href":"https:\/\/pararepublique.com\/index.php\/wp-json\/wp\/v2\/product_cat?post=14244"},{"taxonomy":"product_tag","embeddable":true,"href":"https:\/\/pararepublique.com\/index.php\/wp-json\/wp\/v2\/product_tag?post=14244"}],"curies":[{"name":"wp","href":"https:\/\/api.w.org\/{rel}","templated":true}]}}