{"id":14250,"date":"2024-12-04T12:03:15","date_gmt":"2024-12-04T12:03:15","guid":{"rendered":"https:\/\/pararepublique.com\/?post_type=product&#038;p=14250"},"modified":"2024-12-04T12:03:15","modified_gmt":"2024-12-04T12:03:15","slug":"chicco-bib-plast-sil-jaune-330ml","status":"publish","type":"product","link":"https:\/\/pararepublique.com\/index.php\/product\/chicco-bib-plast-sil-jaune-330ml\/","title":{"rendered":"CHICCO BIB PLAST SIL JAUNE 330ML"},"content":{"rendered":"<div class=\"row\">\n<div class=\"col custom_mb20\">\n<ul class=\"list-style description-section\">\n<li>Le biberon en plastique Well-Being Chicco garantit une praticit\u00e9 maximale gr\u00e2ce \u00e0 sa forme ergonomique, il est adapt\u00e9 \u00e0 la st\u00e9rilisation et il passe au lave-vaisselle.<\/li>\n<li>Gr\u00e2ce \u00e0 la t\u00e9tine sp\u00e9ciale Physio en silicone souple avec finition Soft Sense, le biberon Chicco Well-Being assure une alimentation naturelle et agr\u00e9able.<\/li>\n<li>D\u00e9bit rapide id\u00e9al pour les b\u00e9b\u00e9s en pleine croissance<\/li>\n<li>Facile \u00e0 utiliser. Hygi\u00e8ne et protection maximales gr\u00e2ce au bouchon anti-goutte. Forme ergonomique et pratique pour la maman. Nettoyage facile gr\u00e2ce \u00e0 l&rsquo;ouverture large. Fermeture s\u00fbre : pas de fuites.<\/li>\n<\/ul>\n<\/div>\n<\/div>\n","protected":false},"excerpt":{"rendered":"<p>Id\u00e9al pour l&rsquo;alimentation quotidienne au biberon. Pr\u00e9vient les coliques, les r\u00e9gurgitations et l&rsquo;irritabilit\u00e9.<\/p>\n","protected":false},"featured_media":14251,"comment_status":"open","ping_status":"closed","template":"","meta":{"inline_featured_image":false,"_monsterinsights_skip_tracking":false,"_monsterinsights_sitenote_active":false,"_monsterinsights_sitenote_note":"","_monsterinsights_sitenote_category":0,"_joinchat":[]},"product_cat":[151],"product_tag":[],"class_list":{"0":"post-14250","1":"product","2":"type-product","3":"status-publish","4":"has-post-thumbnail","6":"product_cat-chicco","8":"first","9":"instock","10":"shipping-taxable","11":"purchasable","12":"product-type-simple","13":"add-to-wishlist-after_add_to_cart"},"aioseo_notices":[],"_links":{"self":[{"href":"https:\/\/pararepublique.com\/index.php\/wp-json\/wp\/v2\/product\/14250","targetHints":{"allow":["GET"]}}],"collection":[{"href":"https:\/\/pararepublique.com\/index.php\/wp-json\/wp\/v2\/product"}],"about":[{"href":"https:\/\/pararepublique.com\/index.php\/wp-json\/wp\/v2\/types\/product"}],"replies":[{"embeddable":true,"href":"https:\/\/pararepublique.com\/index.php\/wp-json\/wp\/v2\/comments?post=14250"}],"version-history":[{"count":1,"href":"https:\/\/pararepublique.com\/index.php\/wp-json\/wp\/v2\/product\/14250\/revisions"}],"predecessor-version":[{"id":14252,"href":"https:\/\/pararepublique.com\/index.php\/wp-json\/wp\/v2\/product\/14250\/revisions\/14252"}],"wp:featuredmedia":[{"embeddable":true,"href":"https:\/\/pararepublique.com\/index.php\/wp-json\/wp\/v2\/media\/14251"}],"wp:attachment":[{"href":"https:\/\/pararepublique.com\/index.php\/wp-json\/wp\/v2\/media?parent=14250"}],"wp:term":[{"taxonomy":"product_cat","embeddable":true,"href":"https:\/\/pararepublique.com\/index.php\/wp-json\/wp\/v2\/product_cat?post=14250"},{"taxonomy":"product_tag","embeddable":true,"href":"https:\/\/pararepublique.com\/index.php\/wp-json\/wp\/v2\/product_tag?post=14250"}],"curies":[{"name":"wp","href":"https:\/\/api.w.org\/{rel}","templated":true}]}}