{"id":14256,"date":"2024-12-04T15:14:11","date_gmt":"2024-12-04T15:14:11","guid":{"rendered":"https:\/\/pararepublique.com\/?post_type=product&#038;p=14256"},"modified":"2024-12-04T15:14:11","modified_gmt":"2024-12-04T15:14:11","slug":"chicco-bib-plastic-latex-coude-bleu","status":"publish","type":"product","link":"https:\/\/pararepublique.com\/index.php\/product\/chicco-bib-plastic-latex-coude-bleu\/","title":{"rendered":"CHICCO BIB PLASTIC LATEX COUDE BLEU"},"content":{"rendered":"<ul class=\"a-unordered-list a-vertical a-spacing-mini\">\n<li class=\"a-spacing-mini\"><span class=\"a-list-item\"> Valve anti-coliques sur la t\u00e9tine physiologique <\/span><\/li>\n<li class=\"a-spacing-mini\"><span class=\"a-list-item\"> Col coud\u00e9 qui permet \u00e0 la t\u00e9tine de toujours rester pleine de lait et au cou de l&rsquo;enfant d&rsquo;\u00eatre dans la bonne position <\/span><\/li>\n<li class=\"a-spacing-mini\"><span class=\"a-list-item\"> Forme ergonomique de la bouteille pour une prise en main confortable <\/span><\/li>\n<li class=\"a-spacing-mini\"><span class=\"a-list-item\"> Base d\u00e9tachable pour en faciliter le nettoyage <\/span><\/li>\n<\/ul>\n","protected":false},"excerpt":{"rendered":"<p><span class=\"a-list-item\">Id\u00e9al pour les nouveau-n\u00e9s <\/span><\/p>\n","protected":false},"featured_media":14257,"comment_status":"open","ping_status":"closed","template":"","meta":{"inline_featured_image":false,"_monsterinsights_skip_tracking":false,"_monsterinsights_sitenote_active":false,"_monsterinsights_sitenote_note":"","_monsterinsights_sitenote_category":0,"_joinchat":[]},"product_cat":[151],"product_tag":[],"class_list":{"0":"post-14256","1":"product","2":"type-product","3":"status-publish","4":"has-post-thumbnail","6":"product_cat-chicco","8":"first","9":"instock","10":"shipping-taxable","11":"purchasable","12":"product-type-simple","13":"add-to-wishlist-after_add_to_cart"},"aioseo_notices":[],"_links":{"self":[{"href":"https:\/\/pararepublique.com\/index.php\/wp-json\/wp\/v2\/product\/14256","targetHints":{"allow":["GET"]}}],"collection":[{"href":"https:\/\/pararepublique.com\/index.php\/wp-json\/wp\/v2\/product"}],"about":[{"href":"https:\/\/pararepublique.com\/index.php\/wp-json\/wp\/v2\/types\/product"}],"replies":[{"embeddable":true,"href":"https:\/\/pararepublique.com\/index.php\/wp-json\/wp\/v2\/comments?post=14256"}],"version-history":[{"count":1,"href":"https:\/\/pararepublique.com\/index.php\/wp-json\/wp\/v2\/product\/14256\/revisions"}],"predecessor-version":[{"id":14258,"href":"https:\/\/pararepublique.com\/index.php\/wp-json\/wp\/v2\/product\/14256\/revisions\/14258"}],"wp:featuredmedia":[{"embeddable":true,"href":"https:\/\/pararepublique.com\/index.php\/wp-json\/wp\/v2\/media\/14257"}],"wp:attachment":[{"href":"https:\/\/pararepublique.com\/index.php\/wp-json\/wp\/v2\/media?parent=14256"}],"wp:term":[{"taxonomy":"product_cat","embeddable":true,"href":"https:\/\/pararepublique.com\/index.php\/wp-json\/wp\/v2\/product_cat?post=14256"},{"taxonomy":"product_tag","embeddable":true,"href":"https:\/\/pararepublique.com\/index.php\/wp-json\/wp\/v2\/product_tag?post=14256"}],"curies":[{"name":"wp","href":"https:\/\/api.w.org\/{rel}","templated":true}]}}