{"id":14259,"date":"2024-12-04T15:34:56","date_gmt":"2024-12-04T15:34:56","guid":{"rendered":"https:\/\/pararepublique.com\/?post_type=product&#038;p=14259"},"modified":"2024-12-04T15:34:57","modified_gmt":"2024-12-04T15:34:57","slug":"chicco-porte-bebe-kangourou-6m-3-en-1","status":"publish","type":"product","link":"https:\/\/pararepublique.com\/index.php\/product\/chicco-porte-bebe-kangourou-6m-3-en-1\/","title":{"rendered":"CHICCO PORTE BEBE KANGOUROU 6M+ 3\u00a0EN 1"},"content":{"rendered":"<p>Cette proximit\u00e9 avec l\u2019enfant participe en effet au bon d\u00e9veloppement de ses fonctions cognitives, motrices et \u00e9motionnelles. Il a donc une place de choix \u00e0 la naissance \u00e0 c\u00f4t\u00e9 des autres achats fondamentaux tels que la poussette, le berceau ou encore le si\u00e8ge auto. Voici les principaux avantages des Porte-B\u00e9b\u00e9s : Proximit\u00e9 et lien : Les porte-b\u00e9b\u00e9s favorisent une proximit\u00e9 physique avec le b\u00e9b\u00e9, ce qui renforce le lien entre le parent et l&rsquo;enfant. Le b\u00e9b\u00e9 se sent s\u00e9curis\u00e9 et apais\u00e9 en \u00e9tant pr\u00e8s de son parent, ce qui peut contribuer \u00e0 son d\u00e9veloppement \u00e9motionnel et social. Mobilit\u00e9 et libert\u00e9 de mouvement : Les porte-b\u00e9b\u00e9s permettent aux parents de se d\u00e9placer facilement tout en ayant leur b\u00e9b\u00e9 pr\u00e8s d&rsquo;eux. Que ce soit pour faire des courses, des promenades en plein air ou simplement pour effectuer des t\u00e2ches m\u00e9nag\u00e8res, les porte-b\u00e9b\u00e9s offrent une libert\u00e9 de mouvement tout en gardant le b\u00e9b\u00e9 en s\u00e9curit\u00e9. Stimulations sensorielles : Le b\u00e9b\u00e9 dans un porte-b\u00e9b\u00e9 est expos\u00e9 \u00e0 un environnement stimulant, ce qui peut favoriser son d\u00e9veloppement sensoriel. Le b\u00e9b\u00e9 peut observer le monde qui l&rsquo;entoure, entendre les voix et les bruits, et m\u00eame interagir avec les personnes \u00e0 proximit\u00e9.<\/p>\n","protected":false},"excerpt":{"rendered":"<p>Un porte-b\u00e9b\u00e9 peut \u00eatre tr\u00e8s pratique lors des premiers mois de l\u2018enfant.Cette solution de portage permet de rester proche de b\u00e9b\u00e9,de s\u2019assurer de son bon d\u00e9veloppement et de sa s\u00e9curit\u00e9.<\/p>\n","protected":false},"featured_media":14260,"comment_status":"open","ping_status":"closed","template":"","meta":{"inline_featured_image":false,"_monsterinsights_skip_tracking":false,"_monsterinsights_sitenote_active":false,"_monsterinsights_sitenote_note":"","_monsterinsights_sitenote_category":0,"_joinchat":[]},"product_cat":[151],"product_tag":[],"class_list":{"0":"post-14259","1":"product","2":"type-product","3":"status-publish","4":"has-post-thumbnail","6":"product_cat-chicco","8":"first","9":"instock","10":"shipping-taxable","11":"purchasable","12":"product-type-simple","13":"add-to-wishlist-after_add_to_cart"},"aioseo_notices":[],"_links":{"self":[{"href":"https:\/\/pararepublique.com\/index.php\/wp-json\/wp\/v2\/product\/14259","targetHints":{"allow":["GET"]}}],"collection":[{"href":"https:\/\/pararepublique.com\/index.php\/wp-json\/wp\/v2\/product"}],"about":[{"href":"https:\/\/pararepublique.com\/index.php\/wp-json\/wp\/v2\/types\/product"}],"replies":[{"embeddable":true,"href":"https:\/\/pararepublique.com\/index.php\/wp-json\/wp\/v2\/comments?post=14259"}],"version-history":[{"count":1,"href":"https:\/\/pararepublique.com\/index.php\/wp-json\/wp\/v2\/product\/14259\/revisions"}],"predecessor-version":[{"id":14261,"href":"https:\/\/pararepublique.com\/index.php\/wp-json\/wp\/v2\/product\/14259\/revisions\/14261"}],"wp:featuredmedia":[{"embeddable":true,"href":"https:\/\/pararepublique.com\/index.php\/wp-json\/wp\/v2\/media\/14260"}],"wp:attachment":[{"href":"https:\/\/pararepublique.com\/index.php\/wp-json\/wp\/v2\/media?parent=14259"}],"wp:term":[{"taxonomy":"product_cat","embeddable":true,"href":"https:\/\/pararepublique.com\/index.php\/wp-json\/wp\/v2\/product_cat?post=14259"},{"taxonomy":"product_tag","embeddable":true,"href":"https:\/\/pararepublique.com\/index.php\/wp-json\/wp\/v2\/product_tag?post=14259"}],"curies":[{"name":"wp","href":"https:\/\/api.w.org\/{rel}","templated":true}]}}