{"id":14265,"date":"2024-12-04T15:51:26","date_gmt":"2024-12-04T15:51:26","guid":{"rendered":"https:\/\/pararepublique.com\/?post_type=product&#038;p=14265"},"modified":"2024-12-04T15:51:26","modified_gmt":"2024-12-04T15:51:26","slug":"chicco-anneau-de-dentition-refrigerant","status":"publish","type":"product","link":"https:\/\/pararepublique.com\/index.php\/product\/chicco-anneau-de-dentition-refrigerant\/","title":{"rendered":"CHICCO ANNEAU DE DENTITION REFRIGERANT"},"content":{"rendered":"<p>Les anneaux de dentition Chicco offrent des sensations vari\u00e9es, nourrissent les gencives et favorisent la croissance physiologique des dents. Ils sont con\u00e7us pour atteindre toutes les zones de la bouche et \u00eatre utilis\u00e9s par l&rsquo;enfant en fonction de ses capacit\u00e9s motrices, gr\u00e2ce aux diff\u00e9rentes formes, mat\u00e9riaux et textures.<\/p>\n","protected":false},"excerpt":{"rendered":"<ul>\n<li>rempli d&rsquo;eau st\u00e9rile<\/li>\n<li>Forme ergonomique pour atteindre toutes les parties de la bouche<\/li>\n<li>Formes intuitives &#8211; faciles \u00e0 saisir<\/li>\n<li>Soulage les gencives initiales et rafra\u00eechit les gencives<\/li>\n<li>Ces anneaux de morsure ne peuvent \u00eatre r\u00e9frig\u00e9r\u00e9s qu&rsquo;au r\u00e9frig\u00e9rateur.<\/li>\n<li>Ne pas congeler.<\/li>\n<\/ul>\n","protected":false},"featured_media":14266,"comment_status":"open","ping_status":"closed","template":"","meta":{"inline_featured_image":false,"_monsterinsights_skip_tracking":false,"_monsterinsights_sitenote_active":false,"_monsterinsights_sitenote_note":"","_monsterinsights_sitenote_category":0,"_joinchat":[]},"product_cat":[151],"product_tag":[],"class_list":{"0":"post-14265","1":"product","2":"type-product","3":"status-publish","4":"has-post-thumbnail","6":"product_cat-chicco","8":"first","9":"instock","10":"shipping-taxable","11":"purchasable","12":"product-type-simple","13":"add-to-wishlist-after_add_to_cart"},"aioseo_notices":[],"_links":{"self":[{"href":"https:\/\/pararepublique.com\/index.php\/wp-json\/wp\/v2\/product\/14265","targetHints":{"allow":["GET"]}}],"collection":[{"href":"https:\/\/pararepublique.com\/index.php\/wp-json\/wp\/v2\/product"}],"about":[{"href":"https:\/\/pararepublique.com\/index.php\/wp-json\/wp\/v2\/types\/product"}],"replies":[{"embeddable":true,"href":"https:\/\/pararepublique.com\/index.php\/wp-json\/wp\/v2\/comments?post=14265"}],"version-history":[{"count":1,"href":"https:\/\/pararepublique.com\/index.php\/wp-json\/wp\/v2\/product\/14265\/revisions"}],"predecessor-version":[{"id":14267,"href":"https:\/\/pararepublique.com\/index.php\/wp-json\/wp\/v2\/product\/14265\/revisions\/14267"}],"wp:featuredmedia":[{"embeddable":true,"href":"https:\/\/pararepublique.com\/index.php\/wp-json\/wp\/v2\/media\/14266"}],"wp:attachment":[{"href":"https:\/\/pararepublique.com\/index.php\/wp-json\/wp\/v2\/media?parent=14265"}],"wp:term":[{"taxonomy":"product_cat","embeddable":true,"href":"https:\/\/pararepublique.com\/index.php\/wp-json\/wp\/v2\/product_cat?post=14265"},{"taxonomy":"product_tag","embeddable":true,"href":"https:\/\/pararepublique.com\/index.php\/wp-json\/wp\/v2\/product_tag?post=14265"}],"curies":[{"name":"wp","href":"https:\/\/api.w.org\/{rel}","templated":true}]}}