{"id":14268,"date":"2024-12-04T15:57:36","date_gmt":"2024-12-04T15:57:36","guid":{"rendered":"https:\/\/pararepublique.com\/?post_type=product&#038;p=14268"},"modified":"2024-12-04T15:57:37","modified_gmt":"2024-12-04T15:57:37","slug":"chicco-anneau-de-dentition-t4m","status":"publish","type":"product","link":"https:\/\/pararepublique.com\/index.php\/product\/chicco-anneau-de-dentition-t4m\/","title":{"rendered":"CHICCO ANNEAU DE DENTITION T4M+"},"content":{"rendered":"<div class=\"container-fluid px-0 my-4 tp-hook-product-tabs\">\n<div class=\"row no-gutters\">\n<div class=\"col-12\">\n<div class=\"tp-product-details-tab\">\n<div class=\"tab-content\">\n<div id=\"tp-product-description-tab\" class=\"tab-pane fade active show\" role=\"tabpanel\">\n<div class=\"container-fluid\">\n<div class=\"row m-0 py-2\">\n<div class=\"col-12\">\n<div id=\"product_full_description\" class=\"oe_structure\">\n<p>L&rsquo;anneau de dentition Fresh Relax est con\u00e7us pour stimuler et rafra\u00eechir les gencives de l&rsquo;enfant pendant la pouss\u00e9e dentaire. La partie souple en plastique contient de l&rsquo;eau st\u00e9rilis\u00e9e qui maintient l&rsquo;anneau de dentition froid plus longtemps pour soulager la douleur et rafra\u00eechir les gencives sensibles et la bouche. Les reliefs en surface rendent l&rsquo;anneau de dentition agr\u00e9able \u00e0 m\u00e2cher.<\/p>\n<\/div>\n<\/div>\n<\/div>\n<\/div>\n<\/div>\n<\/div>\n<\/div>\n<\/div>\n<\/div>\n<\/div>\n<div class=\"container tp-hook-accessory-products\">\n<div class=\"row\">\n<div class=\"col-md-12 my-3\">\n<div class=\"tp-suggested-product-slider tp-snippet-shiftless-enable\">\n<div class=\"position-relative\">\n<h5 class=\"tp-underline-title\"><\/h5>\n<\/div>\n<\/div>\n<\/div>\n<\/div>\n<\/div>\n","protected":false},"excerpt":{"rendered":"<p>La poign\u00e9e en plastique permet \u00e0 l&rsquo;enfant de tenir le jouet de dentition fermement.<\/p>\n","protected":false},"featured_media":14269,"comment_status":"open","ping_status":"closed","template":"","meta":{"inline_featured_image":false,"_monsterinsights_skip_tracking":false,"_monsterinsights_sitenote_active":false,"_monsterinsights_sitenote_note":"","_monsterinsights_sitenote_category":0,"_joinchat":[]},"product_cat":[151],"product_tag":[],"class_list":{"0":"post-14268","1":"product","2":"type-product","3":"status-publish","4":"has-post-thumbnail","6":"product_cat-chicco","8":"first","9":"instock","10":"shipping-taxable","11":"purchasable","12":"product-type-simple","13":"add-to-wishlist-after_add_to_cart"},"aioseo_notices":[],"_links":{"self":[{"href":"https:\/\/pararepublique.com\/index.php\/wp-json\/wp\/v2\/product\/14268","targetHints":{"allow":["GET"]}}],"collection":[{"href":"https:\/\/pararepublique.com\/index.php\/wp-json\/wp\/v2\/product"}],"about":[{"href":"https:\/\/pararepublique.com\/index.php\/wp-json\/wp\/v2\/types\/product"}],"replies":[{"embeddable":true,"href":"https:\/\/pararepublique.com\/index.php\/wp-json\/wp\/v2\/comments?post=14268"}],"version-history":[{"count":1,"href":"https:\/\/pararepublique.com\/index.php\/wp-json\/wp\/v2\/product\/14268\/revisions"}],"predecessor-version":[{"id":14270,"href":"https:\/\/pararepublique.com\/index.php\/wp-json\/wp\/v2\/product\/14268\/revisions\/14270"}],"wp:featuredmedia":[{"embeddable":true,"href":"https:\/\/pararepublique.com\/index.php\/wp-json\/wp\/v2\/media\/14269"}],"wp:attachment":[{"href":"https:\/\/pararepublique.com\/index.php\/wp-json\/wp\/v2\/media?parent=14268"}],"wp:term":[{"taxonomy":"product_cat","embeddable":true,"href":"https:\/\/pararepublique.com\/index.php\/wp-json\/wp\/v2\/product_cat?post=14268"},{"taxonomy":"product_tag","embeddable":true,"href":"https:\/\/pararepublique.com\/index.php\/wp-json\/wp\/v2\/product_tag?post=14268"}],"curies":[{"name":"wp","href":"https:\/\/api.w.org\/{rel}","templated":true}]}}