{"id":14271,"date":"2024-12-04T15:59:48","date_gmt":"2024-12-04T15:59:48","guid":{"rendered":"https:\/\/pararepublique.com\/?post_type=product&#038;p=14271"},"modified":"2024-12-09T11:50:26","modified_gmt":"2024-12-09T11:50:26","slug":"chicco-anneau-de-dentition-3pcs","status":"publish","type":"product","link":"https:\/\/pararepublique.com\/index.php\/product\/chicco-anneau-de-dentition-3pcs\/","title":{"rendered":"CHICCO ANNEAU DE DENTITION 3PCS"},"content":{"rendered":"<p>Les Enfants m\u00e9ritent ce qu&rsquo;il y a de mieux, c&rsquo;est pourquoi nous <b>vous pr\u00e9sentons Baby Teether Air Fruit Salad Chicco<\/b> , id\u00e9al pour ceux qui recherchent des produits de qualit\u00e9 pour les enfants ! Ach\u00e8te-le<b>Chicco<\/b> aux meilleurs prix!<\/p>\n<p>&nbsp;<\/p>\n","protected":false},"excerpt":{"rendered":"<ul>\n<li>Mati\u00e8re : Plastique<\/li>\n<li>\u00c2ge recommand\u00e9: + 3 mois<\/li>\n<\/ul>\n","protected":false},"featured_media":14277,"comment_status":"open","ping_status":"closed","template":"","meta":{"inline_featured_image":false,"_monsterinsights_skip_tracking":false,"_monsterinsights_sitenote_active":false,"_monsterinsights_sitenote_note":"","_monsterinsights_sitenote_category":0,"_joinchat":[]},"product_cat":[151],"product_tag":[],"class_list":{"0":"post-14271","1":"product","2":"type-product","3":"status-publish","4":"has-post-thumbnail","6":"product_cat-chicco","8":"first","9":"instock","10":"shipping-taxable","11":"purchasable","12":"product-type-simple","13":"add-to-wishlist-after_add_to_cart"},"aioseo_notices":[],"_links":{"self":[{"href":"https:\/\/pararepublique.com\/index.php\/wp-json\/wp\/v2\/product\/14271","targetHints":{"allow":["GET"]}}],"collection":[{"href":"https:\/\/pararepublique.com\/index.php\/wp-json\/wp\/v2\/product"}],"about":[{"href":"https:\/\/pararepublique.com\/index.php\/wp-json\/wp\/v2\/types\/product"}],"replies":[{"embeddable":true,"href":"https:\/\/pararepublique.com\/index.php\/wp-json\/wp\/v2\/comments?post=14271"}],"version-history":[{"count":2,"href":"https:\/\/pararepublique.com\/index.php\/wp-json\/wp\/v2\/product\/14271\/revisions"}],"predecessor-version":[{"id":14279,"href":"https:\/\/pararepublique.com\/index.php\/wp-json\/wp\/v2\/product\/14271\/revisions\/14279"}],"wp:featuredmedia":[{"embeddable":true,"href":"https:\/\/pararepublique.com\/index.php\/wp-json\/wp\/v2\/media\/14277"}],"wp:attachment":[{"href":"https:\/\/pararepublique.com\/index.php\/wp-json\/wp\/v2\/media?parent=14271"}],"wp:term":[{"taxonomy":"product_cat","embeddable":true,"href":"https:\/\/pararepublique.com\/index.php\/wp-json\/wp\/v2\/product_cat?post=14271"},{"taxonomy":"product_tag","embeddable":true,"href":"https:\/\/pararepublique.com\/index.php\/wp-json\/wp\/v2\/product_tag?post=14271"}],"curies":[{"name":"wp","href":"https:\/\/api.w.org\/{rel}","templated":true}]}}