{"id":14283,"date":"2024-12-09T11:58:46","date_gmt":"2024-12-09T11:58:46","guid":{"rendered":"https:\/\/pararepublique.com\/?post_type=product&#038;p=14283"},"modified":"2024-12-09T11:58:48","modified_gmt":"2024-12-09T11:58:48","slug":"chicco-assiette-bleu-ciel","status":"publish","type":"product","link":"https:\/\/pararepublique.com\/index.php\/product\/chicco-assiette-bleu-ciel\/","title":{"rendered":"CHICCO ASSIETTE BLEU  CIEL"},"content":{"rendered":"<div class=\"row\">\n<div class=\"col custom_mb20\">\n<ul class=\"list-style description-section\">\n<li>ASSIETTE ISOTHERME POUR LE REPAS : poss\u00e8de un r\u00e9servoir lat\u00e9ral rempli d&rsquo;eau chaude qui maintient naturellement la temp\u00e9rature des aliments pour b\u00e9b\u00e9s.<\/li>\n<li>CUILL\u00c8RE \u00c0 PORT\u00c9E DE MAIN : super pratique gr\u00e2ce \u00e0 sa zone o\u00f9 reposer la cuill\u00e8re sur le bord.<\/li>\n<li>TOUJOURS BIEN EN PLACE : la base antid\u00e9rapante assure une plus grande stabilit\u00e9, en favorisant l&rsquo;autonomie au moment des repas.<\/li>\n<li>PRATIQUE ET S\u00dbRE : facile \u00e0 utiliser en toute s\u00e9curit\u00e9 gr\u00e2ce \u00e0 son design ergonomique qui la rend facile \u00e0 manier.<\/li>\n<li>SANS BPA : les assiettes pour enfants Chicco sont fabriqu\u00e9es sans Bisph\u00e9nol A, conform\u00e9ment \u00e0 la l\u00e9gislation en vigueur ; elles passent \u00e9galement au micro-ondes et sont facilement lavables au lave-vaisselle.<\/li>\n<\/ul>\n<\/div>\n<\/div>\n","protected":false},"excerpt":{"rendered":"<p>L&rsquo;assiette Maintien au chaud est con\u00e7ue pour la diversification alimentaire des enfants \u00e0 partir de 6 mois ; elle permet de garder les aliments au chaud pour manger \u00e0 son rythme.<\/p>\n","protected":false},"featured_media":14284,"comment_status":"open","ping_status":"closed","template":"","meta":{"inline_featured_image":false,"_monsterinsights_skip_tracking":false,"_monsterinsights_sitenote_active":false,"_monsterinsights_sitenote_note":"","_monsterinsights_sitenote_category":0,"_joinchat":[]},"product_cat":[151],"product_tag":[],"class_list":{"0":"post-14283","1":"product","2":"type-product","3":"status-publish","4":"has-post-thumbnail","6":"product_cat-chicco","8":"first","9":"instock","10":"shipping-taxable","11":"purchasable","12":"product-type-simple","13":"add-to-wishlist-after_add_to_cart"},"aioseo_notices":[],"_links":{"self":[{"href":"https:\/\/pararepublique.com\/index.php\/wp-json\/wp\/v2\/product\/14283","targetHints":{"allow":["GET"]}}],"collection":[{"href":"https:\/\/pararepublique.com\/index.php\/wp-json\/wp\/v2\/product"}],"about":[{"href":"https:\/\/pararepublique.com\/index.php\/wp-json\/wp\/v2\/types\/product"}],"replies":[{"embeddable":true,"href":"https:\/\/pararepublique.com\/index.php\/wp-json\/wp\/v2\/comments?post=14283"}],"version-history":[{"count":1,"href":"https:\/\/pararepublique.com\/index.php\/wp-json\/wp\/v2\/product\/14283\/revisions"}],"predecessor-version":[{"id":14285,"href":"https:\/\/pararepublique.com\/index.php\/wp-json\/wp\/v2\/product\/14283\/revisions\/14285"}],"wp:featuredmedia":[{"embeddable":true,"href":"https:\/\/pararepublique.com\/index.php\/wp-json\/wp\/v2\/media\/14284"}],"wp:attachment":[{"href":"https:\/\/pararepublique.com\/index.php\/wp-json\/wp\/v2\/media?parent=14283"}],"wp:term":[{"taxonomy":"product_cat","embeddable":true,"href":"https:\/\/pararepublique.com\/index.php\/wp-json\/wp\/v2\/product_cat?post=14283"},{"taxonomy":"product_tag","embeddable":true,"href":"https:\/\/pararepublique.com\/index.php\/wp-json\/wp\/v2\/product_tag?post=14283"}],"curies":[{"name":"wp","href":"https:\/\/api.w.org\/{rel}","templated":true}]}}