{"id":14292,"date":"2024-12-10T10:54:51","date_gmt":"2024-12-10T10:54:51","guid":{"rendered":"https:\/\/pararepublique.com\/?post_type=product&#038;p=14292"},"modified":"2024-12-10T10:54:51","modified_gmt":"2024-12-10T10:54:51","slug":"chico-bavoir-jetable-409cs-6m","status":"publish","type":"product","link":"https:\/\/pararepublique.com\/index.php\/product\/chico-bavoir-jetable-409cs-6m\/","title":{"rendered":"CHICO BAVOIR JETABLE 409CS 6M+"},"content":{"rendered":"<div class=\"row\">\n<div class=\"col custom_mb20\">\n<ul class=\"list-style description-section\">\n<li>JETABLES : faciles \u00e0 mettre gr\u00e2ce aux rubans adh\u00e9sifs de fixation, les bavoirs jetables Chicco sont jetables, ce qui les rend tr\u00e8s pratiques ; ils permettent de garder les v\u00eatements de b\u00e9b\u00e9 toujours propres.<\/li>\n<li>IMPERM\u00c9ABLES ET ABSORBANTS : la face ant\u00e9rieure de chaque bavoir est absorbante, tandis que le dos est imperm\u00e9able.<\/li>\n<li>POCHE AMOVIBLE : La partie inf\u00e9rieure des bavoirs Chicco peut \u00eatre retourn\u00e9e pour cr\u00e9er une poche tr\u00e8s pratique qui recueille les aliments tomb\u00e9s, id\u00e9al pour la maison et en voyage.<\/li>\n<li>COMPOSTABLES : les bavoirs Chicco sont \u00e9cologiques car 100% compostables : apr\u00e8s utilisation, ils se transforment en compost, un engrais naturel pour le sol ; les d\u00e9chets deviennent ainsi une nouvelle ressource pour l&rsquo;environnement.<\/li>\n<\/ul>\n<\/div>\n<\/div>\n","protected":false},"excerpt":{"rendered":"<p>BAVOIRS CHICCO : Les bavoirs jetables et compostables Chicco permettent \u00e0 b\u00e9b\u00e9 de manger \u00e0 la maison et en ext\u00e9rieur de la mani\u00e8re la plus simple, pratique et \u00e9cologique possible ; lot de 36 pi\u00e8ces.<\/p>\n","protected":false},"featured_media":14293,"comment_status":"open","ping_status":"closed","template":"","meta":{"inline_featured_image":false,"_monsterinsights_skip_tracking":false,"_monsterinsights_sitenote_active":false,"_monsterinsights_sitenote_note":"","_monsterinsights_sitenote_category":0,"_joinchat":[]},"product_cat":[151],"product_tag":[],"class_list":{"0":"post-14292","1":"product","2":"type-product","3":"status-publish","4":"has-post-thumbnail","6":"product_cat-chicco","8":"first","9":"instock","10":"shipping-taxable","11":"purchasable","12":"product-type-simple","13":"add-to-wishlist-after_add_to_cart"},"aioseo_notices":[],"_links":{"self":[{"href":"https:\/\/pararepublique.com\/index.php\/wp-json\/wp\/v2\/product\/14292","targetHints":{"allow":["GET"]}}],"collection":[{"href":"https:\/\/pararepublique.com\/index.php\/wp-json\/wp\/v2\/product"}],"about":[{"href":"https:\/\/pararepublique.com\/index.php\/wp-json\/wp\/v2\/types\/product"}],"replies":[{"embeddable":true,"href":"https:\/\/pararepublique.com\/index.php\/wp-json\/wp\/v2\/comments?post=14292"}],"version-history":[{"count":1,"href":"https:\/\/pararepublique.com\/index.php\/wp-json\/wp\/v2\/product\/14292\/revisions"}],"predecessor-version":[{"id":14294,"href":"https:\/\/pararepublique.com\/index.php\/wp-json\/wp\/v2\/product\/14292\/revisions\/14294"}],"wp:featuredmedia":[{"embeddable":true,"href":"https:\/\/pararepublique.com\/index.php\/wp-json\/wp\/v2\/media\/14293"}],"wp:attachment":[{"href":"https:\/\/pararepublique.com\/index.php\/wp-json\/wp\/v2\/media?parent=14292"}],"wp:term":[{"taxonomy":"product_cat","embeddable":true,"href":"https:\/\/pararepublique.com\/index.php\/wp-json\/wp\/v2\/product_cat?post=14292"},{"taxonomy":"product_tag","embeddable":true,"href":"https:\/\/pararepublique.com\/index.php\/wp-json\/wp\/v2\/product_tag?post=14292"}],"curies":[{"name":"wp","href":"https:\/\/api.w.org\/{rel}","templated":true}]}}