{"id":14298,"date":"2024-12-10T11:06:33","date_gmt":"2024-12-10T11:06:33","guid":{"rendered":"https:\/\/pararepublique.com\/?post_type=product&#038;p=14298"},"modified":"2024-12-10T11:06:33","modified_gmt":"2024-12-10T11:06:33","slug":"chicco-bip-wp-en-verre-b150ml","status":"publish","type":"product","link":"https:\/\/pararepublique.com\/index.php\/product\/chicco-bip-wp-en-verre-b150ml\/","title":{"rendered":"CHICCO BIP WP EN VERRE B150ML"},"content":{"rendered":"<p>Chicco well being est un biberon \u00e0 la forme ergonomique qui facilite la t\u00e9t\u00e9e tant pour les parents et les b\u00e9b\u00e9s. Il est dot\u00e9 d&rsquo;une t\u00e9tine physiologique anti-coliques \u00e0 la forme sym\u00e9trique, \u00e9tir\u00e9e et aplatie du silicone inspir\u00e9e de la forme que prend le mamelon dans la bouche de b\u00e9b\u00e9 pendant la t\u00e9t\u00e9e. Elle favorise une prise du sein correcte et un mouvement p\u00e9ristaltique de la langue. Elle est souple et douce avec une finition Soft Sense qui donne \u00e0 b\u00e9b\u00e9 une sensation agr\u00e9able et naturelle. Elle s&rsquo;adapte parfaitement \u00e0 la bouche de b\u00e9b\u00e9 et respecte le mouvement naturel de succion.<\/p>\n<p>Il est facile \u00e0 utiliser avec sa fermeture s\u00e9curis\u00e9e et son large col, rapide \u00e0 remplir et facile \u00e0 nettoyer. Il est en verre borosilicate pur, hygi\u00e9nique et s\u00fbr : r\u00e9sistant aux chocs et \u00e0 la chaleur. Il est dot\u00e9 d&rsquo;un capuchon anti-fuites pour une protection maximale et une hygi\u00e8ne parfaite. Il passe au lave-vaisselle et peut \u00eatre st\u00e9rilis\u00e9.<\/p>\n","protected":false},"excerpt":{"rendered":"<p>Biberon en verre de 150ml joliment d\u00e9cor\u00e9. Il maintient la temp\u00e9rature plus longtemps, capuchon antifuites avec un col large pour un nettoyage et un remplissage simplifi\u00e9s et une t\u00e9tine physiologique en silicone extra-doux avec valve anti-colique, flux lent<\/p>\n<p>Age : d\u00e8s la naissance<\/p>\n<p>Capacit\u00e9 : 150ml<\/p>\n<p>&nbsp;<\/p>\n","protected":false},"featured_media":14299,"comment_status":"open","ping_status":"closed","template":"","meta":{"inline_featured_image":false,"_monsterinsights_skip_tracking":false,"_monsterinsights_sitenote_active":false,"_monsterinsights_sitenote_note":"","_monsterinsights_sitenote_category":0,"_joinchat":[]},"product_cat":[151],"product_tag":[],"class_list":{"0":"post-14298","1":"product","2":"type-product","3":"status-publish","4":"has-post-thumbnail","6":"product_cat-chicco","8":"first","9":"instock","10":"shipping-taxable","11":"purchasable","12":"product-type-simple","13":"add-to-wishlist-after_add_to_cart"},"aioseo_notices":[],"_links":{"self":[{"href":"https:\/\/pararepublique.com\/index.php\/wp-json\/wp\/v2\/product\/14298","targetHints":{"allow":["GET"]}}],"collection":[{"href":"https:\/\/pararepublique.com\/index.php\/wp-json\/wp\/v2\/product"}],"about":[{"href":"https:\/\/pararepublique.com\/index.php\/wp-json\/wp\/v2\/types\/product"}],"replies":[{"embeddable":true,"href":"https:\/\/pararepublique.com\/index.php\/wp-json\/wp\/v2\/comments?post=14298"}],"version-history":[{"count":1,"href":"https:\/\/pararepublique.com\/index.php\/wp-json\/wp\/v2\/product\/14298\/revisions"}],"predecessor-version":[{"id":14300,"href":"https:\/\/pararepublique.com\/index.php\/wp-json\/wp\/v2\/product\/14298\/revisions\/14300"}],"wp:featuredmedia":[{"embeddable":true,"href":"https:\/\/pararepublique.com\/index.php\/wp-json\/wp\/v2\/media\/14299"}],"wp:attachment":[{"href":"https:\/\/pararepublique.com\/index.php\/wp-json\/wp\/v2\/media?parent=14298"}],"wp:term":[{"taxonomy":"product_cat","embeddable":true,"href":"https:\/\/pararepublique.com\/index.php\/wp-json\/wp\/v2\/product_cat?post=14298"},{"taxonomy":"product_tag","embeddable":true,"href":"https:\/\/pararepublique.com\/index.php\/wp-json\/wp\/v2\/product_tag?post=14298"}],"curies":[{"name":"wp","href":"https:\/\/api.w.org\/{rel}","templated":true}]}}