{"id":14301,"date":"2024-12-10T11:10:22","date_gmt":"2024-12-10T11:10:22","guid":{"rendered":"https:\/\/pararepublique.com\/?post_type=product&#038;p=14301"},"modified":"2024-12-10T11:10:22","modified_gmt":"2024-12-10T11:10:22","slug":"chicco-bleu-mes-premiers-couvert","status":"publish","type":"product","link":"https:\/\/pararepublique.com\/index.php\/product\/chicco-bleu-mes-premiers-couvert\/","title":{"rendered":"CHICCO BLEU MES PREMIERS COUVERT"},"content":{"rendered":"<div class=\"tab-content\">\n<p>Ils sont petits, l\u00e9gers, faciles \u00e0 prendre en main gr\u00e2ce \u00e0 leur manche ergonomique et antid\u00e9rapant.<\/p>\n<p>La fourchette a le bout de ses dents arrondi pour un maximum de s\u00e9curit\u00e9 une fois dans les mains de b\u00e9b\u00e9. Leur d\u00e9cor ludique rend les repas plus gais.<\/p>\n<p>Laver avant utilisation.<br \/>\nPeuvent se laver au lave-vaisselle.<\/p>\n<\/div>\n","protected":false},"excerpt":{"rendered":"<p>Chicco Repas Mes Premiers Couverts Bout Inox +18m Bleu\u00a0sont des couverts con\u00e7us pour apprendre aux enfants \u00e0 manger comme les grands.<\/p>\n","protected":false},"featured_media":14302,"comment_status":"open","ping_status":"closed","template":"","meta":{"inline_featured_image":false,"_monsterinsights_skip_tracking":false,"_monsterinsights_sitenote_active":false,"_monsterinsights_sitenote_note":"","_monsterinsights_sitenote_category":0,"_joinchat":[]},"product_cat":[151],"product_tag":[],"class_list":{"0":"post-14301","1":"product","2":"type-product","3":"status-publish","4":"has-post-thumbnail","6":"product_cat-chicco","8":"first","9":"instock","10":"shipping-taxable","11":"purchasable","12":"product-type-simple","13":"add-to-wishlist-after_add_to_cart"},"aioseo_notices":[],"_links":{"self":[{"href":"https:\/\/pararepublique.com\/index.php\/wp-json\/wp\/v2\/product\/14301","targetHints":{"allow":["GET"]}}],"collection":[{"href":"https:\/\/pararepublique.com\/index.php\/wp-json\/wp\/v2\/product"}],"about":[{"href":"https:\/\/pararepublique.com\/index.php\/wp-json\/wp\/v2\/types\/product"}],"replies":[{"embeddable":true,"href":"https:\/\/pararepublique.com\/index.php\/wp-json\/wp\/v2\/comments?post=14301"}],"version-history":[{"count":1,"href":"https:\/\/pararepublique.com\/index.php\/wp-json\/wp\/v2\/product\/14301\/revisions"}],"predecessor-version":[{"id":14303,"href":"https:\/\/pararepublique.com\/index.php\/wp-json\/wp\/v2\/product\/14301\/revisions\/14303"}],"wp:featuredmedia":[{"embeddable":true,"href":"https:\/\/pararepublique.com\/index.php\/wp-json\/wp\/v2\/media\/14302"}],"wp:attachment":[{"href":"https:\/\/pararepublique.com\/index.php\/wp-json\/wp\/v2\/media?parent=14301"}],"wp:term":[{"taxonomy":"product_cat","embeddable":true,"href":"https:\/\/pararepublique.com\/index.php\/wp-json\/wp\/v2\/product_cat?post=14301"},{"taxonomy":"product_tag","embeddable":true,"href":"https:\/\/pararepublique.com\/index.php\/wp-json\/wp\/v2\/product_tag?post=14301"}],"curies":[{"name":"wp","href":"https:\/\/api.w.org\/{rel}","templated":true}]}}