{"id":14307,"date":"2024-12-10T11:26:13","date_gmt":"2024-12-10T11:26:13","guid":{"rendered":"https:\/\/pararepublique.com\/?post_type=product&#038;p=14307"},"modified":"2024-12-10T11:26:13","modified_gmt":"2024-12-10T11:26:13","slug":"chicco-brosse-a-dent-bleu","status":"publish","type":"product","link":"https:\/\/pararepublique.com\/index.php\/product\/chicco-brosse-a-dent-bleu\/","title":{"rendered":"CHICCO BROSSE A DENT  BLEU"},"content":{"rendered":"<p>Les brosses \u00e0 dents \u00e9lectriques Chicco facilitent le nettoyage complet et efficace des dents des enfants et rendent cette routine de brossage plus facile et plus amusante.<\/p>\n<p>Les poils \u00e0 \u00ab\u00a0technologie conique\u00a0\u00bb et \u00e0 extr\u00e9mit\u00e9s microfines exercent une action douce sur l&rsquo;\u00e9mail et les gencives sensibles et permettent un acc\u00e8s facile \u00e0 la zone gingivale, \u00e9tant plus efficaces pour \u00e9liminer la plaque dentaire par rapport aux poils traditionnels.<\/p>\n<p>Cette brosse vous permet de promouvoir des habitudes plus durables, d\u00e8s lors que l&rsquo;utilisation est prolong\u00e9e.<\/p>\n","protected":false},"excerpt":{"rendered":"<p>Les brosses \u00e0 dents \u00e9lectriques Chicco facilitent le nettoyage complet et efficace des dents des enfants et rendent cette routine de brossage plus facile et plus amusante.<\/p>\n","protected":false},"featured_media":14308,"comment_status":"open","ping_status":"closed","template":"","meta":{"inline_featured_image":false,"_monsterinsights_skip_tracking":false,"_monsterinsights_sitenote_active":false,"_monsterinsights_sitenote_note":"","_monsterinsights_sitenote_category":0,"_joinchat":[]},"product_cat":[151],"product_tag":[],"class_list":{"0":"post-14307","1":"product","2":"type-product","3":"status-publish","4":"has-post-thumbnail","6":"product_cat-chicco","8":"first","9":"instock","10":"shipping-taxable","11":"purchasable","12":"product-type-simple","13":"add-to-wishlist-after_add_to_cart"},"aioseo_notices":[],"_links":{"self":[{"href":"https:\/\/pararepublique.com\/index.php\/wp-json\/wp\/v2\/product\/14307","targetHints":{"allow":["GET"]}}],"collection":[{"href":"https:\/\/pararepublique.com\/index.php\/wp-json\/wp\/v2\/product"}],"about":[{"href":"https:\/\/pararepublique.com\/index.php\/wp-json\/wp\/v2\/types\/product"}],"replies":[{"embeddable":true,"href":"https:\/\/pararepublique.com\/index.php\/wp-json\/wp\/v2\/comments?post=14307"}],"version-history":[{"count":2,"href":"https:\/\/pararepublique.com\/index.php\/wp-json\/wp\/v2\/product\/14307\/revisions"}],"predecessor-version":[{"id":14311,"href":"https:\/\/pararepublique.com\/index.php\/wp-json\/wp\/v2\/product\/14307\/revisions\/14311"}],"wp:featuredmedia":[{"embeddable":true,"href":"https:\/\/pararepublique.com\/index.php\/wp-json\/wp\/v2\/media\/14308"}],"wp:attachment":[{"href":"https:\/\/pararepublique.com\/index.php\/wp-json\/wp\/v2\/media?parent=14307"}],"wp:term":[{"taxonomy":"product_cat","embeddable":true,"href":"https:\/\/pararepublique.com\/index.php\/wp-json\/wp\/v2\/product_cat?post=14307"},{"taxonomy":"product_tag","embeddable":true,"href":"https:\/\/pararepublique.com\/index.php\/wp-json\/wp\/v2\/product_tag?post=14307"}],"curies":[{"name":"wp","href":"https:\/\/api.w.org\/{rel}","templated":true}]}}