{"id":14318,"date":"2024-12-10T11:39:27","date_gmt":"2024-12-10T11:39:27","guid":{"rendered":"https:\/\/pararepublique.com\/?post_type=product&#038;p=14318"},"modified":"2024-12-10T11:39:27","modified_gmt":"2024-12-10T11:39:27","slug":"chicco-brossepeigne-bleu-om","status":"publish","type":"product","link":"https:\/\/pararepublique.com\/index.php\/product\/chicco-brossepeigne-bleu-om\/","title":{"rendered":"CHICCO BROSSE+PEIGNE BLEU OM+"},"content":{"rendered":"<p>Les poils de la brosse sont en fibres naturelles douces et les dents du peigne sont arrondies afin de ne pas blesser le cuir chevelu d\u00e9licat de b\u00e9b\u00e9. Le larges manches avec grip permet une bonne prise en main et un plus grand confort d\u2019utilisation.<\/p>\n","protected":false},"excerpt":{"rendered":"<p>Set compos\u00e9 d\u2019une brosse et d\u2019un peigne sp\u00e9cialement con\u00e7us pour b\u00e9b\u00e9 d\u00e8s la naissance.<\/p>\n","protected":false},"featured_media":14319,"comment_status":"open","ping_status":"closed","template":"","meta":{"inline_featured_image":false,"_monsterinsights_skip_tracking":false,"_monsterinsights_sitenote_active":false,"_monsterinsights_sitenote_note":"","_monsterinsights_sitenote_category":0,"_joinchat":[]},"product_cat":[151],"product_tag":[],"class_list":{"0":"post-14318","1":"product","2":"type-product","3":"status-publish","4":"has-post-thumbnail","6":"product_cat-chicco","8":"first","9":"instock","10":"shipping-taxable","11":"purchasable","12":"product-type-simple","13":"add-to-wishlist-after_add_to_cart"},"aioseo_notices":[],"_links":{"self":[{"href":"https:\/\/pararepublique.com\/index.php\/wp-json\/wp\/v2\/product\/14318","targetHints":{"allow":["GET"]}}],"collection":[{"href":"https:\/\/pararepublique.com\/index.php\/wp-json\/wp\/v2\/product"}],"about":[{"href":"https:\/\/pararepublique.com\/index.php\/wp-json\/wp\/v2\/types\/product"}],"replies":[{"embeddable":true,"href":"https:\/\/pararepublique.com\/index.php\/wp-json\/wp\/v2\/comments?post=14318"}],"version-history":[{"count":1,"href":"https:\/\/pararepublique.com\/index.php\/wp-json\/wp\/v2\/product\/14318\/revisions"}],"predecessor-version":[{"id":14320,"href":"https:\/\/pararepublique.com\/index.php\/wp-json\/wp\/v2\/product\/14318\/revisions\/14320"}],"wp:featuredmedia":[{"embeddable":true,"href":"https:\/\/pararepublique.com\/index.php\/wp-json\/wp\/v2\/media\/14319"}],"wp:attachment":[{"href":"https:\/\/pararepublique.com\/index.php\/wp-json\/wp\/v2\/media?parent=14318"}],"wp:term":[{"taxonomy":"product_cat","embeddable":true,"href":"https:\/\/pararepublique.com\/index.php\/wp-json\/wp\/v2\/product_cat?post=14318"},{"taxonomy":"product_tag","embeddable":true,"href":"https:\/\/pararepublique.com\/index.php\/wp-json\/wp\/v2\/product_tag?post=14318"}],"curies":[{"name":"wp","href":"https:\/\/api.w.org\/{rel}","templated":true}]}}