{"id":14326,"date":"2024-12-10T11:58:42","date_gmt":"2024-12-10T11:58:42","guid":{"rendered":"https:\/\/pararepublique.com\/?post_type=product&#038;p=14326"},"modified":"2024-12-10T11:58:42","modified_gmt":"2024-12-10T11:58:42","slug":"chicco-ceinture-apres-accouch","status":"publish","type":"product","link":"https:\/\/pararepublique.com\/index.php\/product\/chicco-ceinture-apres-accouch\/","title":{"rendered":"CHICCO CEINTURE APRES ACCOUCH"},"content":{"rendered":"<p>La gaine post-partum vous permet de retrouver facilement votre silhouette tout en respectant votre corps. Elle aide \u00e0 soutenir et \u00e0 comprimer la r\u00e9gion abdominale sans la comprimer.<\/p>\n<ul>\n<li>enrobement doux : le tissu doux et r\u00e9sistant enveloppe votre corps sans le comprimer.<\/li>\n<li>ajustement optimal : les bretelles lat\u00e9rales sont r\u00e9glables au niveau des hanches gr\u00e2ce \u00e0 la fermeture velcro.<\/li>\n<li>libert\u00e9 de mouvement : les panneaux anatomiques au niveau des jambes vous permettent de bouger librement.<\/li>\n<li>confortable sous les v\u00eatements : doux pour la peau qui n&rsquo;est pas marqu\u00e9e<\/li>\n<\/ul>\n","protected":false},"excerpt":{"rendered":"<div id=\"collapseProductDecription\" class=\"product-description-text collapse show\">\n<div>\n<p>La gaine post-partum vous permet de retrouver facilement votre silhouette tout en respectant votre corps. Elle aide \u00e0 soutenir et \u00e0 comprimer la r\u00e9gion abdominale sans la comprimer.<\/p>\n<p>&nbsp;<\/p>\n<\/div>\n<\/div>\n","protected":false},"featured_media":14327,"comment_status":"open","ping_status":"closed","template":"","meta":{"inline_featured_image":false,"_monsterinsights_skip_tracking":false,"_monsterinsights_sitenote_active":false,"_monsterinsights_sitenote_note":"","_monsterinsights_sitenote_category":0,"_joinchat":[]},"product_cat":[151],"product_tag":[],"class_list":{"0":"post-14326","1":"product","2":"type-product","3":"status-publish","4":"has-post-thumbnail","6":"product_cat-chicco","8":"first","9":"instock","10":"shipping-taxable","11":"purchasable","12":"product-type-simple","13":"add-to-wishlist-after_add_to_cart"},"aioseo_notices":[],"_links":{"self":[{"href":"https:\/\/pararepublique.com\/index.php\/wp-json\/wp\/v2\/product\/14326","targetHints":{"allow":["GET"]}}],"collection":[{"href":"https:\/\/pararepublique.com\/index.php\/wp-json\/wp\/v2\/product"}],"about":[{"href":"https:\/\/pararepublique.com\/index.php\/wp-json\/wp\/v2\/types\/product"}],"replies":[{"embeddable":true,"href":"https:\/\/pararepublique.com\/index.php\/wp-json\/wp\/v2\/comments?post=14326"}],"version-history":[{"count":1,"href":"https:\/\/pararepublique.com\/index.php\/wp-json\/wp\/v2\/product\/14326\/revisions"}],"predecessor-version":[{"id":14328,"href":"https:\/\/pararepublique.com\/index.php\/wp-json\/wp\/v2\/product\/14326\/revisions\/14328"}],"wp:featuredmedia":[{"embeddable":true,"href":"https:\/\/pararepublique.com\/index.php\/wp-json\/wp\/v2\/media\/14327"}],"wp:attachment":[{"href":"https:\/\/pararepublique.com\/index.php\/wp-json\/wp\/v2\/media?parent=14326"}],"wp:term":[{"taxonomy":"product_cat","embeddable":true,"href":"https:\/\/pararepublique.com\/index.php\/wp-json\/wp\/v2\/product_cat?post=14326"},{"taxonomy":"product_tag","embeddable":true,"href":"https:\/\/pararepublique.com\/index.php\/wp-json\/wp\/v2\/product_tag?post=14326"}],"curies":[{"name":"wp","href":"https:\/\/api.w.org\/{rel}","templated":true}]}}