{"id":14329,"date":"2024-12-10T12:07:38","date_gmt":"2024-12-10T12:07:38","guid":{"rendered":"https:\/\/pararepublique.com\/?post_type=product&#038;p=14329"},"modified":"2024-12-10T12:07:39","modified_gmt":"2024-12-10T12:07:39","slug":"chicco-chaine-tetine-om","status":"publish","type":"product","link":"https:\/\/pararepublique.com\/index.php\/product\/chicco-chaine-tetine-om\/","title":{"rendered":"CHICCO CHAINE TETINE  OM+"},"content":{"rendered":"<p><strong>Caract\u00e9ristiques principales :<\/strong><\/p>\n<ul>\n<li><strong>Attache s\u00e9curis\u00e9e<\/strong> : \u00c9quip\u00e9e d\u2019un clip robuste, elle se fixe facilement aux v\u00eatements de b\u00e9b\u00e9 sans les ab\u00eemer, assurant une tenue fiable.<\/li>\n<li><strong>Design ergonomique<\/strong> : Sa longueur est adapt\u00e9e pour \u00e9viter tout risque d\u2019enroulement, garantissant la s\u00e9curit\u00e9 de votre enfant.<\/li>\n<li><strong>Mat\u00e9riaux s\u00fbrs<\/strong> : Fabriqu\u00e9e en mat\u00e9riaux sans BPA, elle est conforme aux normes de s\u00e9curit\u00e9 en vigueur pour les articles de pu\u00e9riculture.<\/li>\n<li><strong>Compatibilit\u00e9 universelle<\/strong> : Con\u00e7ue pour s\u2019adapter \u00e0 la plupart des sucettes avec ou sans anneau, offrant une grande polyvalence d\u2019utilisation.<\/li>\n<\/ul>\n<p><strong>Avantages :<\/strong><\/p>\n<ul>\n<li><strong>Hygi\u00e8ne pr\u00e9serv\u00e9e<\/strong> : Emp\u00eache la sucette de tomber au sol, r\u00e9duisant ainsi les risques de contamination par des germes ou des salet\u00e9s.<\/li>\n<li><strong>Praticit\u00e9<\/strong> : Facilite l\u2019acc\u00e8s \u00e0 la sucette, \u00e9vitant les recherches incessantes et les pleurs de b\u00e9b\u00e9.<\/li>\n<li><strong>Esth\u00e9tique<\/strong> : Disponible en plusieurs coloris et motifs attrayants, elle ajoute une touche de style aux tenues de votre enfant.<\/li>\n<\/ul>\n","protected":false},"excerpt":{"rendered":"<p>La <strong>cha\u00eene t\u00e9tine Chicco 0 mois et plus<\/strong> est con\u00e7ue pour maintenir la sucette de votre b\u00e9b\u00e9 propre et \u00e0 port\u00e9e de main, \u00e9vitant ainsi qu\u2019elle ne tombe ou ne se perde.<\/p>\n","protected":false},"featured_media":14330,"comment_status":"open","ping_status":"closed","template":"","meta":{"inline_featured_image":false,"_monsterinsights_skip_tracking":false,"_monsterinsights_sitenote_active":false,"_monsterinsights_sitenote_note":"","_monsterinsights_sitenote_category":0,"_joinchat":[]},"product_cat":[151],"product_tag":[],"class_list":{"0":"post-14329","1":"product","2":"type-product","3":"status-publish","4":"has-post-thumbnail","6":"product_cat-chicco","8":"first","9":"instock","10":"shipping-taxable","11":"purchasable","12":"product-type-simple","13":"add-to-wishlist-after_add_to_cart"},"aioseo_notices":[],"_links":{"self":[{"href":"https:\/\/pararepublique.com\/index.php\/wp-json\/wp\/v2\/product\/14329","targetHints":{"allow":["GET"]}}],"collection":[{"href":"https:\/\/pararepublique.com\/index.php\/wp-json\/wp\/v2\/product"}],"about":[{"href":"https:\/\/pararepublique.com\/index.php\/wp-json\/wp\/v2\/types\/product"}],"replies":[{"embeddable":true,"href":"https:\/\/pararepublique.com\/index.php\/wp-json\/wp\/v2\/comments?post=14329"}],"version-history":[{"count":1,"href":"https:\/\/pararepublique.com\/index.php\/wp-json\/wp\/v2\/product\/14329\/revisions"}],"predecessor-version":[{"id":14331,"href":"https:\/\/pararepublique.com\/index.php\/wp-json\/wp\/v2\/product\/14329\/revisions\/14331"}],"wp:featuredmedia":[{"embeddable":true,"href":"https:\/\/pararepublique.com\/index.php\/wp-json\/wp\/v2\/media\/14330"}],"wp:attachment":[{"href":"https:\/\/pararepublique.com\/index.php\/wp-json\/wp\/v2\/media?parent=14329"}],"wp:term":[{"taxonomy":"product_cat","embeddable":true,"href":"https:\/\/pararepublique.com\/index.php\/wp-json\/wp\/v2\/product_cat?post=14329"},{"taxonomy":"product_tag","embeddable":true,"href":"https:\/\/pararepublique.com\/index.php\/wp-json\/wp\/v2\/product_tag?post=14329"}],"curies":[{"name":"wp","href":"https:\/\/api.w.org\/{rel}","templated":true}]}}