{"id":14345,"date":"2024-12-10T12:36:46","date_gmt":"2024-12-10T12:36:46","guid":{"rendered":"https:\/\/pararepublique.com\/?post_type=product&#038;p=14345"},"modified":"2024-12-10T12:36:47","modified_gmt":"2024-12-10T12:36:47","slug":"chicco-clip-clap-t-om","status":"publish","type":"product","link":"https:\/\/pararepublique.com\/index.php\/product\/chicco-clip-clap-t-om\/","title":{"rendered":"CHICCO CLIP CLAP T OM+"},"content":{"rendered":"<p>Les attaches-sucettes pour b\u00e9b\u00e9s ont \u00e9t\u00e9 con\u00e7ues pour garder en toute s\u00e9curit\u00e9 les sucettes et les anneaux de dentition \u00e0 la port\u00e9e de votre b\u00e9b\u00e9, ainsi que pour maintenir la propret\u00e9 en t\u00eate de la liste des mamans. Avec une attache-sucette, vous n\u2019avez pas besoin de vous baisser pour r\u00e9cup\u00e9rer constamment la t\u00e9tine de votre b\u00e9b\u00e9, et elle reste toujours propre.<br \/>\nLes attaches-t\u00e9tines Chicco Safety sont-elles s\u00fbres\u00a0?<br \/>\nSi vous avez une attache-t\u00e9tine dans les mains, les morceaux ne doivent absolument pas se d\u00e9tacher et tomber, m\u00eame si vous la jetez contre un mur ou si vous marchez dessus ! S\u2019il se brise, il est tr\u00e8s peu probable qu\u2019il survive aux tests de r\u00e9sistance aux chocs effectu\u00e9s en laboratoire et serait donc dangereux.<\/p>\n","protected":false},"excerpt":{"rendered":"<p>Chicco Safety Clip Clap Nouveau Clip Universel Avec Cha\u00eene<br \/>\n0 mois +<br \/>\nDisponible en 2 styles assortis<\/p>\n<p>Fourni avec un ruban textile souple ou avec une cha\u00eene.<\/p>\n<p>Poids (environ) : 200 g<br \/>\nDimensions (environ) : 5 pouces x 1 pouce x 6,5 pouces<\/p>\n","protected":false},"featured_media":14346,"comment_status":"open","ping_status":"closed","template":"","meta":{"inline_featured_image":false,"_monsterinsights_skip_tracking":false,"_monsterinsights_sitenote_active":false,"_monsterinsights_sitenote_note":"","_monsterinsights_sitenote_category":0,"_joinchat":[]},"product_cat":[151],"product_tag":[],"class_list":{"0":"post-14345","1":"product","2":"type-product","3":"status-publish","4":"has-post-thumbnail","6":"product_cat-chicco","8":"first","9":"instock","10":"shipping-taxable","11":"purchasable","12":"product-type-simple","13":"add-to-wishlist-after_add_to_cart"},"aioseo_notices":[],"_links":{"self":[{"href":"https:\/\/pararepublique.com\/index.php\/wp-json\/wp\/v2\/product\/14345","targetHints":{"allow":["GET"]}}],"collection":[{"href":"https:\/\/pararepublique.com\/index.php\/wp-json\/wp\/v2\/product"}],"about":[{"href":"https:\/\/pararepublique.com\/index.php\/wp-json\/wp\/v2\/types\/product"}],"replies":[{"embeddable":true,"href":"https:\/\/pararepublique.com\/index.php\/wp-json\/wp\/v2\/comments?post=14345"}],"version-history":[{"count":1,"href":"https:\/\/pararepublique.com\/index.php\/wp-json\/wp\/v2\/product\/14345\/revisions"}],"predecessor-version":[{"id":14347,"href":"https:\/\/pararepublique.com\/index.php\/wp-json\/wp\/v2\/product\/14345\/revisions\/14347"}],"wp:featuredmedia":[{"embeddable":true,"href":"https:\/\/pararepublique.com\/index.php\/wp-json\/wp\/v2\/media\/14346"}],"wp:attachment":[{"href":"https:\/\/pararepublique.com\/index.php\/wp-json\/wp\/v2\/media?parent=14345"}],"wp:term":[{"taxonomy":"product_cat","embeddable":true,"href":"https:\/\/pararepublique.com\/index.php\/wp-json\/wp\/v2\/product_cat?post=14345"},{"taxonomy":"product_tag","embeddable":true,"href":"https:\/\/pararepublique.com\/index.php\/wp-json\/wp\/v2\/product_tag?post=14345"}],"curies":[{"name":"wp","href":"https:\/\/api.w.org\/{rel}","templated":true}]}}