{"id":14359,"date":"2024-12-10T12:50:32","date_gmt":"2024-12-10T12:50:32","guid":{"rendered":"https:\/\/pararepublique.com\/?post_type=product&#038;p=14359"},"modified":"2024-12-10T12:50:32","modified_gmt":"2024-12-10T12:50:32","slug":"chicco-coffret-dentition-4pcs-bleu","status":"publish","type":"product","link":"https:\/\/pararepublique.com\/index.php\/product\/chicco-coffret-dentition-4pcs-bleu\/","title":{"rendered":"CHICCO COFFRET DENTITION 4PCS BLEU"},"content":{"rendered":"<div class=\"product-detail-description-text\">\n<p>L&rsquo;anneau de dentition Chicco Cactus rafra\u00eechissant avec de l&rsquo;eau est rafra\u00eechissant et apaise les dents. L&rsquo;anneau de dentition a diff\u00e9rentes structures en forme de cactus. Gr\u00e2ce \u00e0 la forme du cactus, les enfants peuvent facilement tenir l&rsquo;anneau de dentition dans la main et le porter \u00e0 la bouche. L&rsquo;anneau de dentition r\u00e9frig\u00e9rant peut \u00eatre plac\u00e9 au r\u00e9frig\u00e9rateur et r\u00e9frig\u00e9r\u00e9 pour refroidir l&rsquo;int\u00e9rieur de la bouche de votre b\u00e9b\u00e9. C&rsquo;est particuli\u00e8rement important en cas de douleurs dentaires ou pour soulager les gencives irrit\u00e9es. L&rsquo;anneau de dentition r\u00e9frig\u00e9rant avec de l&rsquo;eau peut \u00eatre particuli\u00e8rement utile dans les premi\u00e8res ann\u00e9es de b\u00e9b\u00e9.<\/p>\n<p><strong>Caract\u00e9ristiques de l&rsquo;anneau de dentition r\u00e9frig\u00e9rant Chicco Cactus avec eau :<\/strong><\/p>\n<ul>\n<li>a un effet rafra\u00eechissant et apaise les dents<\/li>\n<li>maintien de l&rsquo;anneau de dentition adapt\u00e9 \u00e0 l&rsquo;enfant<\/li>\n<li>l&rsquo;anneau de dentition peut \u00eatre refroidi au r\u00e9frig\u00e9rateur<\/li>\n<li>soulage les douleurs dentaires et les gencives irrit\u00e9es<\/li>\n<li>particuli\u00e8rement utile dans les premi\u00e8res ann\u00e9es de b\u00e9b\u00e9<\/li>\n<\/ul>\n<\/div>\n","protected":false},"excerpt":{"rendered":"<ul>\n<li>a un effet rafra\u00eechissant et apaise les dents<\/li>\n<li>maintien de l&rsquo;anneau de dentition adapt\u00e9 \u00e0 l&rsquo;enfant<\/li>\n<li>l&rsquo;anneau de dentition peut \u00eatre refroidi au r\u00e9frig\u00e9rateur<\/li>\n<li>soulage les douleurs dentaires et les gencives irrit\u00e9es<\/li>\n<li>particuli\u00e8rement utile dans les premi\u00e8res ann\u00e9es de b\u00e9b\u00e9<\/li>\n<\/ul>\n","protected":false},"featured_media":14360,"comment_status":"open","ping_status":"closed","template":"","meta":{"inline_featured_image":false,"_monsterinsights_skip_tracking":false,"_monsterinsights_sitenote_active":false,"_monsterinsights_sitenote_note":"","_monsterinsights_sitenote_category":0,"_joinchat":[]},"product_cat":[151],"product_tag":[],"class_list":{"0":"post-14359","1":"product","2":"type-product","3":"status-publish","4":"has-post-thumbnail","6":"product_cat-chicco","8":"first","9":"instock","10":"shipping-taxable","11":"purchasable","12":"product-type-simple","13":"add-to-wishlist-after_add_to_cart"},"aioseo_notices":[],"_links":{"self":[{"href":"https:\/\/pararepublique.com\/index.php\/wp-json\/wp\/v2\/product\/14359","targetHints":{"allow":["GET"]}}],"collection":[{"href":"https:\/\/pararepublique.com\/index.php\/wp-json\/wp\/v2\/product"}],"about":[{"href":"https:\/\/pararepublique.com\/index.php\/wp-json\/wp\/v2\/types\/product"}],"replies":[{"embeddable":true,"href":"https:\/\/pararepublique.com\/index.php\/wp-json\/wp\/v2\/comments?post=14359"}],"version-history":[{"count":1,"href":"https:\/\/pararepublique.com\/index.php\/wp-json\/wp\/v2\/product\/14359\/revisions"}],"predecessor-version":[{"id":14361,"href":"https:\/\/pararepublique.com\/index.php\/wp-json\/wp\/v2\/product\/14359\/revisions\/14361"}],"wp:featuredmedia":[{"embeddable":true,"href":"https:\/\/pararepublique.com\/index.php\/wp-json\/wp\/v2\/media\/14360"}],"wp:attachment":[{"href":"https:\/\/pararepublique.com\/index.php\/wp-json\/wp\/v2\/media?parent=14359"}],"wp:term":[{"taxonomy":"product_cat","embeddable":true,"href":"https:\/\/pararepublique.com\/index.php\/wp-json\/wp\/v2\/product_cat?post=14359"},{"taxonomy":"product_tag","embeddable":true,"href":"https:\/\/pararepublique.com\/index.php\/wp-json\/wp\/v2\/product_tag?post=14359"}],"curies":[{"name":"wp","href":"https:\/\/api.w.org\/{rel}","templated":true}]}}