{"id":14367,"date":"2024-12-10T13:01:25","date_gmt":"2024-12-10T13:01:25","guid":{"rendered":"https:\/\/pararepublique.com\/?post_type=product&#038;p=14367"},"modified":"2024-12-10T13:01:25","modified_gmt":"2024-12-10T13:01:25","slug":"chicco-compresse-hydrogel-rafrai","status":"publish","type":"product","link":"https:\/\/pararepublique.com\/index.php\/product\/chicco-compresse-hydrogel-rafrai\/","title":{"rendered":"CHICCO COMPRESSE HYDROGEL RAFRAI"},"content":{"rendered":"<p>Utilis\u00e9s \u00e0 partir des premiers signes de rougeur, ils aident \u00e0 pr\u00e9venir et \u00e0 traiter l&rsquo;irritation ou les l\u00e9sions du mamelon, en maintenant l&rsquo;hydratation et l&rsquo;\u00e9lasticit\u00e9 de la peau. Ils r\u00e9duisent la douleur, se rafra\u00eechissent et prot\u00e8gent la zone affect\u00e9e, permettant ainsi \u00e0 l&rsquo;allaitement de se poursuivre. Dans le cas de fissures, ils favorisent \u00e9galement la gu\u00e9rison en cr\u00e9ant l&rsquo;environnement id\u00e9al pour gu\u00e9rir et r\u00e9duire la prolif\u00e9ration bact\u00e9rienne.<\/p>\n","protected":false},"excerpt":{"rendered":"<ul class=\"a-unordered-list a-vertical a-spacing-mini\">\n<li class=\"a-spacing-mini\"><span class=\"a-list-item\">Aide \u00e0 pr\u00e9venir et \u00e0 traiter l&rsquo;irritation des mamelons<\/span><\/li>\n<li class=\"a-spacing-mini\"><span class=\"a-list-item\">Rafra\u00eechir et prot\u00e9ger la peau, r\u00e9duisant la douleur due \u00e0 l&rsquo;irritation<\/span><\/li>\n<\/ul>\n","protected":false},"featured_media":14368,"comment_status":"open","ping_status":"closed","template":"","meta":{"inline_featured_image":false,"_monsterinsights_skip_tracking":false,"_monsterinsights_sitenote_active":false,"_monsterinsights_sitenote_note":"","_monsterinsights_sitenote_category":0,"_joinchat":[]},"product_cat":[151],"product_tag":[],"class_list":{"0":"post-14367","1":"product","2":"type-product","3":"status-publish","4":"has-post-thumbnail","6":"product_cat-chicco","8":"first","9":"instock","10":"shipping-taxable","11":"purchasable","12":"product-type-simple","13":"add-to-wishlist-after_add_to_cart"},"aioseo_notices":[],"_links":{"self":[{"href":"https:\/\/pararepublique.com\/index.php\/wp-json\/wp\/v2\/product\/14367","targetHints":{"allow":["GET"]}}],"collection":[{"href":"https:\/\/pararepublique.com\/index.php\/wp-json\/wp\/v2\/product"}],"about":[{"href":"https:\/\/pararepublique.com\/index.php\/wp-json\/wp\/v2\/types\/product"}],"replies":[{"embeddable":true,"href":"https:\/\/pararepublique.com\/index.php\/wp-json\/wp\/v2\/comments?post=14367"}],"version-history":[{"count":2,"href":"https:\/\/pararepublique.com\/index.php\/wp-json\/wp\/v2\/product\/14367\/revisions"}],"predecessor-version":[{"id":14370,"href":"https:\/\/pararepublique.com\/index.php\/wp-json\/wp\/v2\/product\/14367\/revisions\/14370"}],"wp:featuredmedia":[{"embeddable":true,"href":"https:\/\/pararepublique.com\/index.php\/wp-json\/wp\/v2\/media\/14368"}],"wp:attachment":[{"href":"https:\/\/pararepublique.com\/index.php\/wp-json\/wp\/v2\/media?parent=14367"}],"wp:term":[{"taxonomy":"product_cat","embeddable":true,"href":"https:\/\/pararepublique.com\/index.php\/wp-json\/wp\/v2\/product_cat?post=14367"},{"taxonomy":"product_tag","embeddable":true,"href":"https:\/\/pararepublique.com\/index.php\/wp-json\/wp\/v2\/product_tag?post=14367"}],"curies":[{"name":"wp","href":"https:\/\/api.w.org\/{rel}","templated":true}]}}