{"id":14371,"date":"2024-12-10T13:51:52","date_gmt":"2024-12-10T13:51:52","guid":{"rendered":"https:\/\/pararepublique.com\/?post_type=product&#038;p=14371"},"modified":"2024-12-10T13:51:52","modified_gmt":"2024-12-10T13:51:52","slug":"chicco-compresse-ombelicale-lot-de-3","status":"publish","type":"product","link":"https:\/\/pararepublique.com\/index.php\/product\/chicco-compresse-ombelicale-lot-de-3\/","title":{"rendered":"CHICCO COMPRESSE OMBELICALE LOT DE 3"},"content":{"rendered":"<p>Le kit de grain est utile pour effectuer un pansement nombril correct. Le bandage en maille permet de fixer d\u00e9licatement le pansement. Ne serre pas et n&rsquo;irrite pas la peau, ce qui permet la respirabilit\u00e9. Les comprim\u00e9s st\u00e9riles en non-tiss\u00e9 \u00e0 4 plis de protection, s&rsquo;adaptent \u00e0 l&rsquo;abdomen de l&rsquo;enfant et ne collent pas \u00e0 la plaie. Contient 3 comprim\u00e9s st\u00e9riles en TNT et 3 bandages en maille.<\/p>\n","protected":false},"excerpt":{"rendered":"<p>Kit de grain est utile pour effectuer un pansement nombril correct et s\u00fbr. 1. Nettoyez la zone du cordon nombril. 2. Placez l&rsquo;une des gaze st\u00e9riles sur la zone du cordon ombilical. 3. Utilisez le bandage en maille fournie pour fixer la gaze.<\/p>\n","protected":false},"featured_media":14372,"comment_status":"open","ping_status":"closed","template":"","meta":{"inline_featured_image":false,"_monsterinsights_skip_tracking":false,"_monsterinsights_sitenote_active":false,"_monsterinsights_sitenote_note":"","_monsterinsights_sitenote_category":0,"_joinchat":[]},"product_cat":[151],"product_tag":[],"class_list":{"0":"post-14371","1":"product","2":"type-product","3":"status-publish","4":"has-post-thumbnail","6":"product_cat-chicco","8":"first","9":"instock","10":"shipping-taxable","11":"purchasable","12":"product-type-simple","13":"add-to-wishlist-after_add_to_cart"},"aioseo_notices":[],"_links":{"self":[{"href":"https:\/\/pararepublique.com\/index.php\/wp-json\/wp\/v2\/product\/14371","targetHints":{"allow":["GET"]}}],"collection":[{"href":"https:\/\/pararepublique.com\/index.php\/wp-json\/wp\/v2\/product"}],"about":[{"href":"https:\/\/pararepublique.com\/index.php\/wp-json\/wp\/v2\/types\/product"}],"replies":[{"embeddable":true,"href":"https:\/\/pararepublique.com\/index.php\/wp-json\/wp\/v2\/comments?post=14371"}],"version-history":[{"count":2,"href":"https:\/\/pararepublique.com\/index.php\/wp-json\/wp\/v2\/product\/14371\/revisions"}],"predecessor-version":[{"id":14374,"href":"https:\/\/pararepublique.com\/index.php\/wp-json\/wp\/v2\/product\/14371\/revisions\/14374"}],"wp:featuredmedia":[{"embeddable":true,"href":"https:\/\/pararepublique.com\/index.php\/wp-json\/wp\/v2\/media\/14372"}],"wp:attachment":[{"href":"https:\/\/pararepublique.com\/index.php\/wp-json\/wp\/v2\/media?parent=14371"}],"wp:term":[{"taxonomy":"product_cat","embeddable":true,"href":"https:\/\/pararepublique.com\/index.php\/wp-json\/wp\/v2\/product_cat?post=14371"},{"taxonomy":"product_tag","embeddable":true,"href":"https:\/\/pararepublique.com\/index.php\/wp-json\/wp\/v2\/product_tag?post=14371"}],"curies":[{"name":"wp","href":"https:\/\/api.w.org\/{rel}","templated":true}]}}