{"id":14375,"date":"2024-12-10T13:57:37","date_gmt":"2024-12-10T13:57:37","guid":{"rendered":"https:\/\/pararepublique.com\/?post_type=product&#038;p=14375"},"modified":"2024-12-10T13:57:38","modified_gmt":"2024-12-10T13:57:38","slug":"chicco-coquilles-de-poitrine-om","status":"publish","type":"product","link":"https:\/\/pararepublique.com\/index.php\/product\/chicco-coquilles-de-poitrine-om\/","title":{"rendered":"CHICCO COQUILLES DE POITRINE OM+"},"content":{"rendered":"<h4><span id=\"cleaning_and_hygiene\">NETTOYAGE ET HYGI\u00c8NE<\/span><\/h4>\n<p>Avant d&rsquo;utiliser CHICCO BREAST SHELLS pour la premi\u00e8re fois, s\u00e9parer chaque composant et laver abondamment avec de l&rsquo;eau et du liquide vaisselle domestique, puis rincer soigneusement.<\/p>\n<p>Avant chaque utilisation, d\u00e9sinfectez le produit (apr\u00e8s avoir s\u00e9par\u00e9 toutes les pi\u00e8ces) dans de l&rsquo;eau bouillante et\/ou avec un st\u00e9rilisateur \u00e9lectrique, un st\u00e9rilisateur pour le four ou le four \u00e0 micro-ondes, ou un appareil de st\u00e9rilisation \u00e0 l&rsquo;eau froide.<span id=\"ezoic-pub-ad-placeholder-165\" data-inserter-version=\"2\"><\/span><\/p>\n<p>Apr\u00e8s chaque utilisation, \u00e9liminer le lait et laver soigneusement le produit comme indiqu\u00e9 au point 1 en veillant \u00e0 \u00e9liminer tout r\u00e9sidu de lait. S\u00e9cher et stocker dans un endroit propre et sec \u00e0 l&rsquo;abri de la lumi\u00e8re et des sources directes de chaleur. Ne pas laver au lave-vaisselle<\/p>\n<p>Se laver soigneusement les mains et la poitrine. Placez la membrane en silicone souple sur la coque du sein en veillant \u00e0 ce qu&rsquo;elle soit bien fix\u00e9e. Placez la coquille de poitrine \u00e0 l&rsquo;int\u00e9rieur du soutien-gorge et posez le mamelon \u00e0 l&rsquo;int\u00e9rieur de l&rsquo;ouverture, en vous assurant que les trous de ventilation sont orient\u00e9s vers le haut. Assurez-vous que les coques n&rsquo;exercent pas trop de pression sur la poitrine lorsque vous portez des v\u00eatements serr\u00e9s.<\/p>\n<div class=\"57be77cde1a6ddba353152d58844f9cf\" data-index=\"2\"><\/div>\n<p>Pour vider la coque, retirez d\u00e9licatement la membrane en silicone. Pour plus d&rsquo;informations sur l&rsquo;hygi\u00e8ne et l&rsquo;utilisation des coquilles, suivez les instructions aux points 1, 2 et 3. Nous vous recommandons d&rsquo;utiliser les coquilles d&rsquo;allaitement pendant la nuit et toujours en position allong\u00e9e. Dans ce cas, vous pouvez utiliser les CHICCO PADS \u00e0 usage unique.<\/p>\n<p class=\"gt-block\"><strong>ATTENTION<\/strong><\/p>\n<div class=\"57be77cde1a6ddba353152d58844f9cf\" data-index=\"6\"><\/div>\n<ul>\n<li>Lorsqu&rsquo;il n&rsquo;est pas utilis\u00e9, gardez le produit hors de port\u00e9e des enfants.<\/li>\n<li>N&rsquo;utilisez pas le produit lorsqu&rsquo;il pr\u00e9sente des signes de dommages ou d&rsquo;usure.<span id=\"ezoic-pub-ad-placeholder-168\" data-inserter-version=\"2\"><\/span><\/li>\n<li>Lorsqu&rsquo;il n&rsquo;est pas utilis\u00e9, stocker le produit dans un r\u00e9cipient propre, sec et ferm\u00e9, \u00e0 l&rsquo;abri de la lumi\u00e8re du soleil ou des sources de chaleur directes.<span id=\"ezoic-pub-ad-placeholder-914\" data-method=\"placement-service\"><\/span><\/li>\n<li>Gardez tous les emballages (tels que sacs plastiques, cartons, etc.) hors de port\u00e9e des enfants, car ils pourraient pr\u00e9senter une source de danger.<span id=\"ezoic-pub-ad-placeholder-169\" data-inserter-version=\"2\"><\/span><\/li>\n<li>Ce produit est express\u00e9ment destin\u00e9 uniquement \u00e0 l&rsquo;usage pour lequel il a \u00e9t\u00e9 con\u00e7u (c&rsquo;est-\u00e0-dire comme plastron).<\/li>\n<li>Signalez tout accident grave au fabricant et aux autorit\u00e9s comp\u00e9tentes du pays concern\u00e9.<\/li>\n<\/ul>\n","protected":false},"excerpt":{"rendered":"<ul>\n<li>Recueille les d\u00e9versements de lait pendant la t\u00e9t\u00e9e, emp\u00eachant le contact prolong\u00e9 de la peau avec les r\u00e9sidus de lait et offrant une protection pour les v\u00eatements.<span id=\"ezoic-pub-ad-placeholder-909\" data-method=\"placement-service\"><\/span><span id=\"ezoic-pub-ad-placeholder-162\" data-inserter-version=\"2\"><\/span><\/li>\n<li>Permet aux mamelons de respirer gr\u00e2ce aux trous de ventilation, qui permettent \u00e0 l&rsquo;air de circuler et de garder la peau s\u00e8che.<\/li>\n<li>La membrane en silicone souple offre un contact confortable avec la peau et s&rsquo;adapte en douceur \u00e0 la forme du sein.<span id=\"ezoic-pub-ad-placeholder-910\" data-method=\"placement-service\"><\/span><span id=\"ezoic-pub-ad-placeholder-163\" data-inserter-version=\"2\"><\/span><\/li>\n<li>La conception anatomique \u00e9pouse la forme du sein.<\/li>\n<li>Le gobelet fourni permet de verser facilement le lait.<\/li>\n<\/ul>\n","protected":false},"featured_media":14376,"comment_status":"open","ping_status":"closed","template":"","meta":{"inline_featured_image":false,"_monsterinsights_skip_tracking":false,"_monsterinsights_sitenote_active":false,"_monsterinsights_sitenote_note":"","_monsterinsights_sitenote_category":0,"_joinchat":[]},"product_cat":[151],"product_tag":[],"class_list":{"0":"post-14375","1":"product","2":"type-product","3":"status-publish","4":"has-post-thumbnail","6":"product_cat-chicco","8":"first","9":"instock","10":"shipping-taxable","11":"purchasable","12":"product-type-simple","13":"add-to-wishlist-after_add_to_cart"},"aioseo_notices":[],"_links":{"self":[{"href":"https:\/\/pararepublique.com\/index.php\/wp-json\/wp\/v2\/product\/14375","targetHints":{"allow":["GET"]}}],"collection":[{"href":"https:\/\/pararepublique.com\/index.php\/wp-json\/wp\/v2\/product"}],"about":[{"href":"https:\/\/pararepublique.com\/index.php\/wp-json\/wp\/v2\/types\/product"}],"replies":[{"embeddable":true,"href":"https:\/\/pararepublique.com\/index.php\/wp-json\/wp\/v2\/comments?post=14375"}],"version-history":[{"count":1,"href":"https:\/\/pararepublique.com\/index.php\/wp-json\/wp\/v2\/product\/14375\/revisions"}],"predecessor-version":[{"id":14377,"href":"https:\/\/pararepublique.com\/index.php\/wp-json\/wp\/v2\/product\/14375\/revisions\/14377"}],"wp:featuredmedia":[{"embeddable":true,"href":"https:\/\/pararepublique.com\/index.php\/wp-json\/wp\/v2\/media\/14376"}],"wp:attachment":[{"href":"https:\/\/pararepublique.com\/index.php\/wp-json\/wp\/v2\/media?parent=14375"}],"wp:term":[{"taxonomy":"product_cat","embeddable":true,"href":"https:\/\/pararepublique.com\/index.php\/wp-json\/wp\/v2\/product_cat?post=14375"},{"taxonomy":"product_tag","embeddable":true,"href":"https:\/\/pararepublique.com\/index.php\/wp-json\/wp\/v2\/product_tag?post=14375"}],"curies":[{"name":"wp","href":"https:\/\/api.w.org\/{rel}","templated":true}]}}