{"id":14381,"date":"2024-12-10T14:04:26","date_gmt":"2024-12-10T14:04:26","guid":{"rendered":"https:\/\/pararepublique.com\/?post_type=product&#038;p=14381"},"modified":"2024-12-10T14:04:27","modified_gmt":"2024-12-10T14:04:27","slug":"chicco-coton-tige-bb-p-60","status":"publish","type":"product","link":"https:\/\/pararepublique.com\/index.php\/product\/chicco-coton-tige-bb-p-60\/","title":{"rendered":"CHICCO COTON TIGE BB P\/60"},"content":{"rendered":"<h2>Caract\u00e9ristiques<\/h2>\n<ul>\n<li>Les b\u00e2tonnets ouat\u00e9s Chicco offrent une combinaison id\u00e9ale de souplesse et de flexibilit\u00e9 pour assurer une bonne hygi\u00e8ne des oreilles.<\/li>\n<li>Fabriqu\u00e9s exclusivement \u00e0 partir de 100 % coton.<\/li>\n<li>\u00c9co-responsables, ils sont 100 % biod\u00e9gradables et compostables, soutenant ainsi les pratiques \u00e9cologiques.<\/li>\n<li>Disponibles en lot de 60 pi\u00e8ces, ces b\u00e2tonnets sont parfaits pour une utilisation quotidienne et durable.<\/li>\n<\/ul>\n","protected":false},"excerpt":{"rendered":"<div id=\"product-description-short-117\" class=\"description-short\">\n<p>Le coton-tige de s\u00e9curit\u00e9 est produit pour nettoyer les oreilles de vos enfants en toute s\u00e9curit\u00e9, avec un embout limitant la profondeur d&rsquo;insertion pour pr\u00e9venir les risques de blessures.<\/p>\n<\/div>\n","protected":false},"featured_media":14382,"comment_status":"open","ping_status":"closed","template":"","meta":{"inline_featured_image":false,"_monsterinsights_skip_tracking":false,"_monsterinsights_sitenote_active":false,"_monsterinsights_sitenote_note":"","_monsterinsights_sitenote_category":0,"_joinchat":[]},"product_cat":[151],"product_tag":[],"class_list":{"0":"post-14381","1":"product","2":"type-product","3":"status-publish","4":"has-post-thumbnail","6":"product_cat-chicco","8":"first","9":"instock","10":"shipping-taxable","11":"purchasable","12":"product-type-simple","13":"add-to-wishlist-after_add_to_cart"},"aioseo_notices":[],"_links":{"self":[{"href":"https:\/\/pararepublique.com\/index.php\/wp-json\/wp\/v2\/product\/14381","targetHints":{"allow":["GET"]}}],"collection":[{"href":"https:\/\/pararepublique.com\/index.php\/wp-json\/wp\/v2\/product"}],"about":[{"href":"https:\/\/pararepublique.com\/index.php\/wp-json\/wp\/v2\/types\/product"}],"replies":[{"embeddable":true,"href":"https:\/\/pararepublique.com\/index.php\/wp-json\/wp\/v2\/comments?post=14381"}],"version-history":[{"count":1,"href":"https:\/\/pararepublique.com\/index.php\/wp-json\/wp\/v2\/product\/14381\/revisions"}],"predecessor-version":[{"id":14383,"href":"https:\/\/pararepublique.com\/index.php\/wp-json\/wp\/v2\/product\/14381\/revisions\/14383"}],"wp:featuredmedia":[{"embeddable":true,"href":"https:\/\/pararepublique.com\/index.php\/wp-json\/wp\/v2\/media\/14382"}],"wp:attachment":[{"href":"https:\/\/pararepublique.com\/index.php\/wp-json\/wp\/v2\/media?parent=14381"}],"wp:term":[{"taxonomy":"product_cat","embeddable":true,"href":"https:\/\/pararepublique.com\/index.php\/wp-json\/wp\/v2\/product_cat?post=14381"},{"taxonomy":"product_tag","embeddable":true,"href":"https:\/\/pararepublique.com\/index.php\/wp-json\/wp\/v2\/product_tag?post=14381"}],"curies":[{"name":"wp","href":"https:\/\/api.w.org\/{rel}","templated":true}]}}