{"id":14384,"date":"2024-12-10T14:08:52","date_gmt":"2024-12-10T14:08:52","guid":{"rendered":"https:\/\/pararepublique.com\/?post_type=product&#038;p=14384"},"modified":"2024-12-10T14:08:52","modified_gmt":"2024-12-10T14:08:52","slug":"14384","status":"publish","type":"product","link":"https:\/\/pararepublique.com\/index.php\/product\/14384\/","title":{"rendered":""},"content":{"rendered":"","protected":false},"excerpt":{"rendered":"<div class=\"woocommerce-product-details__short-description\">\n<div>Les bo\u00eetes de coton Chicco permettent de nettoyer et de s\u00e9cher doucement l&rsquo;oreille du b\u00e9b\u00e9 et, gr\u00e2ce \u00e0 sa forme particuli\u00e8re, elles garantissent la d\u00e9licatesse et la protection du timp. Mais m\u00eame, ils sont faits de 100 % de coton \u00e0 peau douce et agr\u00e9able.<\/div>\n<div>160 unit\u00e9s.<\/div>\n<\/div>\n","protected":false},"featured_media":14385,"comment_status":"open","ping_status":"closed","template":"","meta":{"inline_featured_image":false,"_monsterinsights_skip_tracking":false,"_monsterinsights_sitenote_active":false,"_monsterinsights_sitenote_note":"","_monsterinsights_sitenote_category":0,"_joinchat":[]},"product_cat":[151],"product_tag":[],"class_list":{"0":"post-14384","1":"product","2":"type-product","3":"status-publish","4":"has-post-thumbnail","6":"product_cat-chicco","8":"first","9":"instock","10":"shipping-taxable","11":"purchasable","12":"product-type-simple","13":"add-to-wishlist-after_add_to_cart"},"aioseo_notices":[],"_links":{"self":[{"href":"https:\/\/pararepublique.com\/index.php\/wp-json\/wp\/v2\/product\/14384","targetHints":{"allow":["GET"]}}],"collection":[{"href":"https:\/\/pararepublique.com\/index.php\/wp-json\/wp\/v2\/product"}],"about":[{"href":"https:\/\/pararepublique.com\/index.php\/wp-json\/wp\/v2\/types\/product"}],"replies":[{"embeddable":true,"href":"https:\/\/pararepublique.com\/index.php\/wp-json\/wp\/v2\/comments?post=14384"}],"version-history":[{"count":2,"href":"https:\/\/pararepublique.com\/index.php\/wp-json\/wp\/v2\/product\/14384\/revisions"}],"predecessor-version":[{"id":14387,"href":"https:\/\/pararepublique.com\/index.php\/wp-json\/wp\/v2\/product\/14384\/revisions\/14387"}],"wp:featuredmedia":[{"embeddable":true,"href":"https:\/\/pararepublique.com\/index.php\/wp-json\/wp\/v2\/media\/14385"}],"wp:attachment":[{"href":"https:\/\/pararepublique.com\/index.php\/wp-json\/wp\/v2\/media?parent=14384"}],"wp:term":[{"taxonomy":"product_cat","embeddable":true,"href":"https:\/\/pararepublique.com\/index.php\/wp-json\/wp\/v2\/product_cat?post=14384"},{"taxonomy":"product_tag","embeddable":true,"href":"https:\/\/pararepublique.com\/index.php\/wp-json\/wp\/v2\/product_tag?post=14384"}],"curies":[{"name":"wp","href":"https:\/\/api.w.org\/{rel}","templated":true}]}}