{"id":14396,"date":"2024-12-10T14:26:14","date_gmt":"2024-12-10T14:26:14","guid":{"rendered":"https:\/\/pararepublique.com\/?post_type=product&#038;p=14396"},"modified":"2024-12-10T14:26:15","modified_gmt":"2024-12-10T14:26:15","slug":"chicco-cousin-pour-allaitement-chicco-coussinets-b-30","status":"publish","type":"product","link":"https:\/\/pararepublique.com\/index.php\/product\/chicco-cousin-pour-allaitement-chicco-coussinets-b-30\/","title":{"rendered":"CHICCO COUSIN POUR ALLAITEMENT CHICCO COUSSINETS B\/30"},"content":{"rendered":"<p>Les coussinets d\u2019allaitement de CHICCO ont \u00e9t\u00e9 con\u00e7us pour absorber les \u00e9ventuelles fuites de lait qui peuvent survenir entre deux t\u00e9t\u00e9es. Exclusifs, leur l\u00e9g\u00e8ret\u00e9, leur discr\u00e9tion et leur fort pouvoir d\u2019absorption, en font un produit unique et innovant.<\/p>\n","protected":false},"excerpt":{"rendered":"<p>Les coussinets d\u2019allaitement de CHICCO ont \u00e9t\u00e9 con\u00e7us pour absorber les \u00e9ventuelles fuites de lait qui peuvent survenir entre deux t\u00e9t\u00e9es.<\/p>\n","protected":false},"featured_media":14397,"comment_status":"open","ping_status":"closed","template":"","meta":{"inline_featured_image":false,"_monsterinsights_skip_tracking":false,"_monsterinsights_sitenote_active":false,"_monsterinsights_sitenote_note":"","_monsterinsights_sitenote_category":0,"_joinchat":[]},"product_cat":[151],"product_tag":[],"class_list":{"0":"post-14396","1":"product","2":"type-product","3":"status-publish","4":"has-post-thumbnail","6":"product_cat-chicco","8":"first","9":"instock","10":"shipping-taxable","11":"purchasable","12":"product-type-simple","13":"add-to-wishlist-after_add_to_cart"},"aioseo_notices":[],"_links":{"self":[{"href":"https:\/\/pararepublique.com\/index.php\/wp-json\/wp\/v2\/product\/14396","targetHints":{"allow":["GET"]}}],"collection":[{"href":"https:\/\/pararepublique.com\/index.php\/wp-json\/wp\/v2\/product"}],"about":[{"href":"https:\/\/pararepublique.com\/index.php\/wp-json\/wp\/v2\/types\/product"}],"replies":[{"embeddable":true,"href":"https:\/\/pararepublique.com\/index.php\/wp-json\/wp\/v2\/comments?post=14396"}],"version-history":[{"count":1,"href":"https:\/\/pararepublique.com\/index.php\/wp-json\/wp\/v2\/product\/14396\/revisions"}],"predecessor-version":[{"id":14398,"href":"https:\/\/pararepublique.com\/index.php\/wp-json\/wp\/v2\/product\/14396\/revisions\/14398"}],"wp:featuredmedia":[{"embeddable":true,"href":"https:\/\/pararepublique.com\/index.php\/wp-json\/wp\/v2\/media\/14397"}],"wp:attachment":[{"href":"https:\/\/pararepublique.com\/index.php\/wp-json\/wp\/v2\/media?parent=14396"}],"wp:term":[{"taxonomy":"product_cat","embeddable":true,"href":"https:\/\/pararepublique.com\/index.php\/wp-json\/wp\/v2\/product_cat?post=14396"},{"taxonomy":"product_tag","embeddable":true,"href":"https:\/\/pararepublique.com\/index.php\/wp-json\/wp\/v2\/product_tag?post=14396"}],"curies":[{"name":"wp","href":"https:\/\/api.w.org\/{rel}","templated":true}]}}