{"id":14402,"date":"2024-12-10T14:52:19","date_gmt":"2024-12-10T14:52:19","guid":{"rendered":"https:\/\/pararepublique.com\/?post_type=product&#038;p=14402"},"modified":"2024-12-10T14:52:20","modified_gmt":"2024-12-10T14:52:20","slug":"chicco-couvert-bout-inox-rose","status":"publish","type":"product","link":"https:\/\/pararepublique.com\/index.php\/product\/chicco-couvert-bout-inox-rose\/","title":{"rendered":"CHICCO COUVERT BOUT INOX ROSE"},"content":{"rendered":"<ul class=\"a-unordered-list a-vertical a-spacing-mini\">\n<li class=\"a-spacing-mini\"><span class=\"a-list-item\"> compos\u00e9 d&rsquo;une cuill\u00e8re et d&rsquo;une fourchette en plastique avec bouts en inox <\/span><\/li>\n<li class=\"a-spacing-mini\"><span class=\"a-list-item\"> Forme sp\u00e9cialement \u00e9tudi\u00e9e pour les petites mains et la bouche de b\u00e9b\u00e9. manches ergonomiques avec zones antid\u00e9rapantes <\/span><\/li>\n<li class=\"a-spacing-mini\"><span class=\"a-list-item\"> Bouts s\u00fbrs et arrondis pour ne pas blesser b\u00e9b\u00e9. compatibles lave-vaisselle (max 45\u00b0c) (lire les pr\u00e9cautions d&rsquo;usage dans le manuel d&rsquo;instructions). <\/span><\/li>\n<li class=\"a-spacing-mini\"><span class=\"a-list-item\"> Coloris al\u00e9atoire: Ce mod\u00e8le est livr\u00e9 par le fabricant sous forme d&rsquo;un assortiment al\u00e9atoire de plusieurs mod\u00e8les et\/ou coloris. Il nous est donc impossible de vous proposer un mod\u00e8le et\/ou un coloris en particulier. En validant votre commande, vous recevrez donc un des mod\u00e8les figurant sur l&rsquo;image en fonction du stock disponible. Nous vous remercions pour votre compr\u00e9hension. <\/span><\/li>\n<\/ul>\n","protected":false},"excerpt":{"rendered":"<p><span class=\"a-list-item\"> Compos\u00e9 d&rsquo;une cuill\u00e8re et d&rsquo;une fourchette en plastique avec bouts en inox. forme sp\u00e9cialement \u00e9tudi\u00e9e pour les petites mains et la bouche de b\u00e9b\u00e9. manches ergonomiques avec zones antid\u00e9rapantes. bouts s\u00fbrs et arrondis pour ne pas blesser b\u00e9b\u00e9. compatibles lave-vaisselle (max 45\u00b0c) (lire les pr\u00e9cautions d&rsquo;usage dans le manuel d&rsquo;instructions). <\/span><\/p>\n","protected":false},"featured_media":14403,"comment_status":"open","ping_status":"closed","template":"","meta":{"inline_featured_image":false,"_monsterinsights_skip_tracking":false,"_monsterinsights_sitenote_active":false,"_monsterinsights_sitenote_note":"","_monsterinsights_sitenote_category":0,"_joinchat":[]},"product_cat":[151],"product_tag":[],"class_list":{"0":"post-14402","1":"product","2":"type-product","3":"status-publish","4":"has-post-thumbnail","6":"product_cat-chicco","8":"first","9":"instock","10":"shipping-taxable","11":"purchasable","12":"product-type-simple","13":"add-to-wishlist-after_add_to_cart"},"aioseo_notices":[],"_links":{"self":[{"href":"https:\/\/pararepublique.com\/index.php\/wp-json\/wp\/v2\/product\/14402","targetHints":{"allow":["GET"]}}],"collection":[{"href":"https:\/\/pararepublique.com\/index.php\/wp-json\/wp\/v2\/product"}],"about":[{"href":"https:\/\/pararepublique.com\/index.php\/wp-json\/wp\/v2\/types\/product"}],"replies":[{"embeddable":true,"href":"https:\/\/pararepublique.com\/index.php\/wp-json\/wp\/v2\/comments?post=14402"}],"version-history":[{"count":1,"href":"https:\/\/pararepublique.com\/index.php\/wp-json\/wp\/v2\/product\/14402\/revisions"}],"predecessor-version":[{"id":14404,"href":"https:\/\/pararepublique.com\/index.php\/wp-json\/wp\/v2\/product\/14402\/revisions\/14404"}],"wp:featuredmedia":[{"embeddable":true,"href":"https:\/\/pararepublique.com\/index.php\/wp-json\/wp\/v2\/media\/14403"}],"wp:attachment":[{"href":"https:\/\/pararepublique.com\/index.php\/wp-json\/wp\/v2\/media?parent=14402"}],"wp:term":[{"taxonomy":"product_cat","embeddable":true,"href":"https:\/\/pararepublique.com\/index.php\/wp-json\/wp\/v2\/product_cat?post=14402"},{"taxonomy":"product_tag","embeddable":true,"href":"https:\/\/pararepublique.com\/index.php\/wp-json\/wp\/v2\/product_tag?post=14402"}],"curies":[{"name":"wp","href":"https:\/\/api.w.org\/{rel}","templated":true}]}}