{"id":14408,"date":"2024-12-10T15:03:32","date_gmt":"2024-12-10T15:03:32","guid":{"rendered":"https:\/\/pararepublique.com\/?post_type=product&#038;p=14408"},"modified":"2024-12-10T15:03:32","modified_gmt":"2024-12-10T15:03:32","slug":"chicco-physio-lotx2-air-latex-6-16m","status":"publish","type":"product","link":"https:\/\/pararepublique.com\/index.php\/product\/chicco-physio-lotx2-air-latex-6-16m\/","title":{"rendered":"CHICCO PHYSIO LOTX2 AIR LATEX 6-16M"},"content":{"rendered":"<div id=\"product-description\">\n<p>La\u00a0<strong>t\u00e9tine Physio Air de Chicco<\/strong>\u00a0orthodontique favorise le bon d\u00e9veloppement de la bouche en r\u00e9partissant correctement la pression exerc\u00e9e sur le palais et en aidant b\u00e9b\u00e9 \u00e0 bien positionner sa langue. La base fine et flexible permet \u00e0 b\u00e9b\u00e9 de fermer la bouche sans aucune g\u00eane.<\/p>\n<ul>\n<li>Nombreux trous de ventilation pour favoriser le passage de l\u2019air<\/li>\n<li>Bouclier adapt\u00e9 qui ne g\u00eane pas le nez ni le menton du b\u00e9b\u00e9<\/li>\n<li>Bouclier courbe et arrondis, ergonomique sur le visage de b\u00e9b\u00e9.<\/li>\n<li>\u00c9tui porte-sucette st\u00e9rilisable pour ranger les sucettes ou les emporter en balade<\/li>\n<li>Le paquet comprend 2 sucettes<\/li>\n<\/ul>\n<\/div>\n","protected":false},"excerpt":{"rendered":"<p>La\u00a0<strong>t\u00e9tine Physio Air de Chicco<\/strong>\u00a0orthodontique favorise le bon d\u00e9veloppement de la bouche en r\u00e9partissant correctement la pression exerc\u00e9e sur le palais et en aidant b\u00e9b\u00e9 \u00e0 bien positionner sa langue.<\/p>\n","protected":false},"featured_media":14409,"comment_status":"open","ping_status":"closed","template":"","meta":{"inline_featured_image":false,"_monsterinsights_skip_tracking":false,"_monsterinsights_sitenote_active":false,"_monsterinsights_sitenote_note":"","_monsterinsights_sitenote_category":0,"_joinchat":[]},"product_cat":[151],"product_tag":[],"class_list":{"0":"post-14408","1":"product","2":"type-product","3":"status-publish","4":"has-post-thumbnail","6":"product_cat-chicco","8":"first","9":"instock","10":"shipping-taxable","11":"purchasable","12":"product-type-simple","13":"add-to-wishlist-after_add_to_cart"},"aioseo_notices":[],"_links":{"self":[{"href":"https:\/\/pararepublique.com\/index.php\/wp-json\/wp\/v2\/product\/14408","targetHints":{"allow":["GET"]}}],"collection":[{"href":"https:\/\/pararepublique.com\/index.php\/wp-json\/wp\/v2\/product"}],"about":[{"href":"https:\/\/pararepublique.com\/index.php\/wp-json\/wp\/v2\/types\/product"}],"replies":[{"embeddable":true,"href":"https:\/\/pararepublique.com\/index.php\/wp-json\/wp\/v2\/comments?post=14408"}],"version-history":[{"count":1,"href":"https:\/\/pararepublique.com\/index.php\/wp-json\/wp\/v2\/product\/14408\/revisions"}],"predecessor-version":[{"id":14410,"href":"https:\/\/pararepublique.com\/index.php\/wp-json\/wp\/v2\/product\/14408\/revisions\/14410"}],"wp:featuredmedia":[{"embeddable":true,"href":"https:\/\/pararepublique.com\/index.php\/wp-json\/wp\/v2\/media\/14409"}],"wp:attachment":[{"href":"https:\/\/pararepublique.com\/index.php\/wp-json\/wp\/v2\/media?parent=14408"}],"wp:term":[{"taxonomy":"product_cat","embeddable":true,"href":"https:\/\/pararepublique.com\/index.php\/wp-json\/wp\/v2\/product_cat?post=14408"},{"taxonomy":"product_tag","embeddable":true,"href":"https:\/\/pararepublique.com\/index.php\/wp-json\/wp\/v2\/product_tag?post=14408"}],"curies":[{"name":"wp","href":"https:\/\/api.w.org\/{rel}","templated":true}]}}