{"id":14411,"date":"2024-12-10T15:06:25","date_gmt":"2024-12-10T15:06:25","guid":{"rendered":"https:\/\/pararepublique.com\/?post_type=product&#038;p=14411"},"modified":"2024-12-10T15:06:25","modified_gmt":"2024-12-10T15:06:25","slug":"chicco-porte-sucett-dble-blanc-om","status":"publish","type":"product","link":"https:\/\/pararepublique.com\/index.php\/product\/chicco-porte-sucett-dble-blanc-om\/","title":{"rendered":"CHICCO PORTE SUCETT DBLE BLANC OM+"},"content":{"rendered":"<div class=\"row\">\n<div class=\"col custom_mb20\">\n<ul class=\"list-style description-section\">\n<li>Pratique en toutes occasions, ce porte-sucette est con\u00e7u pour offrir hygi\u00e8ne et praticit\u00e9.<\/li>\n<li>Sa conception lui permet d&rsquo;accueillir 2 sucettes en garantissant leur hygi\u00e8ne.<\/li>\n<li>Le passage d&rsquo;un ruban dans les fentes permet d&rsquo;attacher le porte-sucette \u00e0 votre sac ou \u00e0 une poussette.<\/li>\n<\/ul>\n<\/div>\n<\/div>\n","protected":false},"excerpt":{"rendered":"<p>Sa conception lui permet d&rsquo;accueillir 2 sucettes en garantissant leur hygi\u00e8ne.<\/p>\n","protected":false},"featured_media":14412,"comment_status":"open","ping_status":"closed","template":"","meta":{"inline_featured_image":false,"_monsterinsights_skip_tracking":false,"_monsterinsights_sitenote_active":false,"_monsterinsights_sitenote_note":"","_monsterinsights_sitenote_category":0,"_joinchat":[]},"product_cat":[151],"product_tag":[],"class_list":{"0":"post-14411","1":"product","2":"type-product","3":"status-publish","4":"has-post-thumbnail","6":"product_cat-chicco","8":"first","9":"instock","10":"shipping-taxable","11":"purchasable","12":"product-type-simple","13":"add-to-wishlist-after_add_to_cart"},"aioseo_notices":[],"_links":{"self":[{"href":"https:\/\/pararepublique.com\/index.php\/wp-json\/wp\/v2\/product\/14411","targetHints":{"allow":["GET"]}}],"collection":[{"href":"https:\/\/pararepublique.com\/index.php\/wp-json\/wp\/v2\/product"}],"about":[{"href":"https:\/\/pararepublique.com\/index.php\/wp-json\/wp\/v2\/types\/product"}],"replies":[{"embeddable":true,"href":"https:\/\/pararepublique.com\/index.php\/wp-json\/wp\/v2\/comments?post=14411"}],"version-history":[{"count":1,"href":"https:\/\/pararepublique.com\/index.php\/wp-json\/wp\/v2\/product\/14411\/revisions"}],"predecessor-version":[{"id":14413,"href":"https:\/\/pararepublique.com\/index.php\/wp-json\/wp\/v2\/product\/14411\/revisions\/14413"}],"wp:featuredmedia":[{"embeddable":true,"href":"https:\/\/pararepublique.com\/index.php\/wp-json\/wp\/v2\/media\/14412"}],"wp:attachment":[{"href":"https:\/\/pararepublique.com\/index.php\/wp-json\/wp\/v2\/media?parent=14411"}],"wp:term":[{"taxonomy":"product_cat","embeddable":true,"href":"https:\/\/pararepublique.com\/index.php\/wp-json\/wp\/v2\/product_cat?post=14411"},{"taxonomy":"product_tag","embeddable":true,"href":"https:\/\/pararepublique.com\/index.php\/wp-json\/wp\/v2\/product_tag?post=14411"}],"curies":[{"name":"wp","href":"https:\/\/api.w.org\/{rel}","templated":true}]}}