{"id":14414,"date":"2024-12-10T15:09:21","date_gmt":"2024-12-10T15:09:21","guid":{"rendered":"https:\/\/pararepublique.com\/?post_type=product&#038;p=14414"},"modified":"2024-12-10T15:09:21","modified_gmt":"2024-12-10T15:09:21","slug":"chicco-porte-sucette-bleu","status":"publish","type":"product","link":"https:\/\/pararepublique.com\/index.php\/product\/chicco-porte-sucette-bleu\/","title":{"rendered":"CHICCO PORTE SUCETTE  BLEU"},"content":{"rendered":"<div id=\"description\" class=\"tab-pane fade in active\" role=\"tabpanel\">\n<div class=\"product-description\">\n<p>Attache-sucette muni d&rsquo;une cha\u00eenette, id\u00e9al pour \u00e9viter que la sucette ne tombe par terre, se perde ou se salisse.<\/p>\n<p>La partie souple flexible \u00e0 l&rsquo;extremit\u00e9 sup\u00e9rieure s&rsquo;attache facilement aux sucettes avec ou sans anneau tandis que la petite pince \u00e0 l&rsquo;autre extremit\u00e9 permet d&rsquo;attacher l&rsquo;attache-sucette sur l&rsquo;habit de votre enfant.<\/p>\n<p>Dimensions r\u00e9duites du bouclier et formes arrondies pour une maximum de praticit\u00e9.<\/p>\n<\/div>\n<\/div>\n","protected":false},"excerpt":{"rendered":"<p>Attache-sucette muni d&rsquo;une cha\u00eenette, id\u00e9al pour \u00e9viter que la sucette ne tombe par terre, se perde ou se salisse.<\/p>\n","protected":false},"featured_media":14415,"comment_status":"open","ping_status":"closed","template":"","meta":{"inline_featured_image":false,"_monsterinsights_skip_tracking":false,"_monsterinsights_sitenote_active":false,"_monsterinsights_sitenote_note":"","_monsterinsights_sitenote_category":0,"_joinchat":[]},"product_cat":[151],"product_tag":[],"class_list":{"0":"post-14414","1":"product","2":"type-product","3":"status-publish","4":"has-post-thumbnail","6":"product_cat-chicco","8":"first","9":"instock","10":"shipping-taxable","11":"purchasable","12":"product-type-simple","13":"add-to-wishlist-after_add_to_cart"},"aioseo_notices":[],"_links":{"self":[{"href":"https:\/\/pararepublique.com\/index.php\/wp-json\/wp\/v2\/product\/14414","targetHints":{"allow":["GET"]}}],"collection":[{"href":"https:\/\/pararepublique.com\/index.php\/wp-json\/wp\/v2\/product"}],"about":[{"href":"https:\/\/pararepublique.com\/index.php\/wp-json\/wp\/v2\/types\/product"}],"replies":[{"embeddable":true,"href":"https:\/\/pararepublique.com\/index.php\/wp-json\/wp\/v2\/comments?post=14414"}],"version-history":[{"count":2,"href":"https:\/\/pararepublique.com\/index.php\/wp-json\/wp\/v2\/product\/14414\/revisions"}],"predecessor-version":[{"id":14417,"href":"https:\/\/pararepublique.com\/index.php\/wp-json\/wp\/v2\/product\/14414\/revisions\/14417"}],"wp:featuredmedia":[{"embeddable":true,"href":"https:\/\/pararepublique.com\/index.php\/wp-json\/wp\/v2\/media\/14415"}],"wp:attachment":[{"href":"https:\/\/pararepublique.com\/index.php\/wp-json\/wp\/v2\/media?parent=14414"}],"wp:term":[{"taxonomy":"product_cat","embeddable":true,"href":"https:\/\/pararepublique.com\/index.php\/wp-json\/wp\/v2\/product_cat?post=14414"},{"taxonomy":"product_tag","embeddable":true,"href":"https:\/\/pararepublique.com\/index.php\/wp-json\/wp\/v2\/product_tag?post=14414"}],"curies":[{"name":"wp","href":"https:\/\/api.w.org\/{rel}","templated":true}]}}