{"id":14424,"date":"2024-12-12T11:56:43","date_gmt":"2024-12-12T11:56:43","guid":{"rendered":"https:\/\/pararepublique.com\/?post_type=product&#038;p=14424"},"modified":"2024-12-12T11:56:44","modified_gmt":"2024-12-12T11:56:44","slug":"chicco-porte-sucette-om","status":"publish","type":"product","link":"https:\/\/pararepublique.com\/index.php\/product\/chicco-porte-sucette-om\/","title":{"rendered":"CHICCO PORTE SUCETTE OM+"},"content":{"rendered":"<p>Porte-t\u00e9tine fantastic love 0m+ CHICCO.Peut contenir jusqu&rsquo;\u00e0 2 t\u00e9tines et vous pouvez les suspendre n&rsquo;importe o\u00f9. Gr\u00e2ce \u00e0 ses grandes dimensions, il peut contenir jusqu&rsquo;\u00e0 2 t\u00e9tines, la solution id\u00e9ale pour l&rsquo;int\u00e9rieur et l&rsquo;ext\u00e9rieur.\u00e9tudi\u00e9 dans les moindres d\u00e9tails pour garantir hygi\u00e8ne et fonctionnalit\u00e9.Le crochet plac\u00e9 sur le dessus du porte-sucette Chicco Fantastic Love vous permet \u00e9galement de le suspendre \u00e0 la poussette, au sac ou ailleurs, \u00e0 une solution con\u00e7ue pour le garder \u00e0 port\u00e9e de main en cas de besoin. Caract\u00e9ristiques: Il peut contenir 2 t\u00e9tines. Facilement st\u00e9rilisable.<\/p>\n","protected":false},"excerpt":{"rendered":"<p>Porte-t\u00e9tine fantastic love 0m+ CHICCO.Peut contenir jusqu&rsquo;\u00e0 2 t\u00e9tines et vous pouvez les suspendre n&rsquo;importe o\u00f9.<\/p>\n","protected":false},"featured_media":14425,"comment_status":"open","ping_status":"closed","template":"","meta":{"inline_featured_image":false,"_monsterinsights_skip_tracking":false,"_monsterinsights_sitenote_active":false,"_monsterinsights_sitenote_note":"","_monsterinsights_sitenote_category":0,"_joinchat":[]},"product_cat":[151],"product_tag":[],"class_list":{"0":"post-14424","1":"product","2":"type-product","3":"status-publish","4":"has-post-thumbnail","6":"product_cat-chicco","8":"first","9":"instock","10":"shipping-taxable","11":"purchasable","12":"product-type-simple","13":"add-to-wishlist-after_add_to_cart"},"aioseo_notices":[],"_links":{"self":[{"href":"https:\/\/pararepublique.com\/index.php\/wp-json\/wp\/v2\/product\/14424","targetHints":{"allow":["GET"]}}],"collection":[{"href":"https:\/\/pararepublique.com\/index.php\/wp-json\/wp\/v2\/product"}],"about":[{"href":"https:\/\/pararepublique.com\/index.php\/wp-json\/wp\/v2\/types\/product"}],"replies":[{"embeddable":true,"href":"https:\/\/pararepublique.com\/index.php\/wp-json\/wp\/v2\/comments?post=14424"}],"version-history":[{"count":1,"href":"https:\/\/pararepublique.com\/index.php\/wp-json\/wp\/v2\/product\/14424\/revisions"}],"predecessor-version":[{"id":14426,"href":"https:\/\/pararepublique.com\/index.php\/wp-json\/wp\/v2\/product\/14424\/revisions\/14426"}],"wp:featuredmedia":[{"embeddable":true,"href":"https:\/\/pararepublique.com\/index.php\/wp-json\/wp\/v2\/media\/14425"}],"wp:attachment":[{"href":"https:\/\/pararepublique.com\/index.php\/wp-json\/wp\/v2\/media?parent=14424"}],"wp:term":[{"taxonomy":"product_cat","embeddable":true,"href":"https:\/\/pararepublique.com\/index.php\/wp-json\/wp\/v2\/product_cat?post=14424"},{"taxonomy":"product_tag","embeddable":true,"href":"https:\/\/pararepublique.com\/index.php\/wp-json\/wp\/v2\/product_tag?post=14424"}],"curies":[{"name":"wp","href":"https:\/\/api.w.org\/{rel}","templated":true}]}}