{"id":14431,"date":"2024-12-12T12:08:24","date_gmt":"2024-12-12T12:08:24","guid":{"rendered":"https:\/\/pararepublique.com\/?post_type=product&#038;p=14431"},"modified":"2024-12-12T12:08:24","modified_gmt":"2024-12-12T12:08:24","slug":"chicco-protege-sucette-vert-om","status":"publish","type":"product","link":"https:\/\/pararepublique.com\/index.php\/product\/chicco-protege-sucette-vert-om\/","title":{"rendered":"CHICCO PROTEGE SUCETTE VERT OM+"},"content":{"rendered":"<div class=\"row\">\n<div class=\"col custom_mb20\">\n<ul class=\"list-style description-section\">\n<li>Double douceur pour un confort unique.<\/li>\n<li>La sucette est 100% en silicone, une mati\u00e8re avantageuse car pratique, hygi\u00e9nique et ind\u00e9formable. Un fini exclusif SOFT SENSE pour une douceur et un velout\u00e9 incomparables.<\/li>\n<li>Toutes les sucettes Chicco sont PhysioForma : elles favorisent le bon d\u00e9veloppement de la bouche et le positionnement de la langue en avant, en permettant ainsi la respiration physiologique.<\/li>\n<li>Des \u00e9tudes prouvent que les sucettes Chicco PhysioForma\u00ae entra\u00eenent toutes les fonctions vitales de la bouche pour une croissance saine : la respiration, la succion, la d\u00e9glutition, la mastication et la phonation.<\/li>\n<\/ul>\n<\/div>\n<\/div>\n","protected":false},"excerpt":{"rendered":"<p>D\u00e9couvrez la double douceur de la sucette Chicco dual Soft, la nouvelle sucette avec un design exclusif : le confort du nouveau bouclier mince et compact rencontre PhysioForma, la t\u00e9tine exclusive Chicco.<\/p>\n","protected":false},"featured_media":14432,"comment_status":"open","ping_status":"closed","template":"","meta":{"inline_featured_image":false,"_monsterinsights_skip_tracking":false,"_monsterinsights_sitenote_active":false,"_monsterinsights_sitenote_note":"","_monsterinsights_sitenote_category":0,"_joinchat":[]},"product_cat":[151],"product_tag":[],"class_list":{"0":"post-14431","1":"product","2":"type-product","3":"status-publish","4":"has-post-thumbnail","6":"product_cat-chicco","8":"first","9":"instock","10":"shipping-taxable","11":"purchasable","12":"product-type-simple","13":"add-to-wishlist-after_add_to_cart"},"aioseo_notices":[],"_links":{"self":[{"href":"https:\/\/pararepublique.com\/index.php\/wp-json\/wp\/v2\/product\/14431","targetHints":{"allow":["GET"]}}],"collection":[{"href":"https:\/\/pararepublique.com\/index.php\/wp-json\/wp\/v2\/product"}],"about":[{"href":"https:\/\/pararepublique.com\/index.php\/wp-json\/wp\/v2\/types\/product"}],"replies":[{"embeddable":true,"href":"https:\/\/pararepublique.com\/index.php\/wp-json\/wp\/v2\/comments?post=14431"}],"version-history":[{"count":1,"href":"https:\/\/pararepublique.com\/index.php\/wp-json\/wp\/v2\/product\/14431\/revisions"}],"predecessor-version":[{"id":14433,"href":"https:\/\/pararepublique.com\/index.php\/wp-json\/wp\/v2\/product\/14431\/revisions\/14433"}],"wp:featuredmedia":[{"embeddable":true,"href":"https:\/\/pararepublique.com\/index.php\/wp-json\/wp\/v2\/media\/14432"}],"wp:attachment":[{"href":"https:\/\/pararepublique.com\/index.php\/wp-json\/wp\/v2\/media?parent=14431"}],"wp:term":[{"taxonomy":"product_cat","embeddable":true,"href":"https:\/\/pararepublique.com\/index.php\/wp-json\/wp\/v2\/product_cat?post=14431"},{"taxonomy":"product_tag","embeddable":true,"href":"https:\/\/pararepublique.com\/index.php\/wp-json\/wp\/v2\/product_tag?post=14431"}],"curies":[{"name":"wp","href":"https:\/\/api.w.org\/{rel}","templated":true}]}}