{"id":14440,"date":"2024-12-12T12:32:26","date_gmt":"2024-12-12T12:32:26","guid":{"rendered":"https:\/\/pararepublique.com\/?post_type=product&#038;p=14440"},"modified":"2024-12-12T12:32:27","modified_gmt":"2024-12-12T12:32:27","slug":"chicco-sucette-physio-rose-om","status":"publish","type":"product","link":"https:\/\/pararepublique.com\/index.php\/product\/chicco-sucette-physio-rose-om\/","title":{"rendered":"CHICCO SUCETTE PHYSIO ROSE OM+"},"content":{"rendered":"<div id=\"tab-description\" class=\"woocommerce-Tabs-panel woocommerce-Tabs-panel--description panel entry-content wc-tab\" role=\"tabpanel\" aria-labelledby=\"tab-title-description\">\n<div class=\"container\">\n<p>Bouclier \u00e0 forme extra ergonomique pour garantir un maximum d\u2019espace pour le nez et le menton de l\u2019enfant facilitant la respiration et permettant les mouvements naturels<\/p>\n<p>Seulement 4 points de contact entre le bouclier et le visage de l\u2019enfant pour un maximum de douceur et de confort pendant le port. Large espacement entre la base de la t\u00e9tine et le bouclier pour permettre le mouvement naturel des l\u00e8vres pendant la succion<\/p>\n<p>Sucette dot\u00e9e d\u2019une t\u00e9tine active en silicone ultra-doux dont le bout est incurv\u00e9 et comporte des micro nervures qui aident b\u00e9b\u00e9 \u00e0 bien positionner sa langue et ses l\u00e8vres, La base de la t\u00e9tine est fine et \u00e9troite pour permettre \u00e0 b\u00e9b\u00e9 de pouvoir bien fermer sa bouche et l\u2019anneau de la sucette la rend pratique \u00e0 tenir ou \u00e0 attacher \u00e0 l\u2019attache sucette<\/p>\n<\/div>\n<\/div>\n","protected":false},"excerpt":{"rendered":"<p>Sucette anatomique-fonctionnelle qui s\u2019adapte \u00e0 la morphologie et la physiologie de la bouche de b\u00e9b\u00e9 et stimule correctement les fonctions de succion et de d\u00e9glutition<\/p>\n","protected":false},"featured_media":14441,"comment_status":"open","ping_status":"closed","template":"","meta":{"inline_featured_image":false,"_monsterinsights_skip_tracking":false,"_monsterinsights_sitenote_active":false,"_monsterinsights_sitenote_note":"","_monsterinsights_sitenote_category":0,"_joinchat":[]},"product_cat":[151],"product_tag":[],"class_list":{"0":"post-14440","1":"product","2":"type-product","3":"status-publish","4":"has-post-thumbnail","6":"product_cat-chicco","8":"first","9":"instock","10":"shipping-taxable","11":"purchasable","12":"product-type-simple","13":"add-to-wishlist-after_add_to_cart"},"aioseo_notices":[],"_links":{"self":[{"href":"https:\/\/pararepublique.com\/index.php\/wp-json\/wp\/v2\/product\/14440","targetHints":{"allow":["GET"]}}],"collection":[{"href":"https:\/\/pararepublique.com\/index.php\/wp-json\/wp\/v2\/product"}],"about":[{"href":"https:\/\/pararepublique.com\/index.php\/wp-json\/wp\/v2\/types\/product"}],"replies":[{"embeddable":true,"href":"https:\/\/pararepublique.com\/index.php\/wp-json\/wp\/v2\/comments?post=14440"}],"version-history":[{"count":1,"href":"https:\/\/pararepublique.com\/index.php\/wp-json\/wp\/v2\/product\/14440\/revisions"}],"predecessor-version":[{"id":14442,"href":"https:\/\/pararepublique.com\/index.php\/wp-json\/wp\/v2\/product\/14440\/revisions\/14442"}],"wp:featuredmedia":[{"embeddable":true,"href":"https:\/\/pararepublique.com\/index.php\/wp-json\/wp\/v2\/media\/14441"}],"wp:attachment":[{"href":"https:\/\/pararepublique.com\/index.php\/wp-json\/wp\/v2\/media?parent=14440"}],"wp:term":[{"taxonomy":"product_cat","embeddable":true,"href":"https:\/\/pararepublique.com\/index.php\/wp-json\/wp\/v2\/product_cat?post=14440"},{"taxonomy":"product_tag","embeddable":true,"href":"https:\/\/pararepublique.com\/index.php\/wp-json\/wp\/v2\/product_tag?post=14440"}],"curies":[{"name":"wp","href":"https:\/\/api.w.org\/{rel}","templated":true}]}}