{"id":14447,"date":"2024-12-12T12:40:34","date_gmt":"2024-12-12T12:40:34","guid":{"rendered":"https:\/\/pararepublique.com\/?post_type=product&#038;p=14447"},"modified":"2024-12-12T12:40:34","modified_gmt":"2024-12-12T12:40:34","slug":"chicco-sucette-bleu-latex-4m2pcs","status":"publish","type":"product","link":"https:\/\/pararepublique.com\/index.php\/product\/chicco-sucette-bleu-latex-4m2pcs\/","title":{"rendered":"CHICCO SUCETTE BLEU LATEX 4M+2PCS"},"content":{"rendered":"<div class=\"woocommerce-product-details__short-description\">\n<ul>\n<li>T\u00e9tine 4M+ pour b\u00e9b\u00e9<\/li>\n<li>Marque CHICCO<\/li>\n<li>Lot de 2 pi\u00e8ces<\/li>\n<li>R\u00e9f\u00e9rence 20335<\/li>\n<li>Id\u00e9ale pour les \u00e9tapes de croissance<\/li>\n<li>Convient aux b\u00e9b\u00e9s de 4 mois et plus<\/li>\n<li>Facile \u00e0 utiliser<\/li>\n<li>Conforme aux normes de s\u00e9curit\u00e9<\/li>\n<\/ul>\n<\/div>\n","protected":false},"excerpt":{"rendered":"<ul>\n<li>Convient aux b\u00e9b\u00e9s de 4 mois et plus<\/li>\n<li>Facile \u00e0 utiliser<\/li>\n<li>Conforme aux normes de s\u00e9curit\u00e9<\/li>\n<\/ul>\n","protected":false},"featured_media":14448,"comment_status":"open","ping_status":"closed","template":"","meta":{"inline_featured_image":false,"_monsterinsights_skip_tracking":false,"_monsterinsights_sitenote_active":false,"_monsterinsights_sitenote_note":"","_monsterinsights_sitenote_category":0,"_joinchat":[]},"product_cat":[151],"product_tag":[],"class_list":{"0":"post-14447","1":"product","2":"type-product","3":"status-publish","4":"has-post-thumbnail","6":"product_cat-chicco","8":"first","9":"instock","10":"shipping-taxable","11":"purchasable","12":"product-type-simple","13":"add-to-wishlist-after_add_to_cart"},"aioseo_notices":[],"_links":{"self":[{"href":"https:\/\/pararepublique.com\/index.php\/wp-json\/wp\/v2\/product\/14447","targetHints":{"allow":["GET"]}}],"collection":[{"href":"https:\/\/pararepublique.com\/index.php\/wp-json\/wp\/v2\/product"}],"about":[{"href":"https:\/\/pararepublique.com\/index.php\/wp-json\/wp\/v2\/types\/product"}],"replies":[{"embeddable":true,"href":"https:\/\/pararepublique.com\/index.php\/wp-json\/wp\/v2\/comments?post=14447"}],"version-history":[{"count":1,"href":"https:\/\/pararepublique.com\/index.php\/wp-json\/wp\/v2\/product\/14447\/revisions"}],"predecessor-version":[{"id":14449,"href":"https:\/\/pararepublique.com\/index.php\/wp-json\/wp\/v2\/product\/14447\/revisions\/14449"}],"wp:featuredmedia":[{"embeddable":true,"href":"https:\/\/pararepublique.com\/index.php\/wp-json\/wp\/v2\/media\/14448"}],"wp:attachment":[{"href":"https:\/\/pararepublique.com\/index.php\/wp-json\/wp\/v2\/media?parent=14447"}],"wp:term":[{"taxonomy":"product_cat","embeddable":true,"href":"https:\/\/pararepublique.com\/index.php\/wp-json\/wp\/v2\/product_cat?post=14447"},{"taxonomy":"product_tag","embeddable":true,"href":"https:\/\/pararepublique.com\/index.php\/wp-json\/wp\/v2\/product_tag?post=14447"}],"curies":[{"name":"wp","href":"https:\/\/api.w.org\/{rel}","templated":true}]}}