{"id":14454,"date":"2024-12-12T13:52:05","date_gmt":"2024-12-12T13:52:05","guid":{"rendered":"https:\/\/pararepublique.com\/?post_type=product&#038;p=14454"},"modified":"2024-12-12T13:52:06","modified_gmt":"2024-12-12T13:52:06","slug":"chicco-sucette-boitier-sil-4mbleu","status":"publish","type":"product","link":"https:\/\/pararepublique.com\/index.php\/product\/chicco-sucette-boitier-sil-4mbleu\/","title":{"rendered":"CHICCO SUCETTE BOITIER SIL 4M+BLEU"},"content":{"rendered":"<ul class=\"a-unordered-list a-vertical a-spacing-mini\">\n<li class=\"a-spacing-mini\"><span class=\"a-list-item\"> Sucette avec t\u00e9tine physiologique en silicone extra-doux qui s\u2019adapte \u00e0 la morphologie et la physiologie de la bouche de b\u00e9b\u00e9 et permet un bon d\u00e9veloppement de celle-ci <\/span><\/li>\n<li class=\"a-spacing-mini\"><span class=\"a-list-item\"> Le bouclier de la sucette a une forme ergonomique pour garantir un bon espace pour le nez et le menton de l&rsquo;enfant et permettre les mouvements naturels <\/span><\/li>\n<li class=\"a-spacing-mini\"><span class=\"a-list-item\"> Il comporte de nombreuses a\u00e9rations afin d&rsquo;assurer un maximum de circulation d&rsquo;air et pr\u00e9venir les irritations; enfin, ses formes arrondies permettent un contact doux avec le visage de l&rsquo;enfant <\/span><\/li>\n<li class=\"a-spacing-mini\"><span class=\"a-list-item\"> La sucette est dot\u00e9e d&rsquo;une t\u00e9tine active dont le bout est incurv\u00e9 et comporte des micro nervures qui aident b\u00e9b\u00e9 \u00e0 bien positionner sa langue et ses l\u00e8vres <\/span><\/li>\n<li class=\"a-spacing-mini\"><span class=\"a-list-item\"> La base de la t\u00e9tine est fine et \u00e9troite pour permettre \u00e0 b\u00e9b\u00e9 de pouvoir bien fermer sa bouche et l&rsquo;anneau de la sucette la rend pratique \u00e0 tenir ou \u00e0 attacher \u00e0 l&rsquo;attache sucette. packaging : vendue dans une bo\u00eete porte-sucette st\u00e9rilisable de 2 pi\u00e8ces. <\/span><\/li>\n<\/ul>\n","protected":false},"excerpt":{"rendered":"<p><span class=\"a-list-item\">Sucette avec t\u00e9tine physiologique en silicone extra-doux qui s\u2019adapte \u00e0 la morphologie et la physiologie de la bouche de b\u00e9b\u00e9 et permet un bon d\u00e9veloppement de celle-ci <\/span><\/p>\n","protected":false},"featured_media":14455,"comment_status":"open","ping_status":"closed","template":"","meta":{"inline_featured_image":false,"_monsterinsights_skip_tracking":false,"_monsterinsights_sitenote_active":false,"_monsterinsights_sitenote_note":"","_monsterinsights_sitenote_category":0,"_joinchat":[]},"product_cat":[151],"product_tag":[],"class_list":{"0":"post-14454","1":"product","2":"type-product","3":"status-publish","4":"has-post-thumbnail","6":"product_cat-chicco","8":"first","9":"instock","10":"shipping-taxable","11":"purchasable","12":"product-type-simple","13":"add-to-wishlist-after_add_to_cart"},"aioseo_notices":[],"_links":{"self":[{"href":"https:\/\/pararepublique.com\/index.php\/wp-json\/wp\/v2\/product\/14454","targetHints":{"allow":["GET"]}}],"collection":[{"href":"https:\/\/pararepublique.com\/index.php\/wp-json\/wp\/v2\/product"}],"about":[{"href":"https:\/\/pararepublique.com\/index.php\/wp-json\/wp\/v2\/types\/product"}],"replies":[{"embeddable":true,"href":"https:\/\/pararepublique.com\/index.php\/wp-json\/wp\/v2\/comments?post=14454"}],"version-history":[{"count":2,"href":"https:\/\/pararepublique.com\/index.php\/wp-json\/wp\/v2\/product\/14454\/revisions"}],"predecessor-version":[{"id":14457,"href":"https:\/\/pararepublique.com\/index.php\/wp-json\/wp\/v2\/product\/14454\/revisions\/14457"}],"wp:featuredmedia":[{"embeddable":true,"href":"https:\/\/pararepublique.com\/index.php\/wp-json\/wp\/v2\/media\/14455"}],"wp:attachment":[{"href":"https:\/\/pararepublique.com\/index.php\/wp-json\/wp\/v2\/media?parent=14454"}],"wp:term":[{"taxonomy":"product_cat","embeddable":true,"href":"https:\/\/pararepublique.com\/index.php\/wp-json\/wp\/v2\/product_cat?post=14454"},{"taxonomy":"product_tag","embeddable":true,"href":"https:\/\/pararepublique.com\/index.php\/wp-json\/wp\/v2\/product_tag?post=14454"}],"curies":[{"name":"wp","href":"https:\/\/api.w.org\/{rel}","templated":true}]}}