{"id":14461,"date":"2024-12-12T14:00:10","date_gmt":"2024-12-12T14:00:10","guid":{"rendered":"https:\/\/pararepublique.com\/?post_type=product&#038;p=14461"},"modified":"2024-12-12T14:00:10","modified_gmt":"2024-12-12T14:00:10","slug":"chicco-sucette-lot-x2-physio-air-l","status":"publish","type":"product","link":"https:\/\/pararepublique.com\/index.php\/product\/chicco-sucette-lot-x2-physio-air-l\/","title":{"rendered":"CHICCO SUCETTE LOT X2 PHYSIO AIR L"},"content":{"rendered":"<div>Mati\u00e8res : Caoutchouc<\/div>\n<div>Age (A partir de) 0 mois &#8211; Naissance<\/div>\n<div>Age (Jusqu&rsquo;\u00e0) 6 mois<\/div>\n","protected":false},"excerpt":{"rendered":"<p>Sucette avec t\u00e9tine physiologique en caoutchouc qui s\u2019adapte \u00e0 la morphologie et la physiologie de la bouche de b\u00e9b\u00e9 et permet un bon d\u00e9veloppement de celle-ci &#8211; Le bouclier de la sucette a une forme ergonomique pour garantir un bon espace pour le nez et le menton de l&rsquo;enfant et permettre les mouvements naturels<\/p>\n<p>&nbsp;<\/p>\n<div class=\"u-text--body u-fw--bold\"><strong class=\"u-text--body-lead\">\u00a0<\/strong><\/div>\n<div>\n<div><\/div>\n<\/div>\n","protected":false},"featured_media":14462,"comment_status":"open","ping_status":"closed","template":"","meta":{"inline_featured_image":false,"_monsterinsights_skip_tracking":false,"_monsterinsights_sitenote_active":false,"_monsterinsights_sitenote_note":"","_monsterinsights_sitenote_category":0,"_joinchat":[]},"product_cat":[151],"product_tag":[],"class_list":{"0":"post-14461","1":"product","2":"type-product","3":"status-publish","4":"has-post-thumbnail","6":"product_cat-chicco","8":"first","9":"instock","10":"shipping-taxable","11":"purchasable","12":"product-type-simple","13":"add-to-wishlist-after_add_to_cart"},"aioseo_notices":[],"_links":{"self":[{"href":"https:\/\/pararepublique.com\/index.php\/wp-json\/wp\/v2\/product\/14461","targetHints":{"allow":["GET"]}}],"collection":[{"href":"https:\/\/pararepublique.com\/index.php\/wp-json\/wp\/v2\/product"}],"about":[{"href":"https:\/\/pararepublique.com\/index.php\/wp-json\/wp\/v2\/types\/product"}],"replies":[{"embeddable":true,"href":"https:\/\/pararepublique.com\/index.php\/wp-json\/wp\/v2\/comments?post=14461"}],"version-history":[{"count":2,"href":"https:\/\/pararepublique.com\/index.php\/wp-json\/wp\/v2\/product\/14461\/revisions"}],"predecessor-version":[{"id":14464,"href":"https:\/\/pararepublique.com\/index.php\/wp-json\/wp\/v2\/product\/14461\/revisions\/14464"}],"wp:featuredmedia":[{"embeddable":true,"href":"https:\/\/pararepublique.com\/index.php\/wp-json\/wp\/v2\/media\/14462"}],"wp:attachment":[{"href":"https:\/\/pararepublique.com\/index.php\/wp-json\/wp\/v2\/media?parent=14461"}],"wp:term":[{"taxonomy":"product_cat","embeddable":true,"href":"https:\/\/pararepublique.com\/index.php\/wp-json\/wp\/v2\/product_cat?post=14461"},{"taxonomy":"product_tag","embeddable":true,"href":"https:\/\/pararepublique.com\/index.php\/wp-json\/wp\/v2\/product_tag?post=14461"}],"curies":[{"name":"wp","href":"https:\/\/api.w.org\/{rel}","templated":true}]}}