{"id":14471,"date":"2024-12-12T14:15:24","date_gmt":"2024-12-12T14:15:24","guid":{"rendered":"https:\/\/pararepublique.com\/?post_type=product&#038;p=14471"},"modified":"2024-12-12T14:15:24","modified_gmt":"2024-12-12T14:15:24","slug":"bebe-confort-maternity-bib","status":"publish","type":"product","link":"https:\/\/pararepublique.com\/index.php\/product\/bebe-confort-maternity-bib\/","title":{"rendered":"BEBE CONFORT MATERNITY BIB"},"content":{"rendered":"","protected":false},"excerpt":{"rendered":"<p>La gamme de biberons col large B\u00e9b\u00e9 Confort Maternity favorise une succion naturelle, et encourage b\u00e9b\u00e9 \u00e0 t\u00e9ter et respirer comme il le ferait<\/p>\n","protected":false},"featured_media":14472,"comment_status":"open","ping_status":"closed","template":"","meta":{"inline_featured_image":false,"_monsterinsights_skip_tracking":false,"_monsterinsights_sitenote_active":false,"_monsterinsights_sitenote_note":"","_monsterinsights_sitenote_category":0,"_joinchat":[]},"product_cat":[151],"product_tag":[],"class_list":{"0":"post-14471","1":"product","2":"type-product","3":"status-publish","4":"has-post-thumbnail","6":"product_cat-chicco","8":"first","9":"instock","10":"shipping-taxable","11":"purchasable","12":"product-type-simple","13":"add-to-wishlist-after_add_to_cart"},"aioseo_notices":[],"_links":{"self":[{"href":"https:\/\/pararepublique.com\/index.php\/wp-json\/wp\/v2\/product\/14471","targetHints":{"allow":["GET"]}}],"collection":[{"href":"https:\/\/pararepublique.com\/index.php\/wp-json\/wp\/v2\/product"}],"about":[{"href":"https:\/\/pararepublique.com\/index.php\/wp-json\/wp\/v2\/types\/product"}],"replies":[{"embeddable":true,"href":"https:\/\/pararepublique.com\/index.php\/wp-json\/wp\/v2\/comments?post=14471"}],"version-history":[{"count":2,"href":"https:\/\/pararepublique.com\/index.php\/wp-json\/wp\/v2\/product\/14471\/revisions"}],"predecessor-version":[{"id":14474,"href":"https:\/\/pararepublique.com\/index.php\/wp-json\/wp\/v2\/product\/14471\/revisions\/14474"}],"wp:featuredmedia":[{"embeddable":true,"href":"https:\/\/pararepublique.com\/index.php\/wp-json\/wp\/v2\/media\/14472"}],"wp:attachment":[{"href":"https:\/\/pararepublique.com\/index.php\/wp-json\/wp\/v2\/media?parent=14471"}],"wp:term":[{"taxonomy":"product_cat","embeddable":true,"href":"https:\/\/pararepublique.com\/index.php\/wp-json\/wp\/v2\/product_cat?post=14471"},{"taxonomy":"product_tag","embeddable":true,"href":"https:\/\/pararepublique.com\/index.php\/wp-json\/wp\/v2\/product_tag?post=14471"}],"curies":[{"name":"wp","href":"https:\/\/api.w.org\/{rel}","templated":true}]}}