{"id":14475,"date":"2024-12-12T14:17:25","date_gmt":"2024-12-12T14:17:25","guid":{"rendered":"https:\/\/pararepublique.com\/?post_type=product&#038;p=14475"},"modified":"2024-12-12T14:17:25","modified_gmt":"2024-12-12T14:17:25","slug":"mam-bouts-de-sein","status":"publish","type":"product","link":"https:\/\/pararepublique.com\/index.php\/product\/mam-bouts-de-sein\/","title":{"rendered":"MAM BOUTS DE SEIN"},"content":{"rendered":"<div class=\"tab-content\">\n<p>MAM Allaitement Bout de Sein Silicone Taille S 2 unit\u00e9s\u00a0est une solution pour faciliter l\u2019allaitement.<\/p>\n<p>Gr\u00e2ce aux bouts de sein la stimulation buccale du b\u00e9b\u00e9 est amplifi\u00e9e et facilite la t\u00e9t\u00e9e.<\/p>\n<p>Ses + :<\/p>\n<ul>\n<li>Le silicone \u00e9tant souple, l&rsquo;enfant attrapera le mamelon sous le bout de sein en toute aisance et d\u00e9couvrira que le lait arrive abondamment.<\/li>\n<li>La prise en bouche est optimale, b\u00e9b\u00e9 boit plus ais\u00e9ment.<\/li>\n<li>Sa surface douce et mince procure une sensation famili\u00e8re, la forme d\u00e9coup\u00e9e permet de garder le contact maman b\u00e9b\u00e9.<\/li>\n<li>La mati\u00e8re est similaire \u00e0 une t\u00e9tine, ce qui aide b\u00e9b\u00e9 \u00e0 prendre le sein sans difficult\u00e9, et \u00e0 poursuivre avec le biberon quand il grandit.<\/li>\n<li>En cas de crevasses douloureuses ou saignantes, un bout de sein permet d\u2019\u00e9viter de souffrir lors de la prise en bouche du t\u00e9ton, et le sein gu\u00e9rira plus rapidement.<\/li>\n<\/ul>\n<\/div>\n","protected":false},"excerpt":{"rendered":"<p>Bouts de sein avec une surface douce et mince pour une sensation<\/p>\n","protected":false},"featured_media":14476,"comment_status":"open","ping_status":"closed","template":"","meta":{"inline_featured_image":false,"_monsterinsights_skip_tracking":false,"_monsterinsights_sitenote_active":false,"_monsterinsights_sitenote_note":"","_monsterinsights_sitenote_category":0,"_joinchat":[]},"product_cat":[151],"product_tag":[],"class_list":{"0":"post-14475","1":"product","2":"type-product","3":"status-publish","4":"has-post-thumbnail","6":"product_cat-chicco","8":"first","9":"instock","10":"shipping-taxable","11":"purchasable","12":"product-type-simple","13":"add-to-wishlist-after_add_to_cart"},"aioseo_notices":[],"_links":{"self":[{"href":"https:\/\/pararepublique.com\/index.php\/wp-json\/wp\/v2\/product\/14475","targetHints":{"allow":["GET"]}}],"collection":[{"href":"https:\/\/pararepublique.com\/index.php\/wp-json\/wp\/v2\/product"}],"about":[{"href":"https:\/\/pararepublique.com\/index.php\/wp-json\/wp\/v2\/types\/product"}],"replies":[{"embeddable":true,"href":"https:\/\/pararepublique.com\/index.php\/wp-json\/wp\/v2\/comments?post=14475"}],"version-history":[{"count":2,"href":"https:\/\/pararepublique.com\/index.php\/wp-json\/wp\/v2\/product\/14475\/revisions"}],"predecessor-version":[{"id":14478,"href":"https:\/\/pararepublique.com\/index.php\/wp-json\/wp\/v2\/product\/14475\/revisions\/14478"}],"wp:featuredmedia":[{"embeddable":true,"href":"https:\/\/pararepublique.com\/index.php\/wp-json\/wp\/v2\/media\/14476"}],"wp:attachment":[{"href":"https:\/\/pararepublique.com\/index.php\/wp-json\/wp\/v2\/media?parent=14475"}],"wp:term":[{"taxonomy":"product_cat","embeddable":true,"href":"https:\/\/pararepublique.com\/index.php\/wp-json\/wp\/v2\/product_cat?post=14475"},{"taxonomy":"product_tag","embeddable":true,"href":"https:\/\/pararepublique.com\/index.php\/wp-json\/wp\/v2\/product_tag?post=14475"}],"curies":[{"name":"wp","href":"https:\/\/api.w.org\/{rel}","templated":true}]}}