{"id":14483,"date":"2024-12-12T14:37:59","date_gmt":"2024-12-12T14:37:59","guid":{"rendered":"https:\/\/pararepublique.com\/?post_type=product&#038;p=14483"},"modified":"2024-12-12T14:37:59","modified_gmt":"2024-12-12T14:37:59","slug":"chicco-body-lotion-natural-150ml","status":"publish","type":"product","link":"https:\/\/pararepublique.com\/index.php\/product\/chicco-body-lotion-natural-150ml\/","title":{"rendered":"CHICCO BODY LOTION NATURAL 150ML"},"content":{"rendered":"","protected":false},"excerpt":{"rendered":"<ul class=\"a-unordered-list a-vertical a-spacing-mini\">\n<li class=\"a-spacing-mini\"><span class=\"a-list-item\"> Protection continue 24 h <\/span><\/li>\n<li class=\"a-spacing-mini\"><span class=\"a-list-item\"> Nourrit, prot\u00e8ge et renforce la peau <\/span><\/li>\n<li class=\"a-spacing-mini\"><span class=\"a-list-item\"> Avec beurre de karit\u00e9 et vitamine E <\/span><\/li>\n<li class=\"a-spacing-mini\"><span class=\"a-list-item\"> Absorption rapide ; ne graisse pas <\/span><\/li>\n<li class=\"a-spacing-mini\"><span class=\"a-list-item\"> Sans paraben, ph\u00e9noxy\u00e9thanol, alcool, huiles min\u00e9rales et colorants <\/span><\/li>\n<\/ul>\n","protected":false},"featured_media":14484,"comment_status":"open","ping_status":"closed","template":"","meta":{"inline_featured_image":false,"_monsterinsights_skip_tracking":false,"_monsterinsights_sitenote_active":false,"_monsterinsights_sitenote_note":"","_monsterinsights_sitenote_category":0,"_joinchat":[]},"product_cat":[151],"product_tag":[],"class_list":{"0":"post-14483","1":"product","2":"type-product","3":"status-publish","4":"has-post-thumbnail","6":"product_cat-chicco","8":"first","9":"instock","10":"shipping-taxable","11":"purchasable","12":"product-type-simple","13":"add-to-wishlist-after_add_to_cart"},"aioseo_notices":[],"_links":{"self":[{"href":"https:\/\/pararepublique.com\/index.php\/wp-json\/wp\/v2\/product\/14483","targetHints":{"allow":["GET"]}}],"collection":[{"href":"https:\/\/pararepublique.com\/index.php\/wp-json\/wp\/v2\/product"}],"about":[{"href":"https:\/\/pararepublique.com\/index.php\/wp-json\/wp\/v2\/types\/product"}],"replies":[{"embeddable":true,"href":"https:\/\/pararepublique.com\/index.php\/wp-json\/wp\/v2\/comments?post=14483"}],"version-history":[{"count":2,"href":"https:\/\/pararepublique.com\/index.php\/wp-json\/wp\/v2\/product\/14483\/revisions"}],"predecessor-version":[{"id":14486,"href":"https:\/\/pararepublique.com\/index.php\/wp-json\/wp\/v2\/product\/14483\/revisions\/14486"}],"wp:featuredmedia":[{"embeddable":true,"href":"https:\/\/pararepublique.com\/index.php\/wp-json\/wp\/v2\/media\/14484"}],"wp:attachment":[{"href":"https:\/\/pararepublique.com\/index.php\/wp-json\/wp\/v2\/media?parent=14483"}],"wp:term":[{"taxonomy":"product_cat","embeddable":true,"href":"https:\/\/pararepublique.com\/index.php\/wp-json\/wp\/v2\/product_cat?post=14483"},{"taxonomy":"product_tag","embeddable":true,"href":"https:\/\/pararepublique.com\/index.php\/wp-json\/wp\/v2\/product_tag?post=14483"}],"curies":[{"name":"wp","href":"https:\/\/api.w.org\/{rel}","templated":true}]}}