{"id":14493,"date":"2024-12-12T14:51:39","date_gmt":"2024-12-12T14:51:39","guid":{"rendered":"https:\/\/pararepublique.com\/?post_type=product&#038;p=14493"},"modified":"2024-12-12T14:51:39","modified_gmt":"2024-12-12T14:51:39","slug":"chicco-eau-de-toilette-natural","status":"publish","type":"product","link":"https:\/\/pararepublique.com\/index.php\/product\/chicco-eau-de-toilette-natural\/","title":{"rendered":"CHICCO EAU DE TOILETTE NATURAL"},"content":{"rendered":"<div class=\"sc-1uodfit-0 kuyGQf\">\n<div id=\"pd-description-text\" class=\"sc-1eu1dd2-2 gSzeI\" data-testid=\"pd-description-text\">\n<p>Pour une m\u00e8re, l\u2019odeur de la peau douce de b\u00e9b\u00e9 d\u00e9passe les parfums les plus chers. L\u2019eau de parfum Natural Sensation Baby de Chicco s\u2019inspire d\u2019un v\u00e9ritable amour des enfants et tient compte de la sensibilit\u00e9 de leur peau. Son parfum pur et d\u00e9licat illumine la journ\u00e9e en rendant chaque moment pass\u00e9 ensemble encore plus agr\u00e9able.<\/p>\n<p><strong>Caract\u00e9ristiques\u00a0:<\/strong><\/p>\n<ul>\n<li>poss\u00e8de une senteur fra\u00eeche qui renforce le parfum naturel de b\u00e9b\u00e9<\/li>\n<li>respecte le pH de la peau des enfants<\/li>\n<li>produit test\u00e9 et approuv\u00e9 par des p\u00e9diatres et des dermatologues<\/li>\n<\/ul>\n<p><strong>Ingr\u00e9dients\u00a0:<\/strong><\/p>\n<ul>\n<li>sans alcool<\/li>\n<\/ul>\n<p><strong>Application\u00a0:<\/strong><br \/>\nL\u2019eau de parfum Natural Sensation Baby de Chicco peut \u00eatre appliqu\u00e9e sur la peau de votre enfant d\u00e8s sa naissance.<\/p>\n<\/div>\n<\/div>\n","protected":false},"excerpt":{"rendered":"<p>Pour une m\u00e8re, l\u2019odeur de la peau douce de b\u00e9b\u00e9 d\u00e9passe les parfums les plus chers. L\u2019eau de parfum Natural Sensation Baby de Chicco s\u2019inspire d\u2019un v\u00e9ritable amour des enfants et tient compte de la sensibilit\u00e9 de leur peau. Son parfum pur et d\u00e9licat illumine la journ\u00e9e en rendant chaque moment pass\u00e9 ensemble encore plus agr\u00e9able.<\/p>\n","protected":false},"featured_media":14494,"comment_status":"open","ping_status":"closed","template":"","meta":{"inline_featured_image":false,"_monsterinsights_skip_tracking":false,"_monsterinsights_sitenote_active":false,"_monsterinsights_sitenote_note":"","_monsterinsights_sitenote_category":0,"_joinchat":[]},"product_cat":[151],"product_tag":[],"class_list":{"0":"post-14493","1":"product","2":"type-product","3":"status-publish","4":"has-post-thumbnail","6":"product_cat-chicco","8":"first","9":"instock","10":"shipping-taxable","11":"purchasable","12":"product-type-simple","13":"add-to-wishlist-after_add_to_cart"},"aioseo_notices":[],"_links":{"self":[{"href":"https:\/\/pararepublique.com\/index.php\/wp-json\/wp\/v2\/product\/14493","targetHints":{"allow":["GET"]}}],"collection":[{"href":"https:\/\/pararepublique.com\/index.php\/wp-json\/wp\/v2\/product"}],"about":[{"href":"https:\/\/pararepublique.com\/index.php\/wp-json\/wp\/v2\/types\/product"}],"replies":[{"embeddable":true,"href":"https:\/\/pararepublique.com\/index.php\/wp-json\/wp\/v2\/comments?post=14493"}],"version-history":[{"count":1,"href":"https:\/\/pararepublique.com\/index.php\/wp-json\/wp\/v2\/product\/14493\/revisions"}],"predecessor-version":[{"id":14495,"href":"https:\/\/pararepublique.com\/index.php\/wp-json\/wp\/v2\/product\/14493\/revisions\/14495"}],"wp:featuredmedia":[{"embeddable":true,"href":"https:\/\/pararepublique.com\/index.php\/wp-json\/wp\/v2\/media\/14494"}],"wp:attachment":[{"href":"https:\/\/pararepublique.com\/index.php\/wp-json\/wp\/v2\/media?parent=14493"}],"wp:term":[{"taxonomy":"product_cat","embeddable":true,"href":"https:\/\/pararepublique.com\/index.php\/wp-json\/wp\/v2\/product_cat?post=14493"},{"taxonomy":"product_tag","embeddable":true,"href":"https:\/\/pararepublique.com\/index.php\/wp-json\/wp\/v2\/product_tag?post=14493"}],"curies":[{"name":"wp","href":"https:\/\/api.w.org\/{rel}","templated":true}]}}