{"id":14499,"date":"2024-12-12T14:59:11","date_gmt":"2024-12-12T14:59:11","guid":{"rendered":"https:\/\/pararepublique.com\/?post_type=product&#038;p=14499"},"modified":"2024-12-12T15:13:50","modified_gmt":"2024-12-12T15:13:50","slug":"chicco-gel-de-bain-750ml-om","status":"publish","type":"product","link":"https:\/\/pararepublique.com\/index.php\/product\/chicco-gel-de-bain-750ml-om\/","title":{"rendered":"CHICCO GEL DE BAIN 750ML OM+"},"content":{"rendered":"<div class=\"container-fluid px-0 my-4 tp-hook-product-tabs\">\n<div class=\"row no-gutters\">\n<div class=\"col-12\">\n<div class=\"tp-product-details-tab\">\n<div class=\"tab-content\">\n<div id=\"tp-product-description-tab\" class=\"tab-pane fade active show\" role=\"tabpanel\">\n<div class=\"container-fluid\">\n<div class=\"row m-0 py-2\">\n<div class=\"col-12\">\n<div id=\"product_full_description\" class=\"oe_structure\">\n<p>Formule sans larmes Le bain moussant chicco offre tout ce qui est n\u00e9cessaire pour la peau sensible de b\u00e9b\u00e9. Le bain moussant contient du calendula et du calendula. La peau est trait\u00e9e en douceur et sent bon. La peau du b\u00e9b\u00e9 est particuli\u00e8rement fine dans les premiers mois de sa vie et a tendance \u00e0 se dess\u00e9cher rapidement. Un bain moussant aux propri\u00e9t\u00e9s physiologiques est donc le produit id\u00e9al pour une sensation de peau d\u00e9licate. La formule sans larmes est obtenue par un enrichissement aux extraits de souci. Le souci est particuli\u00e8rement adapt\u00e9 aux peaux sensibles et les rend agr\u00e9ables et douces. pH doux pour la peau, sans SLS et SLES, sans paraben, sans alcool, sans colorant, sans formule larmoyante.<\/p>\n<\/div>\n<\/div>\n<\/div>\n<\/div>\n<\/div>\n<\/div>\n<\/div>\n<\/div>\n<\/div>\n<\/div>\n<div class=\"container tp-hook-accessory-products\">\n<div class=\"row\"><\/div>\n<\/div>\n","protected":false},"excerpt":{"rendered":"<p>Formule sans larmes Le bain moussant chicco offre tout ce qui est n\u00e9cessaire pour la peau sensible de b\u00e9b\u00e9. Le bain moussant contient du calendula et du calendula.<\/p>\n","protected":false},"featured_media":14500,"comment_status":"open","ping_status":"closed","template":"","meta":{"inline_featured_image":false,"_monsterinsights_skip_tracking":false,"_monsterinsights_sitenote_active":false,"_monsterinsights_sitenote_note":"","_monsterinsights_sitenote_category":0,"_joinchat":[]},"product_cat":[151],"product_tag":[],"class_list":{"0":"post-14499","1":"product","2":"type-product","3":"status-publish","4":"has-post-thumbnail","6":"product_cat-chicco","8":"first","9":"instock","10":"shipping-taxable","11":"purchasable","12":"product-type-simple","13":"add-to-wishlist-after_add_to_cart"},"aioseo_notices":[],"_links":{"self":[{"href":"https:\/\/pararepublique.com\/index.php\/wp-json\/wp\/v2\/product\/14499","targetHints":{"allow":["GET"]}}],"collection":[{"href":"https:\/\/pararepublique.com\/index.php\/wp-json\/wp\/v2\/product"}],"about":[{"href":"https:\/\/pararepublique.com\/index.php\/wp-json\/wp\/v2\/types\/product"}],"replies":[{"embeddable":true,"href":"https:\/\/pararepublique.com\/index.php\/wp-json\/wp\/v2\/comments?post=14499"}],"version-history":[{"count":1,"href":"https:\/\/pararepublique.com\/index.php\/wp-json\/wp\/v2\/product\/14499\/revisions"}],"predecessor-version":[{"id":14501,"href":"https:\/\/pararepublique.com\/index.php\/wp-json\/wp\/v2\/product\/14499\/revisions\/14501"}],"wp:featuredmedia":[{"embeddable":true,"href":"https:\/\/pararepublique.com\/index.php\/wp-json\/wp\/v2\/media\/14500"}],"wp:attachment":[{"href":"https:\/\/pararepublique.com\/index.php\/wp-json\/wp\/v2\/media?parent=14499"}],"wp:term":[{"taxonomy":"product_cat","embeddable":true,"href":"https:\/\/pararepublique.com\/index.php\/wp-json\/wp\/v2\/product_cat?post=14499"},{"taxonomy":"product_tag","embeddable":true,"href":"https:\/\/pararepublique.com\/index.php\/wp-json\/wp\/v2\/product_tag?post=14499"}],"curies":[{"name":"wp","href":"https:\/\/api.w.org\/{rel}","templated":true}]}}